{"id":3817,"date":"2020-07-20T10:21:55","date_gmt":"2020-07-20T10:21:55","guid":{"rendered":"https:\/\/www.deskcamera.com\/terms-of-service\/"},"modified":"2025-06-11T12:54:48","modified_gmt":"2025-06-11T12:54:48","slug":"terms-of-service","status":"publish","type":"page","link":"https:\/\/www.deskcamera.com\/de\/terms-of-service\/","title":{"rendered":"Terms of Service"},"content":{"rendered":"<p>[et_pb_section fb_built=&#8220;1&#8243; _builder_version=&#8220;4.4.8&#8243; custom_padding=&#8220;0px||||false|false&#8220;][et_pb_row _builder_version=&#8220;4.4.8&#8243; hover_enabled=&#8220;0&#8243; sticky_enabled=&#8220;0&#8243;][et_pb_column type=&#8220;4_4&#8243; _builder_version=&#8220;4.4.8&#8243;][et_pb_text _builder_version=&#8220;4.9.4&#8243; hover_enabled=&#8220;0&#8243; sticky_enabled=&#8220;0&#8243;]<\/p>\n<h2 style=\"text-align: center;\"><strong>Nutzungsbedingungen<\/strong><\/h2>\n<p><strong><\/strong><\/p>\n<p><strong><\/strong><\/p>\n<p><strong>1. Zustimmung zu den Bedingungen<\/strong><br \/>Der folgende Vertrag beschreibt die Nutzungsbedingungen der Website von DeskCamera (\u201eder Vertrag\u201c). Durch die Nutzung dieser Website erkl\u00e4ren Sie, dass Sie diesen Vertrag vollst\u00e4ndig gelesen und akzeptiert haben und an seine Bedingungen gebunden sind. Diese Nutzungsbedingungen gelten f\u00fcr alle Nutzer der Website.<\/p>\n<p><strong>2. Datenschutzrichtlinie<\/strong><br \/>Als Anbieter eines Online-Dienstes fordern wir von den Nutzern bestimmte Informationen bei der Registrierung auf der Website an. Alle von den Nutzern bereitgestellten Informationen werden gem\u00e4\u00df unserer <a href=\"https:\/\/www.deskcamera.com\/privacy-notice\/\">Datenschutzrichtlinie<\/a> gesammelt, verwendet, gespeichert, weitergegeben und gel\u00f6scht.<\/p>\n<p><strong>3. Lizenz<\/strong><br \/>Nutzern wird das Recht einger\u00e4umt, diese Website ausschlie\u00dflich zu Informationszwecken \u00fcber die DeskCamera-Software sowie zur Aufgabe von Bestellungen und zum Kauf von Lizenzen f\u00fcr die DeskCamera-Software zu verwenden.<\/p>\n<p>Durch das Aufgeben einer Bestellung erkl\u00e4rt sich der Nutzer mit dem Endbenutzer-Lizenzvertrag (EULA) der DeskCamera-Software einverstanden: <a href=\"https:\/\/www.deskcamera.com\/eula\/\">https:\/\/www.deskcamera.com\/eula\/<\/a><\/p>\n<p><strong>4. Aussetzung &amp; Beendigung<\/strong><br \/>Sie stimmen zu, dass DeskCamera nach eigenem Ermessen und ohne Angabe von Gr\u00fcnden oder Strafzahlungen Ihre Nutzung der Website jederzeit aussetzen oder beenden kann.<\/p>\n<p><strong>5. Stornierungs- &amp; R\u00fcckerstattungsrichtlinie<\/strong><br \/>Wenn Sie Probleme bei der Nutzung von DeskCamera haben, m\u00fcssen Sie uns zun\u00e4chst die M\u00f6glichkeit geben, das Problem zu beheben. Wenn das Problem nicht behoben werden kann und nicht auf eine Inkompatibilit\u00e4t mit Produkten Dritter zur\u00fcckzuf\u00fchren ist, erstatten wir Ihnen den vollen Betrag innerhalb von 14 Tagen nach dem urspr\u00fcnglichen Kauf zur\u00fcck. Nach Ablauf von 14 Tagen erfolgt keine R\u00fcckerstattung. Bevor eine R\u00fcckerstattung gew\u00e4hrt wird, m\u00fcssen Sie ein Ticket in unserem Support-System er\u00f6ffnen.<\/p>\n<p><strong>6. Verbotene Nutzungen<\/strong><br \/>Die unautorisierte Vervielf\u00e4ltigung, Verbreitung oder Weitergabe von Inhalten der Website ist strengstens untersagt und stellt eine Urheberrechtsverletzung dar, die rechtliche Konsequenzen nach sich zieht.<\/p>\n<p>Zus\u00e4tzlich zu anderen Verboten ist die Nutzung der Website oder ihrer Inhalte untersagt:<\/p>\n<ol>\n<li>f\u00fcr illegale Zwecke;<\/li>\n<li>zur Aufforderung Dritter, illegale Handlungen vorzunehmen oder daran teilzunehmen;<\/li>\n<li>zur Verletzung geltender Gesetze, Vorschriften oder Verordnungen;<\/li>\n<li>zur Verletzung geistiger Eigentumsrechte von uns oder Dritten;<\/li>\n<li>zur Bel\u00e4stigung, Beleidigung, Sch\u00e4digung, Verleumdung, Herabw\u00fcrdigung, Einsch\u00fcchterung oder Diskriminierung aufgrund von Geschlecht, sexueller Orientierung, Religion, Ethnie, Rasse, Alter, nationaler Herkunft oder Behinderung;<\/li>\n<li>zur \u00dcbermittlung falscher oder irref\u00fchrender Informationen;<\/li>\n<li>zum Hochladen oder \u00dcbertragen von Viren oder anderem sch\u00e4dlichen Code, der die Funktionalit\u00e4t oder den Betrieb des Dienstes, verwandter Websites oder des Internets beeintr\u00e4chtigen k\u00f6nnte;<\/li>\n<li>zur Sammlung oder Verfolgung pers\u00f6nlicher Informationen anderer Personen;<\/li>\n<li>f\u00fcr Spam, Phishing, Pharming, Pretexting, Crawling oder Scraping;<\/li>\n<li>f\u00fcr obsz\u00f6ne oder unmoralische Zwecke;<\/li>\n<li>zur Umgehung oder Beeintr\u00e4chtigung der Sicherheitsfunktionen des Dienstes oder anderer Websites.<\/li>\n<\/ol>\n<p>Wir behalten uns das Recht vor, Ihre Nutzung des Dienstes oder einer damit verbundenen Website bei einem Versto\u00df gegen diese verbotenen Nutzungen zu beenden.<\/p>\n<p><strong>7. Haftungsausschluss &amp; Haftungsbeschr\u00e4nkung<\/strong><br \/>Wir \u00fcbernehmen keine Gew\u00e4hr daf\u00fcr, dass die Nutzung unserer Website ununterbrochen, zeitgerecht, sicher oder fehlerfrei erfolgt.<\/p>\n<p>Wir garantieren nicht, dass die Ergebnisse, die durch die Nutzung der Website erzielt werden k\u00f6nnen, genau oder zuverl\u00e4ssig sind.<\/p>\n<p>Sie stimmen ausdr\u00fccklich zu, dass die Nutzung der Website oder die Unm\u00f6glichkeit der Nutzung auf Ihr eigenes Risiko erfolgt. Die Website sowie alle \u00fcber die Website gelieferten Produkte und Dienstleistungen werden (sofern nicht ausdr\u00fccklich anders angegeben) &#8222;wie besehen&#8220; und &#8222;wie verf\u00fcgbar&#8220; bereitgestellt, ohne ausdr\u00fcckliche oder stillschweigende Garantien, einschlie\u00dflich stillschweigender Garantien der Marktg\u00e4ngigkeit, der Eignung f\u00fcr einen bestimmten Zweck, der Haltbarkeit, des Eigentums und der Nichtverletzung.<\/p>\n<p>In keinem Fall haften DeskCamera, ihre Direktoren, Mitarbeiter, Partner, Vertreter, Auftragnehmer, Dienstleister oder Lizenzgeber f\u00fcr direkte, indirekte, zuf\u00e4llige, strafbare, besondere oder Folgesch\u00e4den jeglicher Art \u2013 einschlie\u00dflich, aber nicht beschr\u00e4nkt auf entgangenen Gewinn, verlorene Einnahmen, verlorene Einsparungen, Datenverlust, Ersatzkosten oder \u00e4hnliche Sch\u00e4den \u2013 unabh\u00e4ngig davon, ob diese auf Vertrag, Delikt (einschlie\u00dflich Fahrl\u00e4ssigkeit), verschuldensunabh\u00e4ngiger Haftung oder einer anderen Grundlage beruhen, selbst wenn sie auf die M\u00f6glichkeit solcher Sch\u00e4den hingewiesen wurden.<\/p>\n<p>Da in einigen Gerichtsbarkeiten der Ausschluss oder die Beschr\u00e4nkung der Haftung f\u00fcr Folgesch\u00e4den oder Nebensch\u00e4den nicht zul\u00e4ssig ist, wird unsere Haftung in diesen Gerichtsbarkeiten auf das gesetzlich zul\u00e4ssige Ma\u00df beschr\u00e4nkt.<\/p>\n<p><strong>8. \u00c4nderungen der Nutzungsbedingungen<\/strong><br \/>Sie k\u00f6nnen die jeweils aktuellste Version der Nutzungsbedingungen jederzeit unter folgendem Link einsehen: <a href=\"https:\/\/www.deskcamera.com\/terms-of-service\/\">https:\/\/www.deskcamera.com\/terms-of-service\/<\/a><\/p>\n<p>Wir behalten uns das Recht vor, nach eigenem Ermessen Teile dieser Nutzungsbedingungen zu aktualisieren, zu \u00e4ndern oder zu ersetzen, indem wir Aktualisierungen auf unserer Website ver\u00f6ffentlichen. Es liegt in Ihrer Verantwortung, die Website regelm\u00e4\u00dfig auf \u00c4nderungen zu \u00fcberpr\u00fcfen. Die fortgesetzte Nutzung oder der Zugriff auf die Website nach der Ver\u00f6ffentlichung von \u00c4nderungen stellt eine Zustimmung zu diesen \u00c4nderungen dar.<\/p>\n<p><strong>9. Gerichtsstand und Streitbeilegung<\/strong><br \/>Dieser Vertrag unterliegt den Gesetzen Estlands und wird entsprechend ausgelegt. Alle Streitigkeiten im Zusammenhang mit diesem Vertrag werden, sofern gesetzlich nichts anderes vorgeschrieben ist, vor estnischen Gerichten entschieden.<\/p>\n<p><strong>10. Kontaktinformationen<\/strong><br \/>Fragen zu den Nutzungsbedingungen sind an folgende Adresse zu richten: <a href=\"mailto:legal@deskcamera.com\">legal@deskcamera.com<\/a><\/p>\n<p>[\/et_pb_text][et_pb_text _builder_version=&#8220;4.4.8&#8243; locked=&#8220;off&#8220;]<\/p>\n<p>F\u00fcr weitere Einzelheiten besuchen Sie bitte\u00a0<a href=\"http:\/\/helpdesk.deskcamera.com\/kb\/faq.php\" target=\"_blank\" rel=\"noopener noreferrer\">http:\/\/helpdesk.deskcamera.com\/kb\/faq.php<\/a><\/p>\n<p>* \u2013 DeskCamera unterst\u00fctzt den gr\u00f6\u00dften Teil der ONVIF-Profil-S-Funktionalit\u00e4t, nur die Konfiguration des Netzwerks und die Einstellung der Benutzer werden nicht unterst\u00fctzt<\/p>\n<p>[\/et_pb_text][\/et_pb_column][\/et_pb_row][\/et_pb_section]<\/p>\n","protected":false},"excerpt":{"rendered":"<p>[et_pb_section fb_built=&#8220;1&#8243; _builder_version=&#8220;4.4.8&#8243; custom_padding=&#8220;0px||||false|false&#8220;][et_pb_row _builder_version=&#8220;4.4.8&#8243; hover_enabled=&#8220;0&#8243; sticky_enabled=&#8220;0&#8243;][et_pb_column type=&#8220;4_4&#8243; _builder_version=&#8220;4.4.8&#8243;][et_pb_text _builder_version=&#8220;4.9.4&#8243; hover_enabled=&#8220;0&#8243; sticky_enabled=&#8220;0&#8243;] Nutzungsbedingungen 1. Zustimmung zu den BedingungenDer folgende Vertrag beschreibt die Nutzungsbedingungen der Website von DeskCamera (\u201eder Vertrag\u201c). Durch die Nutzung dieser Website erkl\u00e4ren Sie, dass Sie diesen Vertrag vollst\u00e4ndig gelesen und akzeptiert haben und an seine Bedingungen gebunden sind. Diese Nutzungsbedingungen gelten f\u00fcr [&hellip;]<\/p>\n","protected":false},"author":2,"featured_media":0,"parent":0,"menu_order":0,"comment_status":"closed","ping_status":"closed","template":"","meta":{"_et_pb_use_builder":"on","_et_pb_old_content":"","_et_gb_content_width":""},"_links":{"self":[{"href":"https:\/\/www.deskcamera.com\/de\/wp-json\/wp\/v2\/pages\/3817"}],"collection":[{"href":"https:\/\/www.deskcamera.com\/de\/wp-json\/wp\/v2\/pages"}],"about":[{"href":"https:\/\/www.deskcamera.com\/de\/wp-json\/wp\/v2\/types\/page"}],"author":[{"embeddable":true,"href":"https:\/\/www.deskcamera.com\/de\/wp-json\/wp\/v2\/users\/2"}],"replies":[{"embeddable":true,"href":"https:\/\/www.deskcamera.com\/de\/wp-json\/wp\/v2\/comments?post=3817"}],"version-history":[{"count":0,"href":"https:\/\/www.deskcamera.com\/de\/wp-json\/wp\/v2\/pages\/3817\/revisions"}],"wp:attachment":[{"href":"https:\/\/www.deskcamera.com\/de\/wp-json\/wp\/v2\/media?parent=3817"}],"curies":[{"name":"wp","href":"https:\/\/api.w.org\/{rel}","templated":true}]}}