{"id":15321,"date":"2025-06-10T18:25:38","date_gmt":"2025-06-10T18:25:38","guid":{"rendered":"https:\/\/www.deskcamera.com\/compliance-statement\/"},"modified":"2025-06-10T18:35:32","modified_gmt":"2025-06-10T18:35:32","slug":"compliance-statement","status":"publish","type":"page","link":"https:\/\/www.deskcamera.com\/es\/compliance-statement\/","title":{"rendered":"Compliance Statement"},"content":{"rendered":"<p>[et_pb_section fb_built=\u00bb1&#8243; _builder_version=\u00bb4.7.7&#8243; _module_preset=\u00bbdefault\u00bb][et_pb_row _builder_version=\u00bb4.7.7&#8243; _module_preset=\u00bbdefault\u00bb][et_pb_column type=\u00bb4_4&#8243; _builder_version=\u00bb4.7.7&#8243; _module_preset=\u00bbdefault\u00bb][et_pb_text _builder_version=\u00bb4.9.4&#8243; _module_preset=\u00bbdefault\u00bb hover_enabled=\u00bb0&#8243; sticky_enabled=\u00bb0&#8243;]<\/p>\n<h2 style=\"text-align: center;\"><strong>Cumplimiento de Normas y Requisitos<\/strong><\/h2>\n<p><strong><\/strong><\/p>\n<p><strong>DeskCamera Baltic O\u00dc<\/strong><br \/><strong>Mayo de 2025<\/strong><\/p>\n<p>En <strong>DeskCamera Baltic O\u00dc<\/strong>, adoptamos los m\u00e1s altos est\u00e1ndares de cumplimiento, privacidad y seguridad de la informaci\u00f3n. Como desarrolladores de soluciones profesionales de software para sistemas de videovigilancia, reconocemos la importancia de cumplir con las normativas internacionales y locales vigentes, los est\u00e1ndares t\u00e9cnicos y los principios \u00e9ticos.<\/p>\n<p>Nuestra pol\u00edtica de cumplimiento incluye:<\/p>\n<ul>\n<li><strong>Reglamento General de Protecci\u00f3n de Datos (GDPR):<\/strong><br \/>El software de DeskCamera y todas las operaciones internas est\u00e1n dise\u00f1ados conforme a los principios de minimizaci\u00f3n de datos, consentimiento del usuario y protecci\u00f3n de datos desde el dise\u00f1o y por defecto. No se recopilan ni almacenan datos personales salvo que el usuario final lo configure expl\u00edcitamente.<\/li>\n<li><strong>Ley de Autorizaci\u00f3n de Defensa Nacional de EE. UU. (NDAA), Secci\u00f3n 889:<\/strong><br \/>DeskCamera no contiene ni integra ning\u00fan componente de hardware o software de fabricantes prohibidos por la Secci\u00f3n 889 del NDAA. Al ser una soluci\u00f3n exclusivamente de software desarrollada en la Uni\u00f3n Europea, nuestro producto est\u00e1 completamente libre de componentes asociados a fabricantes chinos restringidos.<\/li>\n<li><strong>Conformidad con ONVIF:<\/strong><br \/>DeskCamera es un producto compatible con ONVIF y miembro oficial de la organizaci\u00f3n ONVIF. Nuestro software emula una transmisi\u00f3n IP virtual que cumple totalmente con las especificaciones del Perfil S de ONVIF, garantizando compatibilidad con una amplia gama de plataformas VMS y dispositivos de v\u00eddeo en red.<\/li>\n<li><strong>Alineaci\u00f3n con ISO\/IEC 27001 y 27701:<\/strong><br \/>Nuestros procesos internos de desarrollo y operaci\u00f3n est\u00e1n alineados con los principios establecidos en ISO\/IEC 27001 (Seguridad de la Informaci\u00f3n) e ISO\/IEC 27701 (Gesti\u00f3n de Informaci\u00f3n de Privacidad). La certificaci\u00f3n formal est\u00e1 en proceso de evaluaci\u00f3n.<\/li>\n<li><strong>Cumplimiento de regulaciones locales y de la UE:<\/strong><br \/>Como empresa registrada en Estonia, DeskCamera Baltic O\u00dc opera conforme a las directivas de la Uni\u00f3n Europea y a la legislaci\u00f3n estonia en materia de comunicaciones electr\u00f3nicas, protecci\u00f3n al consumidor y ciberseguridad.<\/li>\n<li><strong>CE, FCC, RoHS:<\/strong><br \/>DeskCamera es un producto exclusivamente de software y no incluye componentes f\u00edsicos, por lo tanto, no est\u00e1 sujeto directamente a los requisitos de marcado CE, FCC o RoHS. No obstante, garantizamos que cuando nuestro software se utiliza junto con hardware compatible (como tarjetas de captura o estaciones de trabajo), no interfiere con los est\u00e1ndares electromagn\u00e9ticos ni de seguridad.<\/li>\n<\/ul>\n<p><strong>Alianzas tecnol\u00f3gicas y alineaci\u00f3n con est\u00e1ndares del sector<\/strong><\/p>\n<p>DeskCamera mantiene alianzas activas con los principales desarrolladores globales de VMS (Sistemas de Gesti\u00f3n de V\u00eddeo) y proveedores de tecnolog\u00eda de seguridad. Estas colaboraciones garantizan una amplia compatibilidad, soporte para diversos escenarios de integraci\u00f3n y una alineaci\u00f3n continua con las expectativas del mercado.<\/p>\n<p><strong>DeskCamera es socio tecnol\u00f3gico de las siguientes empresas:<\/strong><\/p>\n<ul>\n<li>Pelco<\/li>\n<li>Mirasys<\/li>\n<li>Network Optix<\/li>\n<li>Digital Barriers<\/li>\n<li>IPConfigure<\/li>\n<li>Digital Watchdog<\/li>\n<li>Milestone Systems<\/li>\n<\/ul>\n<p>Adem\u00e1s, DeskCamera es un miembro activo de ONVIF y respalda los est\u00e1ndares abiertos para soluciones de seguridad basadas en IP.<\/p>\n<p>Esta declaraci\u00f3n refleja nuestro enfoque actual hacia el cumplimiento y nuestro compromiso con la transparencia y la mejora continua. Estamos trabajando activamente en la obtenci\u00f3n de certificaciones oficiales donde corresponda, y estamos abiertos a consultas por parte de socios, integradores y organismos reguladores.<\/p>\n<p><strong>Para cualquier consulta relacionada con cumplimiento o certificaci\u00f3n, cont\u00e1ctenos en:<\/strong><br \/><a href=\"mailto:legal@deskcamera.com\">legal@deskcamera.com<\/a><\/p>\n<p>[\/et_pb_text][\/et_pb_column][\/et_pb_row][\/et_pb_section]<\/p>\n","protected":false},"excerpt":{"rendered":"<p>[et_pb_section fb_built=\u00bb1&#8243; _builder_version=\u00bb4.7.7&#8243; _module_preset=\u00bbdefault\u00bb][et_pb_row _builder_version=\u00bb4.7.7&#8243; _module_preset=\u00bbdefault\u00bb][et_pb_column type=\u00bb4_4&#8243; _builder_version=\u00bb4.7.7&#8243; _module_preset=\u00bbdefault\u00bb][et_pb_text _builder_version=\u00bb4.9.4&#8243; _module_preset=\u00bbdefault\u00bb hover_enabled=\u00bb0&#8243; sticky_enabled=\u00bb0&#8243;] Cumplimiento de Normas y Requisitos DeskCamera Baltic O\u00dcMayo de 2025 En DeskCamera Baltic O\u00dc, adoptamos los m\u00e1s altos est\u00e1ndares de cumplimiento, privacidad y seguridad de la informaci\u00f3n. Como desarrolladores de soluciones profesionales de software para sistemas de videovigilancia, reconocemos la importancia de [&hellip;]<\/p>\n","protected":false},"author":2240,"featured_media":0,"parent":0,"menu_order":0,"comment_status":"closed","ping_status":"closed","template":"","meta":{"_et_pb_use_builder":"on","_et_pb_old_content":"","_et_gb_content_width":""},"_links":{"self":[{"href":"https:\/\/www.deskcamera.com\/es\/wp-json\/wp\/v2\/pages\/15321"}],"collection":[{"href":"https:\/\/www.deskcamera.com\/es\/wp-json\/wp\/v2\/pages"}],"about":[{"href":"https:\/\/www.deskcamera.com\/es\/wp-json\/wp\/v2\/types\/page"}],"author":[{"embeddable":true,"href":"https:\/\/www.deskcamera.com\/es\/wp-json\/wp\/v2\/users\/2240"}],"replies":[{"embeddable":true,"href":"https:\/\/www.deskcamera.com\/es\/wp-json\/wp\/v2\/comments?post=15321"}],"version-history":[{"count":0,"href":"https:\/\/www.deskcamera.com\/es\/wp-json\/wp\/v2\/pages\/15321\/revisions"}],"wp:attachment":[{"href":"https:\/\/www.deskcamera.com\/es\/wp-json\/wp\/v2\/media?parent=15321"}],"curies":[{"name":"wp","href":"https:\/\/api.w.org\/{rel}","templated":true}]}}