{"id":2559,"date":"2020-07-31T06:43:26","date_gmt":"2020-07-31T06:43:26","guid":{"rendered":"https:\/\/www.deskcamera.com\/?page_id=2559"},"modified":"2021-02-18T10:38:50","modified_gmt":"2021-02-18T10:38:50","slug":"features","status":"publish","type":"page","link":"https:\/\/www.deskcamera.com\/es\/features\/","title":{"rendered":"Features"},"content":{"rendered":"<p>[et_pb_section fb_built=\u00bb1&#8243; _builder_version=\u00bb4.4.8&#8243; custom_padding=\u00bb0px||0px||true|false\u00bb][et_pb_row _builder_version=\u00bb4.4.8&#8243;][et_pb_column type=\u00bb4_4&#8243; _builder_version=\u00bb4.4.8&#8243;][et_pb_text _builder_version=\u00bb4.4.8&#8243; header_2_font=\u00bbOpen Sans||||||||\u00bb header_2_text_align=\u00bbcenter\u00bb header_2_text_color=\u00bb#404040&#8243; header_2_font_size=\u00bb36px\u00bb]<\/p>\n<h2>Caracter\u00edsticas<\/h2>\n<p>[\/et_pb_text][\/et_pb_column][\/et_pb_row][\/et_pb_section][et_pb_section fb_built=\u00bb1&#8243; _builder_version=\u00bb4.4.8&#8243; use_background_color_gradient=\u00bbon\u00bb background_color_gradient_start=\u00bb#f2f2f2&#8243; background_color_gradient_end=\u00bb#008DBF\u00bb background_color_gradient_direction=\u00bb90deg\u00bb background_color_gradient_start_position=\u00bb40%\u00bb background_color_gradient_end_position=\u00bb40%\u00bb background_image=\u00bbhttps:\/\/www.deskcamera.com\/wp-content\/uploads\/2020\/06\/features-rectangles.svg\u00bb background_size=\u00bbcontain\u00bb background_position=\u00bbcenter_right\u00bb background_color_tablet=\u00bb#f2f2f2&#8243; background_color_phone=\u00bb#f2f2f2&#8243; background_last_edited=\u00bbon|phone\u00bb background_enable_color_tablet=\u00bbon\u00bb background_enable_color_phone=\u00bbon\u00bb use_background_color_gradient_tablet=\u00bboff\u00bb use_background_color_gradient_phone=\u00bboff\u00bb background_enable_image_phone=\u00bboff\u00bb][et_pb_row column_structure=\u00bb2_5,3_5&#8243; module_id=\u00bbfeatures-top-section\u00bb _builder_version=\u00bb4.4.8&#8243; vertical_offset=\u00bb0px\u00bb horizontal_offset=\u00bb0px\u00bb custom_padding=\u00bb30px|||||\u00bb custom_css_main_element_last_edited=\u00bbon|tablet\u00bb custom_css_main_element_tablet=\u00bbdisplay: flex;||flex-direction: column;\u00bb custom_css_main_element_phone=\u00bbdisplay: flex;||flex-direction: column;\u00bb][et_pb_column type=\u00bb2_5&#8243; _builder_version=\u00bb4.4.8&#8243; custom_padding=\u00bb0px|60px|||false|false\u00bb custom_padding_tablet=\u00bb50px|60px|||false|false\u00bb custom_padding_phone=\u00bb50px||||false|false\u00bb custom_padding_last_edited=\u00bbon|desktop\u00bb custom_css_main_element=\u00bborder: 2;\u00bb][et_pb_text _builder_version=\u00bb4.4.8&#8243;]<\/p>\n<p><span>DeskCamera es una c\u00e1mara ONIF IP que transmite la pantalla de un PC y webcam a sistemas de vigilancia haciendo uso de ONVIF y el protocolo RTSP.<\/span>\u00a0Una estaci\u00f3n de trabajo en la que se instala DeskCamera act\u00faa como una c\u00e1mara IP y puede transmitir la pantalla de cualquier PC y webcam a cualquier sistema VMS\/NVR.<\/p>\n<p><span style=\"font-size: 16px;\">DeskCamera es una soluci\u00f3n software que busca reemplazar soluciones hardware extremadamente caras para monitorizar la actividad de los PC. No hace falta codificador hardware o c\u00e1maras IP f\u00edsicas. DeskCamera puede transmitir la pantalla del PC y la webcam como si fuera una c\u00e1mara ONVIF.<\/span><\/p>\n<p><span style=\"font-size: 16px;\">Usar el est\u00e1ndar ONVIF significa que DeskCamera es compatible como muchos sistemas de gesti\u00f3n de v\u00eddeo (VMS) o grabadores de v\u00eddeo por red (NVR). Puede usarse en configuraciones CCTV existentes y junto a otras c\u00e1maras IP.<\/span><\/p>\n<p><span style=\"font-size: 16px;\">El software puede funcionar en cajeros, bancos, supermercados, centros de certificaci\u00f3n, terminales SCADA y cualquier industria que use un PC con Windows como punto de servicio o informaci\u00f3n.<\/span><\/p>\n<p>&nbsp;<\/p>\n<p>[\/et_pb_text][\/et_pb_column][et_pb_column type=\u00bb3_5&#8243; module_id=\u00bbfeatures-video-wrapper\u00bb _builder_version=\u00bb4.4.8&#8243; custom_padding=\u00bb||||false|false\u00bb custom_padding_tablet=\u00bb\u00bb custom_padding_phone=\u00bb\u00bb custom_padding_last_edited=\u00bbon|desktop\u00bb][et_pb_video src=\u00bbhttps:\/\/youtu.be\/4jPf2TDTi18&#8243; module_id=\u00bbfeatures-page-video\u00bb _builder_version=\u00bb4.4.8&#8243; width=\u00bb100%\u00bb][\/et_pb_video][\/et_pb_column][\/et_pb_row][\/et_pb_section][et_pb_section fb_built=\u00bb1&#8243; _builder_version=\u00bb4.4.8&#8243;][et_pb_row _builder_version=\u00bb4.4.8&#8243;][et_pb_column type=\u00bb4_4&#8243; _builder_version=\u00bb4.4.8&#8243;][et_pb_image src=\u00bbhttps:\/\/www.deskcamera.com\/wp-content\/uploads\/2020\/06\/Features_scheme.png\u00bb title_text=\u00bbfeatures_scheme_small\u00bb align=\u00bbcenter\u00bb src_tablet=\u00bbhttps:\/\/www.deskcamera.com\/wp-content\/uploads\/2020\/07\/features_scheme_small.png\u00bb src_phone=\u00bbhttps:\/\/www.deskcamera.com\/wp-content\/uploads\/2020\/07\/features_scheme_small.png\u00bb src_last_edited=\u00bbon|desktop\u00bb _builder_version=\u00bb4.4.8&#8243;][\/et_pb_image][\/et_pb_column][\/et_pb_row][\/et_pb_section][et_pb_section fb_built=\u00bb1&#8243; _builder_version=\u00bb4.4.8&#8243; background_image=\u00bbhttps:\/\/www.deskcamera.com\/wp-content\/uploads\/2020\/06\/features.png\u00bb][et_pb_row _builder_version=\u00bb4.4.8&#8243;][et_pb_column type=\u00bb4_4&#8243; _builder_version=\u00bb4.4.8&#8243;][et_pb_text module_id=\u00bbkey-features\u00bb _builder_version=\u00bb4.4.8&#8243; text_text_color=\u00bb#ffffff\u00bb header_2_font=\u00bb|300|||||||\u00bb header_2_text_color=\u00bb#ffffff\u00bb header_2_font_size=\u00bb36px\u00bb]<\/p>\n<h2>Caracter\u00edsticas clave<\/h2>\n<ul>\n<li>Soluci\u00f3n software. Act\u00faa como una c\u00e1mara ONVIF IP virtual y se ejecuta en segundo plano<\/li>\n<li>Incluye vigilancia de estaciones de trabajo en redes CCTV con solo unos clics<\/li>\n<li>Transmite una o varias pantallas y webcams de PC a sistemas VMS\/NVR<\/li>\n<li>Permite convertir flujos externos HTTP y RTSP en ONVIF<\/li>\n<li>Crea un flujo dedicado RTSP para cada medio, incluyendo zonas definidas para visualizar varias pantallas<\/li>\n<li>Transmite eventos en movimiento, audio, resoluci\u00f3n 4K y hasta 60 PFS<\/li>\n<li>Alto rendimiento, codificaci\u00f3n acelerada por GPU, consume pocos recursos<\/li>\n<li>Socio tecnol\u00f3gico de los principales fabricantes de VMS<\/li>\n<\/ul>\n<p>[\/et_pb_text][et_pb_button button_url=\u00bb\/download\u00bb button_text=\u00bbDescargar\u00bb button_alignment=\u00bbleft\u00bb module_class=\u00bbbtn-default\u00bb _builder_version=\u00bb4.4.8&#8243; custom_button=\u00bbon\u00bb button_text_color=\u00bb#000000&#8243; button_bg_color=\u00bb#ffffff\u00bb button_border_color=\u00bb#ffffff\u00bb button_font=\u00bbOpen Sans||||||||\u00bb button_use_icon=\u00bboff\u00bb background_layout=\u00bbdark\u00bb custom_padding=\u00bb|60px||60px|false|true\u00bb locked=\u00bboff\u00bb][\/et_pb_button][\/et_pb_column][\/et_pb_row][\/et_pb_section][et_pb_section fb_built=\u00bb1&#8243; _builder_version=\u00bb4.4.8&#8243;][et_pb_row _builder_version=\u00bb4.4.8&#8243;][et_pb_column type=\u00bb4_4&#8243; _builder_version=\u00bb4.4.8&#8243;][et_pb_text _builder_version=\u00bb4.4.8&#8243;]\n<table id=\"tablepress-2\" class=\"tablepress tablepress-id-2\">\n<tbody>\n<tr class=\"row-1 odd\">\n\t<td class=\"column-1\">Camera features<\/td><td class=\"column-2\"><\/td>\n<\/tr>\n<tr class=\"row-2 even\">\n\t<td class=\"column-1\">Camera protocol<\/td><td class=\"column-2\">ONVIF , Profile S ready *<\/td>\n<\/tr>\n<tr class=\"row-3 odd\">\n\t<td class=\"column-1\">Streaming protocol<\/td><td class=\"column-2\">RTSP\/RTP<\/td>\n<\/tr>\n<tr class=\"row-4 even\">\n\t<td class=\"column-1\">Auto discovery over the network<\/td><td class=\"column-2\"><img src=\"https:\/\/www.deskcamera.com\/wp-content\/uploads\/2019\/05\/checkmark20.png\" alt=\"\" width=\"20\" height=\"20\" class=\"alignnone size-full wp-image-285\" \/><\/td>\n<\/tr>\n<tr class=\"row-5 odd\">\n\t<td class=\"column-1\"><a href=\"http:\/\/helpdesk.deskcamera.com\/kb\/faq.php?id=8\" rel=\"noopener noreferrer\" target=\"_blank\">Multiple channels mode<\/a><\/td><td class=\"column-2\"><img src=\"https:\/\/www.deskcamera.com\/wp-content\/uploads\/2019\/05\/checkmark20.png\" alt=\"\" width=\"20\" height=\"20\" class=\"alignnone size-full wp-image-285\" \/><\/td>\n<\/tr>\n<tr class=\"row-6 even\">\n\t<td class=\"column-1\"><a href=\"http:\/\/helpdesk.deskcamera.com\/kb\/faq.php?id=8\" rel=\"noopener noreferrer\" target=\"_blank\">Multiple cameras mode<\/a><\/td><td class=\"column-2\"><img src=\"https:\/\/www.deskcamera.com\/wp-content\/uploads\/2019\/05\/checkmark20.png\" alt=\"\" width=\"20\" height=\"20\" class=\"alignnone size-full wp-image-285\" \/><\/td>\n<\/tr>\n<tr class=\"row-7 odd\">\n\t<td class=\"column-1\">Manage streaming parameters in NVR\/VMS<\/td><td class=\"column-2\"><img src=\"https:\/\/www.deskcamera.com\/wp-content\/uploads\/2019\/05\/checkmark20.png\" alt=\"\" width=\"20\" height=\"20\" class=\"alignnone size-full wp-image-285\" \/><\/td>\n<\/tr>\n<tr class=\"row-8 even\">\n\t<td class=\"column-1\">ONVIF motion events<\/td><td class=\"column-2\">by mouse or keyboard activity or API call<\/td>\n<\/tr>\n<tr class=\"row-9 odd\">\n\t<td class=\"column-1\">Streams<\/td><td class=\"column-2\">MainStream, SubStream, SubStreamJpeg, VMS\/NVR defined<\/td>\n<\/tr>\n<tr class=\"row-10 even\">\n\t<td class=\"column-1\">RTSP authentication<\/td><td class=\"column-2\">Digest and Basic<\/td>\n<\/tr>\n<tr class=\"row-11 odd\">\n\t<td class=\"column-1\">ONVIF authentication<\/td><td class=\"column-2\">WS-UsernameToken<\/td>\n<\/tr>\n<tr class=\"row-12 even\">\n\t<td class=\"column-1\">Media<\/td><td class=\"column-2\"><\/td>\n<\/tr>\n<tr class=\"row-13 odd\">\n\t<td class=\"column-1\">Stream PC desktops (1, 2 or more desktops)<\/td><td class=\"column-2\"><img src=\"https:\/\/www.deskcamera.com\/wp-content\/uploads\/2019\/05\/checkmark20.png\" alt=\"\" width=\"20\" height=\"20\" class=\"alignnone size-full wp-image-285\" \/><\/td>\n<\/tr>\n<tr class=\"row-14 even\">\n\t<td class=\"column-1\">Stream webcams (1, 2 or more webcams)<\/td><td class=\"column-2\"><img src=\"https:\/\/www.deskcamera.com\/wp-content\/uploads\/2019\/05\/checkmark20.png\" alt=\"\" width=\"20\" height=\"20\" class=\"alignnone size-full wp-image-285\" \/><\/td>\n<\/tr>\n<tr class=\"row-15 odd\">\n\t<td class=\"column-1\"><a href=\"http:\/\/helpdesk.deskcamera.com\/kb\/faq.php?id=20\" rel=\"noopener noreferrer\" target=\"_blank\">Stream user-defined Screen areas<\/a><\/td><td class=\"column-2\"><img src=\"https:\/\/www.deskcamera.com\/wp-content\/uploads\/2019\/05\/checkmark20.png\" alt=\"\" width=\"20\" height=\"20\" class=\"alignnone size-full wp-image-285\" \/><\/td>\n<\/tr>\n<tr class=\"row-16 even\">\n\t<td class=\"column-1\"><a href=\"http:\/\/helpdesk.deskcamera.com\/kb\/faq.php?id=30\" rel=\"noopener noreferrer\" target=\"_blank\">Combine video sources to Picture in Picture or Wall medias<\/a><\/td><td class=\"column-2\"><img src=\"https:\/\/www.deskcamera.com\/wp-content\/uploads\/2019\/05\/checkmark20.png\" alt=\"\" width=\"20\" height=\"20\" class=\"alignnone size-full wp-image-285\" \/><\/td>\n<\/tr>\n<tr class=\"row-17 odd\">\n\t<td class=\"column-1\"><a href=\"http:\/\/helpdesk.deskcamera.com\/kb\/faq.php?id=9\" rel=\"noopener noreferrer\" target=\"_blank\">Stream audio (Microphone or System Sounds) along with video<\/a><\/td><td class=\"column-2\"><img src=\"https:\/\/www.deskcamera.com\/wp-content\/uploads\/2019\/05\/checkmark20.png\" alt=\"\" width=\"20\" height=\"20\" class=\"alignnone size-full wp-image-285\" \/><\/td>\n<\/tr>\n<tr class=\"row-18 even\">\n\t<td class=\"column-1\"><a href=\"http:\/\/helpdesk.deskcamera.com\/kb\/faq.php?id=36\" rel=\"noopener noreferrer\" target=\"_blank\">Audio-only (no video) streams<\/a><\/td><td class=\"column-2\"><img src=\"https:\/\/www.deskcamera.com\/wp-content\/uploads\/2019\/05\/checkmark20.png\" alt=\"\" width=\"20\" height=\"20\" class=\"alignnone size-full wp-image-285\" \/><\/td>\n<\/tr>\n<tr class=\"row-19 odd\">\n\t<td class=\"column-1\"><a href=\"http:\/\/helpdesk.deskcamera.com\/kb\/faq.php?id=33\" rel=\"noopener noreferrer\" target=\"_blank\">Convert 3th party HTTP H264\/MJPEG stream to ONVIF<\/a><\/td><td class=\"column-2\"><img src=\"https:\/\/www.deskcamera.com\/wp-content\/uploads\/2019\/05\/checkmark20.png\" alt=\"\" width=\"20\" height=\"20\" class=\"alignnone size-full wp-image-285\" \/><\/td>\n<\/tr>\n<tr class=\"row-20 even\">\n\t<td class=\"column-1\"><a href=\"http:\/\/helpdesk.deskcamera.com\/kb\/faq.php?id=32\" rel=\"noopener noreferrer\" target=\"_blank\">Convert 3th party RTSP H264\/MJPEG stream to ONVIF<\/a><\/td><td class=\"column-2\"><img src=\"https:\/\/www.deskcamera.com\/wp-content\/uploads\/2019\/05\/checkmark20.png\" alt=\"\" width=\"20\" height=\"20\" class=\"alignnone size-full wp-image-285\" \/><\/td>\n<\/tr>\n<tr class=\"row-21 odd\">\n\t<td class=\"column-1\">Maximum number of medias (desktops + webcams + external streams)<\/td><td class=\"column-2\">20<\/td>\n<\/tr>\n<tr class=\"row-22 even\">\n\t<td class=\"column-1\">Encoder capabilities<\/td><td class=\"column-2\"><\/td>\n<\/tr>\n<tr class=\"row-23 odd\">\n\t<td class=\"column-1\">Resolution<\/td><td class=\"column-2\">Default: 640*480 - 1920*1080 . Higher resolutions are automatically scaled down to FullHD<br \/>\n<a href=\"http:\/\/helpdesk.deskcamera.com\/kb\/faq.php?id=43\" rel=\"noopener noreferrer\" target=\"_blank\">After config file change:<\/a> 640*480 - <strong>4096*2160 (4K)<\/strong><br \/>\n<\/td>\n<\/tr>\n<tr class=\"row-24 even\">\n\t<td class=\"column-1\">FPS<\/td><td class=\"column-2\">3 - 60 fps<\/td>\n<\/tr>\n<tr class=\"row-25 odd\">\n\t<td class=\"column-1\">Bitrate limit<\/td><td class=\"column-2\">512 - 10240 Kbps<\/td>\n<\/tr>\n<tr class=\"row-26 even\">\n\t<td class=\"column-1\">Rotation<\/td><td class=\"column-2\">Auto, None, R90, L90, FlipH, FlipV<\/td>\n<\/tr>\n<tr class=\"row-27 odd\">\n\t<td class=\"column-1\">Encoding<\/td><td class=\"column-2\">H264, Hardware accelerated H264, <a href=\"http:\/\/helpdesk.deskcamera.com\/kb\/faq.php?id=42\" rel=\"noopener noreferrer\" target=\"_blank\">Hardware accelerated H265<\/a>, MJPEG<\/td>\n<\/tr>\n<tr class=\"row-28 even\">\n\t<td class=\"column-1\">Audio<\/td><td class=\"column-2\">G711 u-law and AAC<\/td>\n<\/tr>\n<tr class=\"row-29 odd\">\n\t<td class=\"column-1\">Video overlay<\/td><td class=\"column-2\"><\/td>\n<\/tr>\n<tr class=\"row-30 even\">\n\t<td class=\"column-1\">Cursor overlay<\/td><td class=\"column-2\"><img src=\"https:\/\/www.deskcamera.com\/wp-content\/uploads\/2019\/05\/checkmark20.png\" alt=\"\" width=\"20\" height=\"20\" class=\"alignnone size-full wp-image-285\" \/><\/td>\n<\/tr>\n<tr class=\"row-31 odd\">\n\t<td class=\"column-1\">Timestamp overlay<\/td><td class=\"column-2\"><img src=\"https:\/\/www.deskcamera.com\/wp-content\/uploads\/2019\/05\/checkmark20.png\" alt=\"\" width=\"20\" height=\"20\" class=\"alignnone size-full wp-image-285\" \/><\/td>\n<\/tr>\n<tr class=\"row-32 even\">\n\t<td class=\"column-1\">Custom text overlay<\/td><td class=\"column-2\"><img src=\"https:\/\/www.deskcamera.com\/wp-content\/uploads\/2019\/05\/checkmark20.png\" alt=\"\" width=\"20\" height=\"20\" class=\"alignnone size-full wp-image-285\" \/><\/td>\n<\/tr>\n<tr class=\"row-33 odd\">\n\t<td class=\"column-1\">Hardware accelerated encoding<\/td><td class=\"column-2\"><\/td>\n<\/tr>\n<tr class=\"row-34 even\">\n\t<td class=\"column-1\">OS<\/td><td class=\"column-2\">Windows 8 or newer<\/td>\n<\/tr>\n<tr class=\"row-35 odd\">\n\t<td class=\"column-1\"><img src=\"https:\/\/www.deskcamera.com\/wp-content\/uploads\/2019\/05\/intel48.png\" alt=\"DeskCamera supports Intel QSV\" width=\"36\" height=\"24\" class=\"alignnone size-full wp-image-297\" \/>    Intel<\/td><td class=\"column-2\"><a href=\"https:\/\/en.wikipedia.org\/wiki\/Intel_Quick_Sync_Video\" rel=\"noopener noreferrer\" target=\"_blank\">CPU with Intel QSV (I3, I5, I7)<\/a><\/td>\n<\/tr>\n<tr class=\"row-36 even\">\n\t<td class=\"column-1\"><img src=\"https:\/\/www.deskcamera.com\/wp-content\/uploads\/2019\/05\/nvidia48.png\" alt=\"DeskCamera supports Nvidia NVENC\" width=\"31\" height=\"24\" class=\"alignnone size-full wp-image-308\" \/>   Nvidia<\/td><td class=\"column-2\"><a href=\"https:\/\/en.wikipedia.org\/wiki\/Nvidia_NVENC\" rel=\"noopener noreferrer\" target=\"_blank\">GPU with NVENC<\/a><\/td>\n<\/tr>\n<tr class=\"row-37 odd\">\n\t<td class=\"column-1\"><img src=\"https:\/\/www.deskcamera.com\/wp-content\/uploads\/2019\/05\/amd48.png\" alt=\"DeskCamera supports AMD VCE\" width=\"29\" height=\"24\" class=\"alignnone size-full wp-image-310\" \/>    AMD<\/td><td class=\"column-2\"><a href=\"https:\/\/en.wikipedia.org\/wiki\/Video_Coding_Engine\" rel=\"noopener noreferrer\" target=\"_blank\">GPU with VCE<\/a><\/td>\n<\/tr>\n<tr class=\"row-38 even\">\n\t<td class=\"column-1\">Application features<\/td><td class=\"column-2\"><\/td>\n<\/tr>\n<tr class=\"row-39 odd\">\n\t<td class=\"column-1\"><a href=\"http:\/\/helpdesk.deskcamera.com\/kb\/faq.php?id=18\" rel=\"noopener noreferrer\" target=\"_blank\">Offline installation<\/a><\/td><td class=\"column-2\"><img src=\"https:\/\/www.deskcamera.com\/wp-content\/uploads\/2019\/05\/checkmark20.png\" alt=\"\" width=\"20\" height=\"20\" class=\"alignnone size-full wp-image-285\" \/><\/td>\n<\/tr>\n<tr class=\"row-40 even\">\n\t<td class=\"column-1\"><a href=\"http:\/\/helpdesk.deskcamera.com\/kb\/faq.php?id=44\" rel=\"noopener noreferrer\" target=\"_blank\">Remote deployment<\/a><\/td><td class=\"column-2\"><img src=\"https:\/\/www.deskcamera.com\/wp-content\/uploads\/2019\/05\/checkmark20.png\" alt=\"\" width=\"20\" height=\"20\" class=\"alignnone size-full wp-image-285\" \/><\/td>\n<\/tr>\n<tr class=\"row-41 odd\">\n\t<td class=\"column-1\">Autostart with Windows<\/td><td class=\"column-2\"><img src=\"https:\/\/www.deskcamera.com\/wp-content\/uploads\/2019\/05\/checkmark20.png\" alt=\"\" width=\"20\" height=\"20\" class=\"alignnone size-full wp-image-285\" \/><\/td>\n<\/tr>\n<tr class=\"row-42 even\">\n\t<td class=\"column-1\">Hidden mode<\/td><td class=\"column-2\"><img src=\"https:\/\/www.deskcamera.com\/wp-content\/uploads\/2019\/05\/checkmark20.png\" alt=\"\" width=\"20\" height=\"20\" class=\"alignnone size-full wp-image-285\" \/><\/td>\n<\/tr>\n<tr class=\"row-43 odd\">\n\t<td class=\"column-1\">Protect by password<\/td><td class=\"column-2\"><img src=\"https:\/\/www.deskcamera.com\/wp-content\/uploads\/2019\/05\/checkmark20.png\" alt=\"\" width=\"20\" height=\"20\" class=\"alignnone size-full wp-image-285\" \/><\/td>\n<\/tr>\n<tr class=\"row-44 even\">\n\t<td class=\"column-1\">Prevent Windows entering idle state<\/td><td class=\"column-2\"><img src=\"https:\/\/www.deskcamera.com\/wp-content\/uploads\/2019\/05\/checkmark20.png\" alt=\"\" width=\"20\" height=\"20\" class=\"alignnone size-full wp-image-285\" \/><\/td>\n<\/tr>\n<tr class=\"row-45 odd\">\n\t<td class=\"column-1\">Run in background<\/td><td class=\"column-2\"><img src=\"https:\/\/www.deskcamera.com\/wp-content\/uploads\/2019\/05\/checkmark20.png\" alt=\"\" width=\"20\" height=\"20\" class=\"alignnone size-full wp-image-285\" \/><\/td>\n<\/tr>\n<tr class=\"row-46 even\">\n\t<td class=\"column-1\"><a href=\"http:\/\/helpdesk.deskcamera.com\/kb\/faq.php?id=28\" rel=\"noopener noreferrer\" target=\"_blank\">Maintain streaming from a Terminal PC when RDP session get disconnected<\/a><\/td><td class=\"column-2\"><img src=\"https:\/\/www.deskcamera.com\/wp-content\/uploads\/2019\/05\/checkmark20.png\" alt=\"\" width=\"20\" height=\"20\" class=\"alignnone size-full wp-image-285\" \/><\/td>\n<\/tr>\n<tr class=\"row-47 odd\">\n\t<td class=\"column-1\"><a href=\"http:\/\/helpdesk.deskcamera.com\/kb\/faq.php?id=31\" rel=\"noopener noreferrer\" target=\"_blank\">Manage  streaming parameters in the application<\/a><\/td><td class=\"column-2\"><img src=\"https:\/\/www.deskcamera.com\/wp-content\/uploads\/2019\/05\/checkmark20.png\" alt=\"\" width=\"20\" height=\"20\" class=\"alignnone size-full wp-image-285\" \/><\/td>\n<\/tr>\n<tr class=\"row-48 even\">\n\t<td class=\"column-1\">Convert external streams to ONVIF<\/td><td class=\"column-2\"><a href=\"http:\/\/helpdesk.deskcamera.com\/kb\/faq.php?id=33\" rel=\"noopener noreferrer\" target=\"_blank\">HTTP<\/a> and <a href=\"http:\/\/helpdesk.deskcamera.com\/kb\/faq.php?id=32\" rel=\"noopener noreferrer\" target=\"_blank\">RTSP<\/a><\/td>\n<\/tr>\n<tr class=\"row-49 odd\">\n\t<td class=\"column-1\">Runtime indication of the connected VMS\/NVR clients<\/td><td class=\"column-2\"><img src=\"https:\/\/www.deskcamera.com\/wp-content\/uploads\/2019\/05\/checkmark20.png\" alt=\"\" width=\"20\" height=\"20\" class=\"alignnone size-full wp-image-285\" \/><\/td>\n<\/tr>\n<tr class=\"row-50 even\">\n\t<td class=\"column-1\">Test \/ Preview media sources<\/td><td class=\"column-2\"><img src=\"https:\/\/www.deskcamera.com\/wp-content\/uploads\/2019\/05\/checkmark20.png\" alt=\"\" width=\"20\" height=\"20\" class=\"alignnone size-full wp-image-285\" \/><\/td>\n<\/tr>\n<\/tbody>\n<\/table>\n[\/et_pb_text][et_pb_text _builder_version=\u00bb4.4.8&#8243; custom_padding=\u00bb||0px|||\u00bb]<\/p>\n<p>Para m\u00e1s informaci\u00f3n, por favor, visita\u00a0<a href=\"http:\/\/helpdesk.deskcamera.com\/kb\/faq.php\" target=\"_blank\" rel=\"noopener noreferrer\">http:\/\/helpdesk.deskcamera.com\/kb\/faq.php<\/a><\/p>\n<p>* \u2013 DeskCamera soporta la mayor\u00eda de la funcionalidad ONVIF Profile S, lo \u00fanico que no est\u00e1 contemplado la configuraci\u00f3n de la red y los ajustes de usuario<\/p>\n<p>[\/et_pb_text][\/et_pb_column][\/et_pb_row][\/et_pb_section]<\/p>\n","protected":false},"excerpt":{"rendered":"<p>[et_pb_section fb_built=\u00bb1&#8243; _builder_version=\u00bb4.4.8&#8243; custom_padding=\u00bb0px||0px||true|false\u00bb][et_pb_row _builder_version=\u00bb4.4.8&#8243;][et_pb_column type=\u00bb4_4&#8243; _builder_version=\u00bb4.4.8&#8243;][et_pb_text _builder_version=\u00bb4.4.8&#8243; header_2_font=\u00bbOpen Sans||||||||\u00bb header_2_text_align=\u00bbcenter\u00bb header_2_text_color=\u00bb#404040&#8243; header_2_font_size=\u00bb36px\u00bb] Caracter\u00edsticas [\/et_pb_text][\/et_pb_column][\/et_pb_row][\/et_pb_section][et_pb_section fb_built=\u00bb1&#8243; _builder_version=\u00bb4.4.8&#8243; use_background_color_gradient=\u00bbon\u00bb background_color_gradient_start=\u00bb#f2f2f2&#8243; background_color_gradient_end=\u00bb#008DBF\u00bb background_color_gradient_direction=\u00bb90deg\u00bb background_color_gradient_start_position=\u00bb40%\u00bb background_color_gradient_end_position=\u00bb40%\u00bb background_image=\u00bbhttps:\/\/www.deskcamera.com\/wp-content\/uploads\/2020\/06\/features-rectangles.svg\u00bb background_size=\u00bbcontain\u00bb background_position=\u00bbcenter_right\u00bb background_color_tablet=\u00bb#f2f2f2&#8243; background_color_phone=\u00bb#f2f2f2&#8243; background_last_edited=\u00bbon|phone\u00bb background_enable_color_tablet=\u00bbon\u00bb background_enable_color_phone=\u00bbon\u00bb use_background_color_gradient_tablet=\u00bboff\u00bb use_background_color_gradient_phone=\u00bboff\u00bb background_enable_image_phone=\u00bboff\u00bb][et_pb_row column_structure=\u00bb2_5,3_5&#8243; module_id=\u00bbfeatures-top-section\u00bb _builder_version=\u00bb4.4.8&#8243; vertical_offset=\u00bb0px\u00bb horizontal_offset=\u00bb0px\u00bb custom_padding=\u00bb30px|||||\u00bb custom_css_main_element_last_edited=\u00bbon|tablet\u00bb custom_css_main_element_tablet=\u00bbdisplay: flex;||flex-direction: column;\u00bb custom_css_main_element_phone=\u00bbdisplay: flex;||flex-direction: column;\u00bb][et_pb_column type=\u00bb2_5&#8243; _builder_version=\u00bb4.4.8&#8243; custom_padding=\u00bb0px|60px|||false|false\u00bb custom_padding_tablet=\u00bb50px|60px|||false|false\u00bb custom_padding_phone=\u00bb50px||||false|false\u00bb custom_padding_last_edited=\u00bbon|desktop\u00bb custom_css_main_element=\u00bborder: 2;\u00bb][et_pb_text [&hellip;]<\/p>\n","protected":false},"author":2,"featured_media":0,"parent":0,"menu_order":0,"comment_status":"closed","ping_status":"closed","template":"","meta":{"_et_pb_use_builder":"on","_et_pb_old_content":"","_et_gb_content_width":""},"_links":{"self":[{"href":"https:\/\/www.deskcamera.com\/es\/wp-json\/wp\/v2\/pages\/2559"}],"collection":[{"href":"https:\/\/www.deskcamera.com\/es\/wp-json\/wp\/v2\/pages"}],"about":[{"href":"https:\/\/www.deskcamera.com\/es\/wp-json\/wp\/v2\/types\/page"}],"author":[{"embeddable":true,"href":"https:\/\/www.deskcamera.com\/es\/wp-json\/wp\/v2\/users\/2"}],"replies":[{"embeddable":true,"href":"https:\/\/www.deskcamera.com\/es\/wp-json\/wp\/v2\/comments?post=2559"}],"version-history":[{"count":0,"href":"https:\/\/www.deskcamera.com\/es\/wp-json\/wp\/v2\/pages\/2559\/revisions"}],"wp:attachment":[{"href":"https:\/\/www.deskcamera.com\/es\/wp-json\/wp\/v2\/media?parent=2559"}],"curies":[{"name":"wp","href":"https:\/\/api.w.org\/{rel}","templated":true}]}}