{"id":5704,"date":"2020-11-20T16:18:05","date_gmt":"2020-11-20T16:18:05","guid":{"rendered":"https:\/\/www.deskcamera.com\/purchase\/subscription-floating-license\/"},"modified":"2021-05-24T16:05:23","modified_gmt":"2021-05-24T16:05:23","slug":"subscription-floating-license","status":"publish","type":"page","link":"https:\/\/www.deskcamera.com\/es\/purchase\/subscription-floating-license\/","title":{"rendered":"Subscription floating license"},"content":{"rendered":"<p>[et_pb_section fb_built=\u00bb1&#8243; _builder_version=\u00bb4.4.8&#8243; custom_padding=\u00bb0px||0px||false|false\u00bb][et_pb_row _builder_version=\u00bb4.4.8&#8243; custom_padding=\u00bb0px||||false|false\u00bb][et_pb_column type=\u00bb4_4&#8243; _builder_version=\u00bb4.4.8&#8243;][et_pb_text _builder_version=\u00bb4.7.7&#8243; header_font=\u00bbOpen Sans||||||||\u00bb header_font_size=\u00bb36px\u00bb]<\/p>\n<h1 style=\"text-align: center;\">Suscripci\u00f3n de licencias compartidas<\/h1>\n<p>[\/et_pb_text][\/et_pb_column][\/et_pb_row][\/et_pb_section][et_pb_section fb_built=\u00bb1&#8243; _builder_version=\u00bb4.4.8&#8243; background_color=\u00bb#f2f2f2&#8243; custom_padding=\u00bb0px||0px||false|false\u00bb][et_pb_row _builder_version=\u00bb4.4.8&#8243; width=\u00bb75%\u00bb width_tablet=\u00bb80%\u00bb width_phone=\u00bb\u00bb width_last_edited=\u00bbon|desktop\u00bb][et_pb_column type=\u00bb4_4&#8243; _builder_version=\u00bb4.4.8&#8243;][et_pb_text _builder_version=\u00bb4.7.7&#8243;]<\/p>\n<p>Una suscripci\u00f3n con actualizaciones software y soporte. Esta licencia puede usarse en cualquier n\u00famero de m\u00e1quinas diferentes mientras que el n\u00famero de m\u00e1quinas activas simult\u00e1neamente no exceda la &#8216;Capacidad&#8217; m\u00e1xima de esta licencia. Por ejemplo \u2013 si una licencia tiene una Capacidad de 10, hasta 10 PCs podr\u00e1n usar esta licencia a la vez. Cuando un PC se desconecte \u2013 quedar\u00e1 un hueco libre que podr\u00e1 ser usado por otro PC<\/p>\n<p>[\/et_pb_text][\/et_pb_column][\/et_pb_row][\/et_pb_section][et_pb_section fb_built=\u00bb1&#8243; _builder_version=\u00bb4.4.8&#8243;][et_pb_row _builder_version=\u00bb4.4.8&#8243;][et_pb_column type=\u00bb4_4&#8243; _builder_version=\u00bb4.4.8&#8243;][et_pb_text _builder_version=\u00bb4.9.4&#8243; hover_enabled=\u00bb0&#8243; sticky_enabled=\u00bb0&#8243;]<div class=\"all-subscription-wrapper\"><div class=\"subscr-lic-single-lic single-license\">\n    <div class=\"license-header\">\n        <h3>DeskCamera subscription<\/h3>\n    <\/div>\n\n    <div class=\"subscr-lic-content\">\n        <div class=\"subscr-lic-face\">\n                        <img class=\"prod-img\" src=\"https:\/\/www.deskcamera.com\/wp-content\/uploads\/2020\/10\/Subscription.svg\" data-id=\"5661\">\n        <\/div>\n        <div class=\"subscr-lic-select\">\n            <div class=\"lic-billing-cycle\">\n                <label for=\"lic-cycle-5661\">Billing cycle:<\/label><br>\n                <select name=\"dc-billing-cycle\" id=\"dc-billing-cycle-5661\" class=\"dc-billing-cycle\"><option  value=\"5672\">Monthly<\/option><option  value=\"5668\">Annually (25% off)<\/option><option  value=\"5671\">3 Years (50% off)<\/option><\/select>            <\/div>\n                        <div class=\"user-counter-wrapper\">\n                <label for=\"user-counter-5661\">Capacity (number of concurrent users):<\/label>\n                <div class=\"user-counter\">\n                    <span class=\"user-count-down\"\n                          id=\"user-count-down-5661\"><img src=\"data:image\/svg+xml;base64,PHN2ZyB3aWR0aD0iMjUiIGhlaWdodD0iMjIiIHZpZXdCb3g9IjAgMCAyNSAyMiIgZmlsbD0ibm9uZSIgeG1sbnM9Imh0dHA6Ly93d3cudzMub3JnLzIwMDAvc3ZnIj4KPHBhdGggZmlsbC1ydWxlPSJldmVub2RkIiBjbGlwLXJ1bGU9ImV2ZW5vZGQiIGQ9Ik03LjkgNy4xTDYuNSA4LjVMMTIuNSAxNC41TDE4LjUgOC41TDE3LjEgNy4xTDEyLjUgMTEuN0w3LjkgNy4xWiIgZmlsbD0iYmxhY2siLz4KPG1hc2sgaWQ9Im1hc2swIiBtYXNrLXR5cGU9ImFscGhhIiBtYXNrVW5pdHM9InVzZXJTcGFjZU9uVXNlIiB4PSI2IiB5PSI3IiB3aWR0aD0iMTMiIGhlaWdodD0iOCI+CjxwYXRoIGZpbGwtcnVsZT0iZXZlbm9kZCIgY2xpcC1ydWxlPSJldmVub2RkIiBkPSJNNy45IDcuMUw2LjUgOC41TDEyLjUgMTQuNUwxOC41IDguNUwxNy4xIDcuMUwxMi41IDExLjdMNy45IDcuMVoiIGZpbGw9IndoaXRlIi8+CjwvbWFzaz4KPGcgbWFzaz0idXJsKCNtYXNrMCkiPgo8cmVjdCB4PSIwLjUiIHk9IjIxLjUiIHdpZHRoPSIyMSIgaGVpZ2h0PSIyNCIgdHJhbnNmb3JtPSJyb3RhdGUoLTkwIDAuNSAyMS41KSIgZmlsbD0iI0Q4RDhEOCIvPgo8L2c+Cjwvc3ZnPgo=\" width=\"24\" height=\"21\" \/><\/span>\n                    <input class=\"user-counter-input\" id=\"user-counter-5661\" type=\"number\" min=\"1\"\n                           max=\"1000\" value=\"1\"\/>\n                    <span class=\"user-count-up\"\n                          id=\"user-count-up-5661\"><img src=\"data:image\/svg+xml;base64,PHN2ZyB3aWR0aD0iMjUiIGhlaWdodD0iMjIiIHZpZXdCb3g9IjAgMCAyNSAyMiIgZmlsbD0ibm9uZSIgeG1sbnM9Imh0dHA6Ly93d3cudzMub3JnLzIwMDAvc3ZnIj4KPHBhdGggZmlsbC1ydWxlPSJldmVub2RkIiBjbGlwLXJ1bGU9ImV2ZW5vZGQiIGQ9Ik0xNy4xIDE0LjlMMTguNSAxMy41TDEyLjUgNy41TDYuNSAxMy41TDcuOSAxNC45TDEyLjUgMTAuM0wxNy4xIDE0LjlaIiBmaWxsPSJibGFjayIvPgo8bWFzayBpZD0ibWFzazAiIG1hc2stdHlwZT0iYWxwaGEiIG1hc2tVbml0cz0idXNlclNwYWNlT25Vc2UiIHg9IjYiIHk9IjciIHdpZHRoPSIxMyIgaGVpZ2h0PSI4Ij4KPHBhdGggZmlsbC1ydWxlPSJldmVub2RkIiBjbGlwLXJ1bGU9ImV2ZW5vZGQiIGQ9Ik0xNy4xIDE0LjlMMTguNSAxMy41TDEyLjUgNy41TDYuNSAxMy41TDcuOSAxNC45TDEyLjUgMTAuM0wxNy4xIDE0LjlaIiBmaWxsPSJ3aGl0ZSIvPgo8L21hc2s+CjxnIG1hc2s9InVybCgjbWFzazApIj4KPHJlY3QgeD0iMjQuNSIgeT0iMC41IiB3aWR0aD0iMjEiIGhlaWdodD0iMjQiIHRyYW5zZm9ybT0icm90YXRlKDkwIDI0LjUgMC41KSIgZmlsbD0iI0Q4RDhEOCIvPgo8L2c+Cjwvc3ZnPgo=\" width=\"24\" height=\"21\" \/><\/span>\n\n                <\/div>\n            <\/div>\n        <\/div>\n    <\/div>\n    <div class=\"subscr-lic-footer\">\n        <div class=\"footer-price\" data-currency=\"&#36;\">\n                        <!--Array\n(\n    [0] => 5672\n    [1] => 5668\n    [2] => 5671\n)\n--><div class=\"bc-price bc-selected\" id=\"bc-price-5672\"><span class=\"price\" data-price=\"8\">&#36;8<\/span><span class=\"price-descript\"> \/ month<\/span><\/div><div class=\"bc-price\" id=\"bc-price-5668\"><span class=\"price\" data-price=\"72\">&#36;72<\/span><span class=\"price-descript\"> \/ year<\/span><\/div><div class=\"bc-price\" id=\"bc-price-5671\"><span class=\"price\" data-price=\"144\">&#36;144<\/span><span class=\"price-descript\"> \/ 3 year<\/span><\/div>        <\/div>\n\n        <div class=\"footer-atc\">\n            <a href=\"https:\/\/www.deskcamera.com\/es\/producto\/deskcamera-subscription\/\" id=\"add-to-cart-link-5661\" rel=\"nofollow\" data-product_id=\"5672\" data-product_sku=\"\" data-quantity=\"1\" class=\"button dc-add-to-cart\">Add to cart<\/a>        <\/div>\n    <\/div>\n<\/div>\n<script type=\"text\/javascript\">\n    let user_counter_5661= document.getElementById('user-counter-5661');\n    if (user_counter_5661) {\n\n        let user_count_up_5661= document.getElementById('user-count-up-5661');\n        let dc_user_count_down_5661= document.getElementById('user-count-down-5661');\n        let dc_atc_link_5661= document.getElementById('add-to-cart-link-5661');\n        let dc_billing_cycle_5661= document.getElementById('dc-billing-cycle-5661');\n\n        user_count_up_5661.addEventListener('click', function () {\n            user_counter_5661.value++;\n            if (user_counter_5661.value >1000) user_counter_5661.value =1000;\n            dc_atc_link_5661.dataset.quantity = user_counter_5661.value;\n        });\n\n        dc_user_count_down_5661.addEventListener('click', function () {\n            user_counter_5661.value--;\n            if (user_counter_5661.value < 1) user_counter_5661.value = 1;\n            dc_atc_link_5661.dataset.quantity = user_counter_5661.value;\n        });\n\n        dc_billing_cycle_5661.addEventListener('change', function () {\n            dc_atc_link_5661.dataset.product_id = dc_billing_cycle_5661.value;\n            jQuery('add-to-cart-link-5661').data('product_id', dc_billing_cycle_5661.value);\n            let bc_prices = document.querySelectorAll('.bc-price');\n            bc_prices.forEach(function (item, i, bc_prices) {\n                if (item.id === 'bc-price-' + dc_billing_cycle_5661.value) {\n                    item.classList.add('bc-selected');\n                } else {\n                    item.classList.remove('bc-selected');\n                }\n            });\n        });\n\n        user_counter_5661.addEventListener('input', function () {\n            if (user_counter_5661.value >1000) user_counter_5661.value =1000;\n            if (user_counter_5661.value < 1) user_counter_5661.value = 1;\n            dc_atc_link_5661.dataset.quantity = user_counter_5661.value;\n        });\n    } else {\n\n    }\n<\/script>\n<\/div>[\/et_pb_text][\/et_pb_column][\/et_pb_row][\/et_pb_section]<\/p>\n","protected":false},"excerpt":{"rendered":"<p>[et_pb_section fb_built=\u00bb1&#8243; _builder_version=\u00bb4.4.8&#8243; custom_padding=\u00bb0px||0px||false|false\u00bb][et_pb_row _builder_version=\u00bb4.4.8&#8243; custom_padding=\u00bb0px||||false|false\u00bb][et_pb_column type=\u00bb4_4&#8243; _builder_version=\u00bb4.4.8&#8243;][et_pb_text _builder_version=\u00bb4.7.7&#8243; header_font=\u00bbOpen Sans||||||||\u00bb header_font_size=\u00bb36px\u00bb] Suscripci\u00f3n de licencias compartidas [\/et_pb_text][\/et_pb_column][\/et_pb_row][\/et_pb_section][et_pb_section fb_built=\u00bb1&#8243; _builder_version=\u00bb4.4.8&#8243; background_color=\u00bb#f2f2f2&#8243; custom_padding=\u00bb0px||0px||false|false\u00bb][et_pb_row _builder_version=\u00bb4.4.8&#8243; width=\u00bb75%\u00bb width_tablet=\u00bb80%\u00bb width_phone=\u00bb\u00bb width_last_edited=\u00bbon|desktop\u00bb][et_pb_column type=\u00bb4_4&#8243; _builder_version=\u00bb4.4.8&#8243;][et_pb_text _builder_version=\u00bb4.7.7&#8243;] Una suscripci\u00f3n con actualizaciones software y soporte. Esta licencia puede usarse en cualquier n\u00famero de m\u00e1quinas diferentes mientras que el n\u00famero de m\u00e1quinas activas simult\u00e1neamente no [&hellip;]<\/p>\n","protected":false},"author":2,"featured_media":0,"parent":5078,"menu_order":0,"comment_status":"closed","ping_status":"closed","template":"","meta":{"_et_pb_use_builder":"on","_et_pb_old_content":"","_et_gb_content_width":""},"_links":{"self":[{"href":"https:\/\/www.deskcamera.com\/es\/wp-json\/wp\/v2\/pages\/5704"}],"collection":[{"href":"https:\/\/www.deskcamera.com\/es\/wp-json\/wp\/v2\/pages"}],"about":[{"href":"https:\/\/www.deskcamera.com\/es\/wp-json\/wp\/v2\/types\/page"}],"author":[{"embeddable":true,"href":"https:\/\/www.deskcamera.com\/es\/wp-json\/wp\/v2\/users\/2"}],"replies":[{"embeddable":true,"href":"https:\/\/www.deskcamera.com\/es\/wp-json\/wp\/v2\/comments?post=5704"}],"version-history":[{"count":0,"href":"https:\/\/www.deskcamera.com\/es\/wp-json\/wp\/v2\/pages\/5704\/revisions"}],"up":[{"embeddable":true,"href":"https:\/\/www.deskcamera.com\/es\/wp-json\/wp\/v2\/pages\/5078"}],"wp:attachment":[{"href":"https:\/\/www.deskcamera.com\/es\/wp-json\/wp\/v2\/media?parent=5704"}],"curies":[{"name":"wp","href":"https:\/\/api.w.org\/{rel}","templated":true}]}}