{"id":15250,"date":"2025-06-10T17:55:58","date_gmt":"2025-06-10T17:55:58","guid":{"rendered":"https:\/\/www.deskcamera.com\/support-sla\/"},"modified":"2025-06-10T18:14:40","modified_gmt":"2025-06-10T18:14:40","slug":"support-sla","status":"publish","type":"page","link":"https:\/\/www.deskcamera.com\/fr\/support-sla\/","title":{"rendered":"Support SLA"},"content":{"rendered":"<p>[et_pb_section fb_built=\u00a0\u00bb1&Prime; _builder_version=\u00a0\u00bb4.7.7&Prime; _module_preset=\u00a0\u00bbdefault\u00a0\u00bb][et_pb_row _builder_version=\u00a0\u00bb4.7.7&Prime; _module_preset=\u00a0\u00bbdefault\u00a0\u00bb][et_pb_column type=\u00a0\u00bb4_4&Prime; _builder_version=\u00a0\u00bb4.7.7&Prime; _module_preset=\u00a0\u00bbdefault\u00a0\u00bb][et_pb_text _builder_version=\u00a0\u00bb4.9.4&Prime; _module_preset=\u00a0\u00bbdefault\u00a0\u00bb hover_enabled=\u00a0\u00bb0&Prime; sticky_enabled=\u00a0\u00bb0&Prime;]<\/p>\n<h2 style=\"text-align: center;\"><strong>Politique de support DeskCamera (SLA)<\/strong><\/h2>\n<p><strong><\/strong><\/p>\n<p><strong>Date d&rsquo;entr\u00e9e en vigueur :<\/strong> 01\/05\/2025<br \/><strong>S&rsquo;applique \u00e0 :<\/strong> DeskCamera Baltic OU, Estonie<br \/><strong>Contact :<\/strong> <a href=\"mailto:support@deskcamera.com\">support@deskcamera.com<\/a> | <a href=\"https:\/\/helpdesk.deskcamera.com\/\">https:\/\/helpdesk.deskcamera.com<\/a><\/p>\n<p><strong>1. Aper\u00e7u<\/strong><\/p>\n<p>Cette politique de support (\u00ab SLA \u00bb) d\u00e9crit la port\u00e9e, les d\u00e9lais de r\u00e9ponse et les niveaux de service fournis par DeskCamera Baltic OU (\u00ab DeskCamera \u00bb) aux utilisateurs de ses logiciels. Ce SLA est un compl\u00e9ment aux Conditions d&rsquo;utilisation et s&rsquo;applique \u00e0 toutes les interactions avec le support.<\/p>\n<p><strong>2. Canaux de support<\/strong><\/p>\n<p>DeskCamera fournit une assistance technique via les canaux suivants :<\/p>\n<ul>\n<li><strong>E-mail :<\/strong> <a href=\"mailto:support@deskcamera.com\">support@deskcamera.com<\/a><\/li>\n<li><strong>Portail d&rsquo;assistance :<\/strong> <a href=\"https:\/\/helpdesk.deskcamera.com\/\">https:\/\/helpdesk.deskcamera.com<\/a><\/li>\n<li><strong>Chat en direct :<\/strong> disponible sur <a href=\"https:\/\/deskcamera.com\/\">https:\/\/deskcamera.com<\/a><\/li>\n<li><strong>Prise de rendez-vous :<\/strong> <a href=\"https:\/\/deskcamera.com\/appointment\">https:\/\/deskcamera.com\/appointment<\/a><\/li>\n<\/ul>\n<p><strong>3. Heures de support<\/strong><\/p>\n<p>Le support est disponible du lundi au vendredi, de 10h00 \u00e0 20h00 (heure d&rsquo;Estonie). Les incidents critiques sont trait\u00e9s en dehors des heures ouvrables, y compris les week-ends et les jours f\u00e9ri\u00e9s.<\/p>\n<p><strong>4. Niveaux de priorit\u00e9 des tickets et d\u00e9lais de r\u00e9ponse<\/strong><\/p>\n<table>\n<thead>\n<tr>\n<th>Priorit\u00e9<\/th>\n<th>Description<\/th>\n<th>D\u00e9lai de premi\u00e8re r\u00e9ponse<\/th>\n<\/tr>\n<\/thead>\n<tbody>\n<tr>\n<td>Faible<\/td>\n<td>Questions g\u00e9n\u00e9rales, probl\u00e8mes de licence, documentation<\/td>\n<td>Sous 48 heures<\/td>\n<\/tr>\n<tr>\n<td>Moyenne<\/td>\n<td>Bugs mineurs ou probl\u00e8mes non critiques<\/td>\n<td>Sous 24 heures ouvrables<\/td>\n<\/tr>\n<tr>\n<td>\u00c9lev\u00e9e<\/td>\n<td>Fonctionnalit\u00e9 principale affect\u00e9e, mais syst\u00e8me fonctionnel<\/td>\n<td>Sous 12 heures ouvrables<\/td>\n<\/tr>\n<tr>\n<td>Urgence<\/td>\n<td>Panne totale, menace \u00e0 la s\u00e9curit\u00e9, perte d\u2019acc\u00e8s<\/td>\n<td>Sous 8 heures<\/td>\n<\/tr>\n<\/tbody>\n<\/table>\n<p>DeskCamera se r\u00e9serve le droit de reclasser la priorit\u00e9 d\u2019un ticket selon son impact r\u00e9el et sa gravit\u00e9.<\/p>\n<p><strong>5. Engagements et limitations<\/strong><\/p>\n<ul>\n<li>Ce SLA garantit uniquement les d\u00e9lais de premi\u00e8re r\u00e9ponse, pas les d\u00e9lais de r\u00e9solution.<\/li>\n<li>DeskCamera ne fournit ni infrastructure, ni services cloud, ni acc\u00e8s aux syst\u00e8mes des utilisateurs, et n&rsquo;est pas responsable des d\u00e9faillances c\u00f4t\u00e9 client.<\/li>\n<li>Aucune compensation financi\u00e8re n\u2019est pr\u00e9vue dans le cadre de ce SLA.<\/li>\n<li>DeskCamera ne garantit pas la disponibilit\u00e9 continue ni le fonctionnement ininterrompu du produit.<\/li>\n<\/ul>\n<p><strong>6. Politique de conservation des tickets<\/strong><\/p>\n<p>Les demandes de support et les journaux associ\u00e9s sont stock\u00e9s en toute s\u00e9curit\u00e9 pendant 180 jours \u00e0 des fins de contr\u00f4le qualit\u00e9, d\u2019analyse interne et de conformit\u00e9. Les utilisateurs peuvent demander la suppression de leurs donn\u00e9es personnelles \u00e0 tout moment via <a href=\"https:\/\/helpdesk.deskcamera.com\/\">https:\/\/helpdesk.deskcamera.com<\/a>.<\/p>\n<p><strong>7. Confidentialit\u00e9 des donn\u00e9es et conformit\u00e9<\/strong><\/p>\n<p>DeskCamera traite les donn\u00e9es des utilisateurs conform\u00e9ment au R\u00e8glement g\u00e9n\u00e9ral sur la protection des donn\u00e9es (RGPD) de l\u2019UE et au California Consumer Privacy Act (CCPA).<\/p>\n<ul>\n<li>Aucun acc\u00e8s aux syst\u00e8mes des utilisateurs ou aux donn\u00e9es de surveillance n\u2019est possible.<\/li>\n<li>Toutes les donn\u00e9es envoy\u00e9es dans le cadre du support sont trait\u00e9es de mani\u00e8re confidentielle et stock\u00e9es en toute s\u00e9curit\u00e9.<\/li>\n<li>Les utilisateurs peuvent demander l\u2019acc\u00e8s ou la suppression de leurs donn\u00e9es via le portail d\u2019assistance.<\/li>\n<\/ul>\n<p><strong>8. Modifications de la politique de support<\/strong><\/p>\n<p>DeskCamera se r\u00e9serve le droit de mettre \u00e0 jour cette politique de support. Tout changement important sera communiqu\u00e9 par e-mail ou via une notification sur la plateforme.<\/p>\n<p>[\/et_pb_text][\/et_pb_column][\/et_pb_row][\/et_pb_section]<\/p>\n","protected":false},"excerpt":{"rendered":"<p>[et_pb_section fb_built=\u00a0\u00bb1&Prime; _builder_version=\u00a0\u00bb4.7.7&Prime; _module_preset=\u00a0\u00bbdefault\u00a0\u00bb][et_pb_row _builder_version=\u00a0\u00bb4.7.7&Prime; _module_preset=\u00a0\u00bbdefault\u00a0\u00bb][et_pb_column type=\u00a0\u00bb4_4&Prime; _builder_version=\u00a0\u00bb4.7.7&Prime; _module_preset=\u00a0\u00bbdefault\u00a0\u00bb][et_pb_text _builder_version=\u00a0\u00bb4.9.4&Prime; _module_preset=\u00a0\u00bbdefault\u00a0\u00bb hover_enabled=\u00a0\u00bb0&Prime; sticky_enabled=\u00a0\u00bb0&Prime;] Politique de support DeskCamera (SLA) Date d&rsquo;entr\u00e9e en vigueur : 01\/05\/2025S&rsquo;applique \u00e0 : DeskCamera Baltic OU, EstonieContact : support@deskcamera.com | https:\/\/helpdesk.deskcamera.com 1. Aper\u00e7u Cette politique de support (\u00ab SLA \u00bb) d\u00e9crit la port\u00e9e, les d\u00e9lais de r\u00e9ponse et les niveaux de service [&hellip;]<\/p>\n","protected":false},"author":2240,"featured_media":0,"parent":0,"menu_order":0,"comment_status":"closed","ping_status":"closed","template":"","meta":{"_et_pb_use_builder":"on","_et_pb_old_content":"","_et_gb_content_width":""},"_links":{"self":[{"href":"https:\/\/www.deskcamera.com\/fr\/wp-json\/wp\/v2\/pages\/15250"}],"collection":[{"href":"https:\/\/www.deskcamera.com\/fr\/wp-json\/wp\/v2\/pages"}],"about":[{"href":"https:\/\/www.deskcamera.com\/fr\/wp-json\/wp\/v2\/types\/page"}],"author":[{"embeddable":true,"href":"https:\/\/www.deskcamera.com\/fr\/wp-json\/wp\/v2\/users\/2240"}],"replies":[{"embeddable":true,"href":"https:\/\/www.deskcamera.com\/fr\/wp-json\/wp\/v2\/comments?post=15250"}],"version-history":[{"count":0,"href":"https:\/\/www.deskcamera.com\/fr\/wp-json\/wp\/v2\/pages\/15250\/revisions"}],"wp:attachment":[{"href":"https:\/\/www.deskcamera.com\/fr\/wp-json\/wp\/v2\/media?parent=15250"}],"curies":[{"name":"wp","href":"https:\/\/api.w.org\/{rel}","templated":true}]}}