{"id":3726,"date":"2020-06-23T10:17:23","date_gmt":"2020-06-23T10:17:23","guid":{"rendered":"https:\/\/www.deskcamera.com\/features\/"},"modified":"2021-02-18T13:14:54","modified_gmt":"2021-02-18T13:14:54","slug":"features","status":"publish","type":"page","link":"https:\/\/www.deskcamera.com\/fr\/features\/","title":{"rendered":"Features"},"content":{"rendered":"<p>[et_pb_section fb_built=\u00a0\u00bb1&Prime; _builder_version=\u00a0\u00bb4.4.8&Prime; custom_padding=\u00a0\u00bb0px||0px||true|false\u00a0\u00bb][et_pb_row _builder_version=\u00a0\u00bb4.4.8&Prime;][et_pb_column type=\u00a0\u00bb4_4&Prime; _builder_version=\u00a0\u00bb4.4.8&Prime;][et_pb_text _builder_version=\u00a0\u00bb4.4.8&Prime; header_2_font=\u00a0\u00bbOpen Sans||||||||\u00a0\u00bb header_2_text_align=\u00a0\u00bbcenter\u00a0\u00bb header_2_text_color=\u00a0\u00bb#404040&Prime; header_2_font_size=\u00a0\u00bb36px\u00a0\u00bb]<\/p>\n<h2>Caract\u00e9ristiques<\/h2>\n<p>[\/et_pb_text][\/et_pb_column][\/et_pb_row][\/et_pb_section][et_pb_section fb_built=\u00a0\u00bb1&Prime; _builder_version=\u00a0\u00bb4.4.8&Prime; use_background_color_gradient=\u00a0\u00bbon\u00a0\u00bb background_color_gradient_start=\u00a0\u00bb#f2f2f2&Prime; background_color_gradient_end=\u00a0\u00bb#008DBF\u00a0\u00bb background_color_gradient_direction=\u00a0\u00bb90deg\u00a0\u00bb background_color_gradient_start_position=\u00a0\u00bb40%\u00a0\u00bb background_color_gradient_end_position=\u00a0\u00bb40%\u00a0\u00bb background_image=\u00a0\u00bbhttps:\/\/www.deskcamera.com\/wp-content\/uploads\/2020\/06\/features-rectangles.svg\u00a0\u00bb background_size=\u00a0\u00bbcontain\u00a0\u00bb background_position=\u00a0\u00bbcenter_right\u00a0\u00bb background_color_tablet=\u00a0\u00bb#f2f2f2&Prime; background_color_phone=\u00a0\u00bb#f2f2f2&Prime; background_last_edited=\u00a0\u00bbon|phone\u00a0\u00bb background_enable_color_tablet=\u00a0\u00bbon\u00a0\u00bb background_enable_color_phone=\u00a0\u00bbon\u00a0\u00bb use_background_color_gradient_tablet=\u00a0\u00bboff\u00a0\u00bb use_background_color_gradient_phone=\u00a0\u00bboff\u00a0\u00bb background_enable_image_phone=\u00a0\u00bboff\u00a0\u00bb][et_pb_row column_structure=\u00a0\u00bb2_5,3_5&Prime; module_id=\u00a0\u00bbfeatures-top-section\u00a0\u00bb _builder_version=\u00a0\u00bb4.4.8&Prime; vertical_offset=\u00a0\u00bb0px\u00a0\u00bb horizontal_offset=\u00a0\u00bb0px\u00a0\u00bb custom_css_main_element_last_edited=\u00a0\u00bbon|tablet\u00a0\u00bb custom_css_main_element_tablet=\u00a0\u00bbdisplay: flex;||flex-direction: column;\u00a0\u00bb custom_css_main_element_phone=\u00a0\u00bbdisplay: flex;||flex-direction: column;\u00a0\u00bb][et_pb_column type=\u00a0\u00bb2_5&Prime; _builder_version=\u00a0\u00bb4.4.8&Prime; custom_padding=\u00a0\u00bb0px|60px|||false|false\u00a0\u00bb custom_padding_tablet=\u00a0\u00bb50px|60px|||false|false\u00a0\u00bb custom_padding_phone=\u00a0\u00bb50px||||false|false\u00a0\u00bb custom_padding_last_edited=\u00a0\u00bbon|desktop\u00a0\u00bb custom_css_main_element=\u00a0\u00bborder: 2;\u00a0\u00bb][et_pb_text _builder_version=\u00a0\u00bb4.4.8&Prime;]<\/p>\n<p>DeskCamera est une cam\u00e9ra IP ONVIF virtuelle qui diffuse un \u00e9cran de PC et une webcam vers un syst\u00e8me de vid\u00e9osurveillance en continu via le protocole ONVIF et RTSP. Un poste de travail sur lequel DeskCamera a \u00e9t\u00e9 install\u00e9 agit comme une cam\u00e9ra IP et peut transmettre l&rsquo;\u00e9cran du PC et la webcam \u00e0 tout syst\u00e8me VMS\/NVR.<\/p>\n<p><span style=\"font-size: 16px;\">DeskCamera est une solution exclusivement logicielle qui vise \u00e0 remplacer les m\u00e9thodes mat\u00e9rielles co\u00fbteuses utilis\u00e9es pour surveiller les activit\u00e9s d&rsquo;un \u00e9cran de PC. Aucun encodeur mat\u00e9riel ou cam\u00e9ra IP physique n&rsquo;est n\u00e9cessaire. DeskCamera peut diffuser l&rsquo;\u00e9cran du PC et la webcam comme si c&rsquo;\u00e9tait une cam\u00e9ra ONVIF.<\/span><\/p>\n<p>L&rsquo;utilisation de la norme ONVIF signifie que DeskCamera est compatible avec de nombreux syst\u00e8mes de gestion vid\u00e9o (VMS) ou enregistreurs vid\u00e9o sur r\u00e9seau (NVR). Il peut facilement \u00eatre int\u00e9gr\u00e9 \u00e0 une installation de vid\u00e9osurveillance existante et utilis\u00e9 parall\u00e8lement \u00e0 d&rsquo;autres cam\u00e9ras IP.<\/p>\n<p>Le logiciel peut fonctionner dans les terminaux de paiement, les banques, les supermarch\u00e9s, les centres d&rsquo;examen\/de certification, les terminaux SCADA et toute autre entreprise utilisant un PC Windows comme point de service ou d&rsquo;information.<\/p>\n<p>&nbsp;<\/p>\n<p>[\/et_pb_text][\/et_pb_column][et_pb_column type=\u00a0\u00bb3_5&Prime; module_id=\u00a0\u00bbfeatures-video-wrapper\u00a0\u00bb _builder_version=\u00a0\u00bb4.4.8&Prime; custom_padding=\u00a0\u00bb||||false|false\u00a0\u00bb custom_padding_tablet=\u00a0\u00bb\u00a0\u00bb custom_padding_phone=\u00a0\u00bb\u00a0\u00bb custom_padding_last_edited=\u00a0\u00bbon|desktop\u00a0\u00bb][et_pb_video src=\u00a0\u00bbhttps:\/\/youtu.be\/4jPf2TDTi18&Prime; module_id=\u00a0\u00bbfeatures-page-video\u00a0\u00bb _builder_version=\u00a0\u00bb4.4.8&Prime; width=\u00a0\u00bb100%\u00a0\u00bb][\/et_pb_video][\/et_pb_column][\/et_pb_row][\/et_pb_section][et_pb_section fb_built=\u00a0\u00bb1&Prime; _builder_version=\u00a0\u00bb4.4.8&Prime;][et_pb_row _builder_version=\u00a0\u00bb4.4.8&Prime;][et_pb_column type=\u00a0\u00bb4_4&Prime; _builder_version=\u00a0\u00bb4.4.8&Prime;][et_pb_image src=\u00a0\u00bbhttps:\/\/www.deskcamera.com\/wp-content\/uploads\/2020\/06\/Features_scheme.png\u00a0\u00bb title_text=\u00a0\u00bbfeatures_scheme_small\u00a0\u00bb align=\u00a0\u00bbcenter\u00a0\u00bb src_tablet=\u00a0\u00bbhttps:\/\/www.deskcamera.com\/wp-content\/uploads\/2020\/07\/features_scheme_small.png\u00a0\u00bb src_phone=\u00a0\u00bbhttps:\/\/www.deskcamera.com\/wp-content\/uploads\/2020\/07\/features_scheme_small.png\u00a0\u00bb src_last_edited=\u00a0\u00bbon|desktop\u00a0\u00bb _builder_version=\u00a0\u00bb4.4.8&Prime;][\/et_pb_image][\/et_pb_column][\/et_pb_row][\/et_pb_section][et_pb_section fb_built=\u00a0\u00bb1&Prime; _builder_version=\u00a0\u00bb4.4.8&Prime; background_image=\u00a0\u00bbhttps:\/\/www.deskcamera.com\/wp-content\/uploads\/2020\/06\/features.png\u00a0\u00bb][et_pb_row _builder_version=\u00a0\u00bb4.4.8&Prime;][et_pb_column type=\u00a0\u00bb4_4&Prime; _builder_version=\u00a0\u00bb4.4.8&Prime;][et_pb_text module_id=\u00a0\u00bbkey-features\u00a0\u00bb _builder_version=\u00a0\u00bb4.4.8&Prime; text_text_color=\u00a0\u00bb#ffffff\u00a0\u00bb header_2_font=\u00a0\u00bb|300|||||||\u00a0\u00bb header_2_text_color=\u00a0\u00bb#ffffff\u00a0\u00bb header_2_font_size=\u00a0\u00bb36px\u00a0\u00bb]<\/p>\n<h2>Caract\u00e9ristiques Cl\u00e9s<\/h2>\n<ul>\n<li>Solution\u00a0exclusivement logicielle. Agit comme une cam\u00e9ra IP ONVIF virtuelle et fonctionne en arri\u00e8re-plan<\/li>\n<li><span style=\"font-size: 16px;\">Inclut la surveillance des postes de travail PC dans l&rsquo;infrastructure CCTV existante en quelques clics<\/span><\/li>\n<li>Diffusion simultan\u00e9e d&rsquo;un, deux ou plusieurs \u00e9crans de PC et webcams vers des syst\u00e8mes VMS\/NVR<\/li>\n<li>Permet de convertir des flux HTTP et RTSP externes en ONVIF<\/li>\n<li>Cr\u00e9e un flux RTSP d\u00e9di\u00e9 pour chaque m\u00e9dia, y compris les m\u00e9dias \u00ab\u00a0Zone d&rsquo;\u00e9cran\u00a0\u00bb et \u00ab\u00a0Picture in Picture\u00a0\u00bb d\u00e9finis par l&rsquo;utilisateur<\/li>\n<li>Motion events, Audio, r\u00e9solution 4K, streaming jusqu&rsquo;\u00e0 60 FPS<\/li>\n<li><span style=\"font-size: 16px;\">Haute performance, encodage acc\u00e9l\u00e9r\u00e9 par le GPU, consomme peu de ressources PC<\/span><\/li>\n<li>Partenariat technologique avec les principaux fabricants de VMS<\/li>\n<\/ul>\n<p>[\/et_pb_text][et_pb_button button_url=\u00a0\u00bb\/download\u00a0\u00bb button_text=\u00a0\u00bbObtenir\u00a0\u00bb button_alignment=\u00a0\u00bbleft\u00a0\u00bb module_class=\u00a0\u00bbbtn-default\u00a0\u00bb _builder_version=\u00a0\u00bb4.4.8&Prime; custom_button=\u00a0\u00bbon\u00a0\u00bb button_text_color=\u00a0\u00bb#000000&Prime; button_bg_color=\u00a0\u00bb#ffffff\u00a0\u00bb button_border_color=\u00a0\u00bb#ffffff\u00a0\u00bb button_font=\u00a0\u00bbOpen Sans||||||||\u00a0\u00bb button_use_icon=\u00a0\u00bboff\u00a0\u00bb background_layout=\u00a0\u00bbdark\u00a0\u00bb custom_padding=\u00a0\u00bb|60px||60px|false|true\u00a0\u00bb locked=\u00a0\u00bboff\u00a0\u00bb][\/et_pb_button][\/et_pb_column][\/et_pb_row][\/et_pb_section][et_pb_section fb_built=\u00a0\u00bb1&Prime; _builder_version=\u00a0\u00bb4.4.8&Prime;][et_pb_row _builder_version=\u00a0\u00bb4.4.8&Prime;][et_pb_column type=\u00a0\u00bb4_4&Prime; _builder_version=\u00a0\u00bb4.4.8&Prime;][et_pb_text _builder_version=\u00a0\u00bb4.4.8&Prime;]<\/p>\n\n<table id=\"tablepress-2\" class=\"tablepress tablepress-id-2\">\n<tbody>\n<tr class=\"row-1 odd\">\n\t<td class=\"column-1\">Camera features<\/td><td class=\"column-2\"><\/td>\n<\/tr>\n<tr class=\"row-2 even\">\n\t<td class=\"column-1\">Camera protocol<\/td><td class=\"column-2\">ONVIF , Profile S ready *<\/td>\n<\/tr>\n<tr class=\"row-3 odd\">\n\t<td class=\"column-1\">Streaming protocol<\/td><td class=\"column-2\">RTSP\/RTP<\/td>\n<\/tr>\n<tr class=\"row-4 even\">\n\t<td class=\"column-1\">Auto discovery over the network<\/td><td class=\"column-2\"><img src=\"https:\/\/www.deskcamera.com\/wp-content\/uploads\/2019\/05\/checkmark20.png\" alt=\"\" width=\"20\" height=\"20\" class=\"alignnone size-full wp-image-285\" \/><\/td>\n<\/tr>\n<tr class=\"row-5 odd\">\n\t<td class=\"column-1\"><a href=\"http:\/\/helpdesk.deskcamera.com\/kb\/faq.php?id=8\" rel=\"noopener noreferrer\" target=\"_blank\">Multiple channels mode<\/a><\/td><td class=\"column-2\"><img src=\"https:\/\/www.deskcamera.com\/wp-content\/uploads\/2019\/05\/checkmark20.png\" alt=\"\" width=\"20\" height=\"20\" class=\"alignnone size-full wp-image-285\" \/><\/td>\n<\/tr>\n<tr class=\"row-6 even\">\n\t<td class=\"column-1\"><a href=\"http:\/\/helpdesk.deskcamera.com\/kb\/faq.php?id=8\" rel=\"noopener noreferrer\" target=\"_blank\">Multiple cameras mode<\/a><\/td><td class=\"column-2\"><img src=\"https:\/\/www.deskcamera.com\/wp-content\/uploads\/2019\/05\/checkmark20.png\" alt=\"\" width=\"20\" height=\"20\" class=\"alignnone size-full wp-image-285\" \/><\/td>\n<\/tr>\n<tr class=\"row-7 odd\">\n\t<td class=\"column-1\">Manage streaming parameters in NVR\/VMS<\/td><td class=\"column-2\"><img src=\"https:\/\/www.deskcamera.com\/wp-content\/uploads\/2019\/05\/checkmark20.png\" alt=\"\" width=\"20\" height=\"20\" class=\"alignnone size-full wp-image-285\" \/><\/td>\n<\/tr>\n<tr class=\"row-8 even\">\n\t<td class=\"column-1\">ONVIF motion events<\/td><td class=\"column-2\">by mouse or keyboard activity or API call<\/td>\n<\/tr>\n<tr class=\"row-9 odd\">\n\t<td class=\"column-1\">Streams<\/td><td class=\"column-2\">MainStream, SubStream, SubStreamJpeg, VMS\/NVR defined<\/td>\n<\/tr>\n<tr class=\"row-10 even\">\n\t<td class=\"column-1\">RTSP authentication<\/td><td class=\"column-2\">Digest and Basic<\/td>\n<\/tr>\n<tr class=\"row-11 odd\">\n\t<td class=\"column-1\">ONVIF authentication<\/td><td class=\"column-2\">WS-UsernameToken<\/td>\n<\/tr>\n<tr class=\"row-12 even\">\n\t<td class=\"column-1\">Media<\/td><td class=\"column-2\"><\/td>\n<\/tr>\n<tr class=\"row-13 odd\">\n\t<td class=\"column-1\">Stream PC desktops (1, 2 or more desktops)<\/td><td class=\"column-2\"><img src=\"https:\/\/www.deskcamera.com\/wp-content\/uploads\/2019\/05\/checkmark20.png\" alt=\"\" width=\"20\" height=\"20\" class=\"alignnone size-full wp-image-285\" \/><\/td>\n<\/tr>\n<tr class=\"row-14 even\">\n\t<td class=\"column-1\">Stream webcams (1, 2 or more webcams)<\/td><td class=\"column-2\"><img src=\"https:\/\/www.deskcamera.com\/wp-content\/uploads\/2019\/05\/checkmark20.png\" alt=\"\" width=\"20\" height=\"20\" class=\"alignnone size-full wp-image-285\" \/><\/td>\n<\/tr>\n<tr class=\"row-15 odd\">\n\t<td class=\"column-1\"><a href=\"http:\/\/helpdesk.deskcamera.com\/kb\/faq.php?id=20\" rel=\"noopener noreferrer\" target=\"_blank\">Stream user-defined Screen areas<\/a><\/td><td class=\"column-2\"><img src=\"https:\/\/www.deskcamera.com\/wp-content\/uploads\/2019\/05\/checkmark20.png\" alt=\"\" width=\"20\" height=\"20\" class=\"alignnone size-full wp-image-285\" \/><\/td>\n<\/tr>\n<tr class=\"row-16 even\">\n\t<td class=\"column-1\"><a href=\"http:\/\/helpdesk.deskcamera.com\/kb\/faq.php?id=30\" rel=\"noopener noreferrer\" target=\"_blank\">Combine video sources to Picture in Picture or Wall medias<\/a><\/td><td class=\"column-2\"><img src=\"https:\/\/www.deskcamera.com\/wp-content\/uploads\/2019\/05\/checkmark20.png\" alt=\"\" width=\"20\" height=\"20\" class=\"alignnone size-full wp-image-285\" \/><\/td>\n<\/tr>\n<tr class=\"row-17 odd\">\n\t<td class=\"column-1\"><a href=\"http:\/\/helpdesk.deskcamera.com\/kb\/faq.php?id=9\" rel=\"noopener noreferrer\" target=\"_blank\">Stream audio (Microphone or System Sounds) along with video<\/a><\/td><td class=\"column-2\"><img src=\"https:\/\/www.deskcamera.com\/wp-content\/uploads\/2019\/05\/checkmark20.png\" alt=\"\" width=\"20\" height=\"20\" class=\"alignnone size-full wp-image-285\" \/><\/td>\n<\/tr>\n<tr class=\"row-18 even\">\n\t<td class=\"column-1\"><a href=\"http:\/\/helpdesk.deskcamera.com\/kb\/faq.php?id=36\" rel=\"noopener noreferrer\" target=\"_blank\">Audio-only (no video) streams<\/a><\/td><td class=\"column-2\"><img src=\"https:\/\/www.deskcamera.com\/wp-content\/uploads\/2019\/05\/checkmark20.png\" alt=\"\" width=\"20\" height=\"20\" class=\"alignnone size-full wp-image-285\" \/><\/td>\n<\/tr>\n<tr class=\"row-19 odd\">\n\t<td class=\"column-1\"><a href=\"http:\/\/helpdesk.deskcamera.com\/kb\/faq.php?id=33\" rel=\"noopener noreferrer\" target=\"_blank\">Convert 3th party HTTP H264\/MJPEG stream to ONVIF<\/a><\/td><td class=\"column-2\"><img src=\"https:\/\/www.deskcamera.com\/wp-content\/uploads\/2019\/05\/checkmark20.png\" alt=\"\" width=\"20\" height=\"20\" class=\"alignnone size-full wp-image-285\" \/><\/td>\n<\/tr>\n<tr class=\"row-20 even\">\n\t<td class=\"column-1\"><a href=\"http:\/\/helpdesk.deskcamera.com\/kb\/faq.php?id=32\" rel=\"noopener noreferrer\" target=\"_blank\">Convert 3th party RTSP H264\/MJPEG stream to ONVIF<\/a><\/td><td class=\"column-2\"><img src=\"https:\/\/www.deskcamera.com\/wp-content\/uploads\/2019\/05\/checkmark20.png\" alt=\"\" width=\"20\" height=\"20\" class=\"alignnone size-full wp-image-285\" \/><\/td>\n<\/tr>\n<tr class=\"row-21 odd\">\n\t<td class=\"column-1\">Maximum number of medias (desktops + webcams + external streams)<\/td><td class=\"column-2\">20<\/td>\n<\/tr>\n<tr class=\"row-22 even\">\n\t<td class=\"column-1\">Encoder capabilities<\/td><td class=\"column-2\"><\/td>\n<\/tr>\n<tr class=\"row-23 odd\">\n\t<td class=\"column-1\">Resolution<\/td><td class=\"column-2\">Default: 640*480 - 1920*1080 . Higher resolutions are automatically scaled down to FullHD<br \/>\n<a href=\"http:\/\/helpdesk.deskcamera.com\/kb\/faq.php?id=43\" rel=\"noopener noreferrer\" target=\"_blank\">After config file change:<\/a> 640*480 - <strong>4096*2160 (4K)<\/strong><br \/>\n<\/td>\n<\/tr>\n<tr class=\"row-24 even\">\n\t<td class=\"column-1\">FPS<\/td><td class=\"column-2\">3 - 60 fps<\/td>\n<\/tr>\n<tr class=\"row-25 odd\">\n\t<td class=\"column-1\">Bitrate limit<\/td><td class=\"column-2\">512 - 10240 Kbps<\/td>\n<\/tr>\n<tr class=\"row-26 even\">\n\t<td class=\"column-1\">Rotation<\/td><td class=\"column-2\">Auto, None, R90, L90, FlipH, FlipV<\/td>\n<\/tr>\n<tr class=\"row-27 odd\">\n\t<td class=\"column-1\">Encoding<\/td><td class=\"column-2\">H264, Hardware accelerated H264, <a href=\"http:\/\/helpdesk.deskcamera.com\/kb\/faq.php?id=42\" rel=\"noopener noreferrer\" target=\"_blank\">Hardware accelerated H265<\/a>, MJPEG<\/td>\n<\/tr>\n<tr class=\"row-28 even\">\n\t<td class=\"column-1\">Audio<\/td><td class=\"column-2\">G711 u-law and AAC<\/td>\n<\/tr>\n<tr class=\"row-29 odd\">\n\t<td class=\"column-1\">Video overlay<\/td><td class=\"column-2\"><\/td>\n<\/tr>\n<tr class=\"row-30 even\">\n\t<td class=\"column-1\">Cursor overlay<\/td><td class=\"column-2\"><img src=\"https:\/\/www.deskcamera.com\/wp-content\/uploads\/2019\/05\/checkmark20.png\" alt=\"\" width=\"20\" height=\"20\" class=\"alignnone size-full wp-image-285\" \/><\/td>\n<\/tr>\n<tr class=\"row-31 odd\">\n\t<td class=\"column-1\">Timestamp overlay<\/td><td class=\"column-2\"><img src=\"https:\/\/www.deskcamera.com\/wp-content\/uploads\/2019\/05\/checkmark20.png\" alt=\"\" width=\"20\" height=\"20\" class=\"alignnone size-full wp-image-285\" \/><\/td>\n<\/tr>\n<tr class=\"row-32 even\">\n\t<td class=\"column-1\">Custom text overlay<\/td><td class=\"column-2\"><img src=\"https:\/\/www.deskcamera.com\/wp-content\/uploads\/2019\/05\/checkmark20.png\" alt=\"\" width=\"20\" height=\"20\" class=\"alignnone size-full wp-image-285\" \/><\/td>\n<\/tr>\n<tr class=\"row-33 odd\">\n\t<td class=\"column-1\">Hardware accelerated encoding<\/td><td class=\"column-2\"><\/td>\n<\/tr>\n<tr class=\"row-34 even\">\n\t<td class=\"column-1\">OS<\/td><td class=\"column-2\">Windows 8 or newer<\/td>\n<\/tr>\n<tr class=\"row-35 odd\">\n\t<td class=\"column-1\"><img src=\"https:\/\/www.deskcamera.com\/wp-content\/uploads\/2019\/05\/intel48.png\" alt=\"DeskCamera supports Intel QSV\" width=\"36\" height=\"24\" class=\"alignnone size-full wp-image-297\" \/>    Intel<\/td><td class=\"column-2\"><a href=\"https:\/\/en.wikipedia.org\/wiki\/Intel_Quick_Sync_Video\" rel=\"noopener noreferrer\" target=\"_blank\">CPU with Intel QSV (I3, I5, I7)<\/a><\/td>\n<\/tr>\n<tr class=\"row-36 even\">\n\t<td class=\"column-1\"><img src=\"https:\/\/www.deskcamera.com\/wp-content\/uploads\/2019\/05\/nvidia48.png\" alt=\"DeskCamera supports Nvidia NVENC\" width=\"31\" height=\"24\" class=\"alignnone size-full wp-image-308\" \/>   Nvidia<\/td><td class=\"column-2\"><a href=\"https:\/\/en.wikipedia.org\/wiki\/Nvidia_NVENC\" rel=\"noopener noreferrer\" target=\"_blank\">GPU with NVENC<\/a><\/td>\n<\/tr>\n<tr class=\"row-37 odd\">\n\t<td class=\"column-1\"><img src=\"https:\/\/www.deskcamera.com\/wp-content\/uploads\/2019\/05\/amd48.png\" alt=\"DeskCamera supports AMD VCE\" width=\"29\" height=\"24\" class=\"alignnone size-full wp-image-310\" \/>    AMD<\/td><td class=\"column-2\"><a href=\"https:\/\/en.wikipedia.org\/wiki\/Video_Coding_Engine\" rel=\"noopener noreferrer\" target=\"_blank\">GPU with VCE<\/a><\/td>\n<\/tr>\n<tr class=\"row-38 even\">\n\t<td class=\"column-1\">Application features<\/td><td class=\"column-2\"><\/td>\n<\/tr>\n<tr class=\"row-39 odd\">\n\t<td class=\"column-1\"><a href=\"http:\/\/helpdesk.deskcamera.com\/kb\/faq.php?id=18\" rel=\"noopener noreferrer\" target=\"_blank\">Offline installation<\/a><\/td><td class=\"column-2\"><img src=\"https:\/\/www.deskcamera.com\/wp-content\/uploads\/2019\/05\/checkmark20.png\" alt=\"\" width=\"20\" height=\"20\" class=\"alignnone size-full wp-image-285\" \/><\/td>\n<\/tr>\n<tr class=\"row-40 even\">\n\t<td class=\"column-1\"><a href=\"http:\/\/helpdesk.deskcamera.com\/kb\/faq.php?id=44\" rel=\"noopener noreferrer\" target=\"_blank\">Remote deployment<\/a><\/td><td class=\"column-2\"><img src=\"https:\/\/www.deskcamera.com\/wp-content\/uploads\/2019\/05\/checkmark20.png\" alt=\"\" width=\"20\" height=\"20\" class=\"alignnone size-full wp-image-285\" \/><\/td>\n<\/tr>\n<tr class=\"row-41 odd\">\n\t<td class=\"column-1\">Autostart with Windows<\/td><td class=\"column-2\"><img src=\"https:\/\/www.deskcamera.com\/wp-content\/uploads\/2019\/05\/checkmark20.png\" alt=\"\" width=\"20\" height=\"20\" class=\"alignnone size-full wp-image-285\" \/><\/td>\n<\/tr>\n<tr class=\"row-42 even\">\n\t<td class=\"column-1\">Hidden mode<\/td><td class=\"column-2\"><img src=\"https:\/\/www.deskcamera.com\/wp-content\/uploads\/2019\/05\/checkmark20.png\" alt=\"\" width=\"20\" height=\"20\" class=\"alignnone size-full wp-image-285\" \/><\/td>\n<\/tr>\n<tr class=\"row-43 odd\">\n\t<td class=\"column-1\">Protect by password<\/td><td class=\"column-2\"><img src=\"https:\/\/www.deskcamera.com\/wp-content\/uploads\/2019\/05\/checkmark20.png\" alt=\"\" width=\"20\" height=\"20\" class=\"alignnone size-full wp-image-285\" \/><\/td>\n<\/tr>\n<tr class=\"row-44 even\">\n\t<td class=\"column-1\">Prevent Windows entering idle state<\/td><td class=\"column-2\"><img src=\"https:\/\/www.deskcamera.com\/wp-content\/uploads\/2019\/05\/checkmark20.png\" alt=\"\" width=\"20\" height=\"20\" class=\"alignnone size-full wp-image-285\" \/><\/td>\n<\/tr>\n<tr class=\"row-45 odd\">\n\t<td class=\"column-1\">Run in background<\/td><td class=\"column-2\"><img src=\"https:\/\/www.deskcamera.com\/wp-content\/uploads\/2019\/05\/checkmark20.png\" alt=\"\" width=\"20\" height=\"20\" class=\"alignnone size-full wp-image-285\" \/><\/td>\n<\/tr>\n<tr class=\"row-46 even\">\n\t<td class=\"column-1\"><a href=\"http:\/\/helpdesk.deskcamera.com\/kb\/faq.php?id=28\" rel=\"noopener noreferrer\" target=\"_blank\">Maintain streaming from a Terminal PC when RDP session get disconnected<\/a><\/td><td class=\"column-2\"><img src=\"https:\/\/www.deskcamera.com\/wp-content\/uploads\/2019\/05\/checkmark20.png\" alt=\"\" width=\"20\" height=\"20\" class=\"alignnone size-full wp-image-285\" \/><\/td>\n<\/tr>\n<tr class=\"row-47 odd\">\n\t<td class=\"column-1\"><a href=\"http:\/\/helpdesk.deskcamera.com\/kb\/faq.php?id=31\" rel=\"noopener noreferrer\" target=\"_blank\">Manage  streaming parameters in the application<\/a><\/td><td class=\"column-2\"><img src=\"https:\/\/www.deskcamera.com\/wp-content\/uploads\/2019\/05\/checkmark20.png\" alt=\"\" width=\"20\" height=\"20\" class=\"alignnone size-full wp-image-285\" \/><\/td>\n<\/tr>\n<tr class=\"row-48 even\">\n\t<td class=\"column-1\">Convert external streams to ONVIF<\/td><td class=\"column-2\"><a href=\"http:\/\/helpdesk.deskcamera.com\/kb\/faq.php?id=33\" rel=\"noopener noreferrer\" target=\"_blank\">HTTP<\/a> and <a href=\"http:\/\/helpdesk.deskcamera.com\/kb\/faq.php?id=32\" rel=\"noopener noreferrer\" target=\"_blank\">RTSP<\/a><\/td>\n<\/tr>\n<tr class=\"row-49 odd\">\n\t<td class=\"column-1\">Runtime indication of the connected VMS\/NVR clients<\/td><td class=\"column-2\"><img src=\"https:\/\/www.deskcamera.com\/wp-content\/uploads\/2019\/05\/checkmark20.png\" alt=\"\" width=\"20\" height=\"20\" class=\"alignnone size-full wp-image-285\" \/><\/td>\n<\/tr>\n<tr class=\"row-50 even\">\n\t<td class=\"column-1\">Test \/ Preview media sources<\/td><td class=\"column-2\"><img src=\"https:\/\/www.deskcamera.com\/wp-content\/uploads\/2019\/05\/checkmark20.png\" alt=\"\" width=\"20\" height=\"20\" class=\"alignnone size-full wp-image-285\" \/><\/td>\n<\/tr>\n<\/tbody>\n<\/table>\n\n<p>[\/et_pb_text][et_pb_text _builder_version=\u00a0\u00bb4.4.8&Prime;]<\/p>\n<p>Pour plus de d\u00e9tails, veuillez consulter le site \u00a0<a href=\"http:\/\/helpdesk.deskcamera.com\/kb\/faq.php\" target=\"_blank\" rel=\"noopener noreferrer\">http:\/\/helpdesk.deskcamera.com\/kb\/faq.php<\/a><\/p>\n<p>* \u2013 DeskCamera prend en charge la plupart des fonctionnalit\u00e9s du profil S de l&rsquo;ONVIF ; seuls la configuration du r\u00e9seau et le param\u00e9trage des utilisateurs ne sont pas pris en charge<\/p>\n<p>[\/et_pb_text][\/et_pb_column][\/et_pb_row][\/et_pb_section]<\/p>\n","protected":false},"excerpt":{"rendered":"<p>[et_pb_section fb_built=\u00a0\u00bb1&Prime; _builder_version=\u00a0\u00bb4.4.8&Prime; custom_padding=\u00a0\u00bb0px||0px||true|false\u00a0\u00bb][et_pb_row _builder_version=\u00a0\u00bb4.4.8&Prime;][et_pb_column type=\u00a0\u00bb4_4&Prime; _builder_version=\u00a0\u00bb4.4.8&Prime;][et_pb_text _builder_version=\u00a0\u00bb4.4.8&Prime; header_2_font=\u00a0\u00bbOpen Sans||||||||\u00a0\u00bb header_2_text_align=\u00a0\u00bbcenter\u00a0\u00bb header_2_text_color=\u00a0\u00bb#404040&Prime; header_2_font_size=\u00a0\u00bb36px\u00a0\u00bb] Caract\u00e9ristiques [\/et_pb_text][\/et_pb_column][\/et_pb_row][\/et_pb_section][et_pb_section fb_built=\u00a0\u00bb1&Prime; _builder_version=\u00a0\u00bb4.4.8&Prime; use_background_color_gradient=\u00a0\u00bbon\u00a0\u00bb background_color_gradient_start=\u00a0\u00bb#f2f2f2&Prime; background_color_gradient_end=\u00a0\u00bb#008DBF\u00a0\u00bb background_color_gradient_direction=\u00a0\u00bb90deg\u00a0\u00bb background_color_gradient_start_position=\u00a0\u00bb40%\u00a0\u00bb background_color_gradient_end_position=\u00a0\u00bb40%\u00a0\u00bb background_image=\u00a0\u00bbhttps:\/\/www.deskcamera.com\/wp-content\/uploads\/2020\/06\/features-rectangles.svg\u00a0\u00bb background_size=\u00a0\u00bbcontain\u00a0\u00bb background_position=\u00a0\u00bbcenter_right\u00a0\u00bb background_color_tablet=\u00a0\u00bb#f2f2f2&Prime; background_color_phone=\u00a0\u00bb#f2f2f2&Prime; background_last_edited=\u00a0\u00bbon|phone\u00a0\u00bb background_enable_color_tablet=\u00a0\u00bbon\u00a0\u00bb background_enable_color_phone=\u00a0\u00bbon\u00a0\u00bb use_background_color_gradient_tablet=\u00a0\u00bboff\u00a0\u00bb use_background_color_gradient_phone=\u00a0\u00bboff\u00a0\u00bb background_enable_image_phone=\u00a0\u00bboff\u00a0\u00bb][et_pb_row column_structure=\u00a0\u00bb2_5,3_5&Prime; module_id=\u00a0\u00bbfeatures-top-section\u00a0\u00bb _builder_version=\u00a0\u00bb4.4.8&Prime; vertical_offset=\u00a0\u00bb0px\u00a0\u00bb horizontal_offset=\u00a0\u00bb0px\u00a0\u00bb custom_css_main_element_last_edited=\u00a0\u00bbon|tablet\u00a0\u00bb custom_css_main_element_tablet=\u00a0\u00bbdisplay: flex;||flex-direction: column;\u00a0\u00bb custom_css_main_element_phone=\u00a0\u00bbdisplay: flex;||flex-direction: column;\u00a0\u00bb][et_pb_column type=\u00a0\u00bb2_5&Prime; _builder_version=\u00a0\u00bb4.4.8&Prime; custom_padding=\u00a0\u00bb0px|60px|||false|false\u00a0\u00bb custom_padding_tablet=\u00a0\u00bb50px|60px|||false|false\u00a0\u00bb custom_padding_phone=\u00a0\u00bb50px||||false|false\u00a0\u00bb custom_padding_last_edited=\u00a0\u00bbon|desktop\u00a0\u00bb custom_css_main_element=\u00a0\u00bborder: 2;\u00a0\u00bb][et_pb_text _builder_version=\u00a0\u00bb4.4.8&Prime;] [&hellip;]<\/p>\n","protected":false},"author":2,"featured_media":0,"parent":0,"menu_order":0,"comment_status":"closed","ping_status":"closed","template":"","meta":{"_et_pb_use_builder":"on","_et_pb_old_content":"","_et_gb_content_width":""},"_links":{"self":[{"href":"https:\/\/www.deskcamera.com\/fr\/wp-json\/wp\/v2\/pages\/3726"}],"collection":[{"href":"https:\/\/www.deskcamera.com\/fr\/wp-json\/wp\/v2\/pages"}],"about":[{"href":"https:\/\/www.deskcamera.com\/fr\/wp-json\/wp\/v2\/types\/page"}],"author":[{"embeddable":true,"href":"https:\/\/www.deskcamera.com\/fr\/wp-json\/wp\/v2\/users\/2"}],"replies":[{"embeddable":true,"href":"https:\/\/www.deskcamera.com\/fr\/wp-json\/wp\/v2\/comments?post=3726"}],"version-history":[{"count":0,"href":"https:\/\/www.deskcamera.com\/fr\/wp-json\/wp\/v2\/pages\/3726\/revisions"}],"wp:attachment":[{"href":"https:\/\/www.deskcamera.com\/fr\/wp-json\/wp\/v2\/media?parent=3726"}],"curies":[{"name":"wp","href":"https:\/\/api.w.org\/{rel}","templated":true}]}}