{"id":3734,"date":"2020-06-25T07:26:10","date_gmt":"2020-06-25T07:26:10","guid":{"rendered":"https:\/\/www.deskcamera.com\/industries\/"},"modified":"2021-02-18T13:16:23","modified_gmt":"2021-02-18T13:16:23","slug":"industries","status":"publish","type":"page","link":"https:\/\/www.deskcamera.com\/fr\/industries\/","title":{"rendered":"Industries"},"content":{"rendered":"<p>[et_pb_section fb_built=\u00a0\u00bb1&Prime; _builder_version=\u00a0\u00bb4.4.8&Prime; custom_padding=\u00a0\u00bb0px||||false|false\u00a0\u00bb][et_pb_row _builder_version=\u00a0\u00bb4.4.8&Prime; custom_padding=\u00a0\u00bb||||true|false\u00a0\u00bb][et_pb_column type=\u00a0\u00bb4_4&Prime; _builder_version=\u00a0\u00bb4.4.8&Prime;][et_pb_text _builder_version=\u00a0\u00bb4.4.8&Prime; header_font=\u00a0\u00bbOpen Sans|300|||||||\u00a0\u00bb header_text_align=\u00a0\u00bbcenter\u00a0\u00bb header_text_color=\u00a0\u00bb#404040&Prime; header_font_size=\u00a0\u00bb36px\u00a0\u00bb]<\/p>\n<h1>S\u00e9lectionnez un secteur dans la liste pour en savoir plus<\/h1>\n<p>[\/et_pb_text][\/et_pb_column][\/et_pb_row][et_pb_row column_structure=\u00a0\u00bb1_2,1_2&Prime; use_custom_gutter=\u00a0\u00bbon\u00a0\u00bb gutter_width=\u00a0\u00bb2&Prime; _builder_version=\u00a0\u00bb4.4.8&Prime; custom_margin=\u00a0\u00bb||||false|false\u00a0\u00bb custom_padding=\u00a0\u00bb0px|0px|0px|0px|false|false\u00a0\u00bb background__hover_enabled=\u00a0\u00bboff|desktop\u00a0\u00bb][et_pb_column type=\u00a0\u00bb1_2&Prime; _builder_version=\u00a0\u00bb4.4.8&Prime; background_image=\u00a0\u00bbhttps:\/\/www.deskcamera.com\/wp-content\/uploads\/2020\/07\/industries-retail.jpg\u00a0\u00bb custom_padding=\u00a0\u00bb|0px||0px|false|false\u00a0\u00bb background__hover_enabled=\u00a0\u00bbon|hover\u00a0\u00bb background_color__hover=\u00a0\u00bb\u00a0\u00bb background_enable_color__hover=\u00a0\u00bboff\u00a0\u00bb background_blend__hover=\u00a0\u00bbnormal\u00a0\u00bb background_image__hover=\u00a0\u00bbhttps:\/\/www.deskcamera.com\/wp-content\/uploads\/2020\/07\/industries-retail.jpg\u00a0\u00bb background_enable_image__hover=\u00a0\u00bbon\u00a0\u00bb title_text__hover=\u00a0\u00bbindustries-retail\u00a0\u00bb transform_styles__hover_enabled=\u00a0\u00bbon|desktop\u00a0\u00bb transform_scale__hover_enabled=\u00a0\u00bbon|desktop\u00a0\u00bb transform_translate__hover_enabled=\u00a0\u00bbon|desktop\u00a0\u00bb transform_rotate__hover_enabled=\u00a0\u00bbon|desktop\u00a0\u00bb transform_skew__hover_enabled=\u00a0\u00bbon|desktop\u00a0\u00bb transform_origin__hover_enabled=\u00a0\u00bbon|desktop\u00a0\u00bb background_size__hover=\u00a0\u00bbcover\u00a0\u00bb parallax__hover=\u00a0\u00bboff\u00a0\u00bb][et_pb_text _builder_version=\u00a0\u00bb4.4.8&Prime; text_text_color=\u00a0\u00bb#ffffff\u00a0\u00bb header_3_text_color=\u00a0\u00bb#ffffff\u00a0\u00bb custom_padding=\u00a0\u00bb200px|30px|30px|30px|false|false\u00a0\u00bb link_option_url=\u00a0\u00bb\/fr\/industries\/retail-pos-surveillance\/\u00a0\u00bb background__hover_enabled=\u00a0\u00bbon|hover\u00a0\u00bb background_color__hover=\u00a0\u00bbrgba(0,141,191,0.8)\u00a0\u00bb background_enable_color__hover=\u00a0\u00bbon\u00a0\u00bb]<\/p>\n<h3 class=\"h3-industries\">Surveillance Commerces &amp; PDV<\/h3>\n<p>DeskCamera est une passerelle entre les terminaux de point de vente et l&rsquo;infrastructure de vid\u00e9osurveillance.<\/p>\n<p>[\/et_pb_text][\/et_pb_column][et_pb_column type=\u00a0\u00bb1_2&Prime; _builder_version=\u00a0\u00bb4.4.8&Prime; background_image=\u00a0\u00bbhttps:\/\/www.deskcamera.com\/wp-content\/uploads\/2020\/07\/industries-CNI.jpg\u00a0\u00bb background__hover_enabled=\u00a0\u00bbon|hover\u00a0\u00bb background_size__hover=\u00a0\u00bbcover\u00a0\u00bb background_image__hover=\u00a0\u00bbhttps:\/\/www.deskcamera.com\/wp-content\/uploads\/2020\/07\/industries-CNI.jpg\u00a0\u00bb background_enable_image__hover=\u00a0\u00bbon\u00a0\u00bb title_text__hover=\u00a0\u00bbindustries-CNI\u00a0\u00bb][et_pb_text _builder_version=\u00a0\u00bb4.4.8&Prime; text_text_color=\u00a0\u00bb#ffffff\u00a0\u00bb header_3_text_color=\u00a0\u00bb#ffffff\u00a0\u00bb background_enable_image=\u00a0\u00bboff\u00a0\u00bb custom_padding=\u00a0\u00bb200px|30px|30px|30px|false|false\u00a0\u00bb link_option_url=\u00a0\u00bb\/fr\/industries\/cni-manufacturing\/\u00a0\u00bb background__hover_enabled=\u00a0\u00bbon|desktop\u00a0\u00bb background_color__hover=\u00a0\u00bbrgba(0,141,191,0.8)\u00a0\u00bb background_enable_color__hover=\u00a0\u00bbon\u00a0\u00bb]<\/p>\n<h3 class=\"h3-industries\">Production et Logiciels Critiques<\/h3>\n<p>DeskCamera diffuse les \u00e9crans affichant des logiciels propri\u00e9taires tels que pour les services d&rsquo;eau ou SCADA<\/p>\n<p>[\/et_pb_text][\/et_pb_column][\/et_pb_row][et_pb_row column_structure=\u00a0\u00bb1_2,1_2&Prime; use_custom_gutter=\u00a0\u00bbon\u00a0\u00bb gutter_width=\u00a0\u00bb2&Prime; _builder_version=\u00a0\u00bb4.4.8&Prime; custom_padding=\u00a0\u00bb||0px||false|false\u00a0\u00bb][et_pb_column type=\u00a0\u00bb1_2&Prime; _builder_version=\u00a0\u00bb4.4.8&Prime; background_image=\u00a0\u00bbhttps:\/\/www.deskcamera.com\/wp-content\/uploads\/2020\/07\/industries-airport.jpg\u00a0\u00bb background__hover_enabled=\u00a0\u00bbon|hover\u00a0\u00bb background_size__hover=\u00a0\u00bbcover\u00a0\u00bb][et_pb_text _builder_version=\u00a0\u00bb4.4.8&Prime; text_text_color=\u00a0\u00bb#ffffff\u00a0\u00bb header_3_text_color=\u00a0\u00bb#ffffff\u00a0\u00bb custom_padding=\u00a0\u00bb200px|30px|30px|30px|false|false\u00a0\u00bb link_option_url=\u00a0\u00bb\/fr\/industries\/airports\/\u00a0\u00bb background__hover_enabled=\u00a0\u00bbon|hover\u00a0\u00bb background_color__hover=\u00a0\u00bbrgba(0,141,191,0.8)\u00a0\u00bb background_enable_color__hover=\u00a0\u00bbon\u00a0\u00bb]<\/p>\n<h3>A\u00e9roports<\/h3>\n<p>DeskCamera capture et stocke les \u00e9crans d&rsquo;arriv\u00e9es et de d\u00e9parts des vols sur le VMS pour constituer un historique<\/p>\n<p>[\/et_pb_text][\/et_pb_column][et_pb_column type=\u00a0\u00bb1_2&Prime; _builder_version=\u00a0\u00bb4.4.8&Prime; background_image=\u00a0\u00bbhttps:\/\/www.deskcamera.com\/wp-content\/uploads\/2020\/07\/industries-city-surveillance.jpg\u00a0\u00bb background__hover_enabled=\u00a0\u00bbon|hover\u00a0\u00bb background_size__hover=\u00a0\u00bbcover\u00a0\u00bb][et_pb_text _builder_version=\u00a0\u00bb4.4.8&Prime; text_text_color=\u00a0\u00bb#ffffff\u00a0\u00bb header_3_text_color=\u00a0\u00bb#ffffff\u00a0\u00bb custom_padding=\u00a0\u00bb200px|30px|30px|30px|false|false\u00a0\u00bb link_option_url=\u00a0\u00bb\/fr\/industries\/city-surveillance\/\u00a0\u00bb background__hover_enabled=\u00a0\u00bbon|hover\u00a0\u00bb background_color__hover=\u00a0\u00bbrgba(0,141,191,0.8)\u00a0\u00bb background_enable_color__hover=\u00a0\u00bbon\u00a0\u00bb]<\/p>\n<h3>Surveillance Publique<\/h3>\n<p><span style=\"color: #ffffff;\">DeskCamera peut \u00eatre utilis\u00e9 pour enregistrer les \u00e9crans dans les salles de contr\u00f4le de s\u00e9curit\u00e9 \u00e0 des fins d&rsquo;audit<br \/><\/span><\/p>\n<p>[\/et_pb_text][\/et_pb_column][\/et_pb_row][et_pb_row column_structure=\u00a0\u00bb1_2,1_2&Prime; use_custom_gutter=\u00a0\u00bbon\u00a0\u00bb gutter_width=\u00a0\u00bb2&Prime; _builder_version=\u00a0\u00bb4.4.8&Prime; custom_margin=\u00a0\u00bb||||false|false\u00a0\u00bb custom_padding=\u00a0\u00bb||0px||false|false\u00a0\u00bb][et_pb_column type=\u00a0\u00bb1_2&Prime; _builder_version=\u00a0\u00bb4.4.8&Prime; background_image=\u00a0\u00bbhttps:\/\/www.deskcamera.com\/wp-content\/uploads\/2020\/07\/industires-casino.jpg\u00a0\u00bb background__hover_enabled=\u00a0\u00bbon|hover\u00a0\u00bb background_size__hover=\u00a0\u00bbcover\u00a0\u00bb][et_pb_text _builder_version=\u00a0\u00bb4.4.8&Prime; text_text_color=\u00a0\u00bb#ffffff\u00a0\u00bb header_3_text_color=\u00a0\u00bb#ffffff\u00a0\u00bb custom_padding=\u00a0\u00bb200px|30px|30px|30px|false|false\u00a0\u00bb link_option_url=\u00a0\u00bb\/fr\/industries\/casinos\/\u00a0\u00bb background__hover_enabled=\u00a0\u00bbon|hover\u00a0\u00bb background_color__hover=\u00a0\u00bbrgba(0,141,191,0.8)\u00a0\u00bb background_enable_color__hover=\u00a0\u00bbon\u00a0\u00bb]<\/p>\n<h3>Casinos<\/h3>\n<p>DeskCamera rend possible la cr\u00e9ation d&rsquo;une seule et unique preuve vid\u00e9o \u00e0 partir de diff\u00e9rentes cam\u00e9ras<\/p>\n<p>[\/et_pb_text][\/et_pb_column][et_pb_column type=\u00a0\u00bb1_2&Prime; _builder_version=\u00a0\u00bb4.4.8&Prime; background_image=\u00a0\u00bbhttps:\/\/www.deskcamera.com\/wp-content\/uploads\/2020\/07\/Industries-students.jpg\u00a0\u00bb background__hover_enabled=\u00a0\u00bbon|hover\u00a0\u00bb background_size__hover=\u00a0\u00bbcover\u00a0\u00bb][et_pb_text _builder_version=\u00a0\u00bb4.4.8&Prime; text_text_color=\u00a0\u00bb#ffffff\u00a0\u00bb header_3_text_color=\u00a0\u00bb#ffffff\u00a0\u00bb custom_padding=\u00a0\u00bb200px|30px|30px|30px|false|false\u00a0\u00bb link_option_url=\u00a0\u00bb\/fr\/industries\/education-healthcare\/\u00a0\u00bb background__hover_enabled=\u00a0\u00bbon|hover\u00a0\u00bb background_color__hover=\u00a0\u00bbrgba(0,141,191,0.8)\u00a0\u00bb background_enable_color__hover=\u00a0\u00bbon\u00a0\u00bb]<\/p>\n<h3>\u00c9ducation &amp; Sant\u00e9<\/h3>\n<p>DesksCamera aide \u00e0 surveiller les activit\u00e9s informatiques pendant les concours et les examens<\/p>\n<p>[\/et_pb_text][\/et_pb_column][\/et_pb_row][et_pb_row column_structure=\u00a0\u00bb1_2,1_2&Prime; use_custom_gutter=\u00a0\u00bbon\u00a0\u00bb gutter_width=\u00a0\u00bb2&Prime; _builder_version=\u00a0\u00bb4.4.8&Prime;][et_pb_column type=\u00a0\u00bb1_2&Prime; _builder_version=\u00a0\u00bb4.4.8&Prime; background_image=\u00a0\u00bbhttps:\/\/www.deskcamera.com\/wp-content\/uploads\/2020\/07\/Industires-bank.jpg\u00a0\u00bb background__hover_enabled=\u00a0\u00bbon|hover\u00a0\u00bb background_size__hover=\u00a0\u00bbcover\u00a0\u00bb][et_pb_text _builder_version=\u00a0\u00bb4.4.8&Prime; text_text_color=\u00a0\u00bb#ffffff\u00a0\u00bb header_3_text_color=\u00a0\u00bb#ffffff\u00a0\u00bb custom_padding=\u00a0\u00bb200px|30px|30px|30px|false|false\u00a0\u00bb link_option_url=\u00a0\u00bb\/fr\/industries\/banking\/\u00a0\u00bb background__hover_enabled=\u00a0\u00bbon|hover\u00a0\u00bb background_color__hover=\u00a0\u00bbrgba(0,141,191,0.8)\u00a0\u00bb background_enable_color__hover=\u00a0\u00bbon\u00a0\u00bb]<\/p>\n<h3>Banque<\/h3>\n<p><span>DeskCamera permet la surveillance vid\u00e9o des ordinateurs et des distributeurs de billets des banques\u00a0\u00a0 <\/span><\/p>\n<p>[\/et_pb_text][\/et_pb_column][et_pb_column type=\u00a0\u00bb1_2&Prime; _builder_version=\u00a0\u00bb4.4.8&Prime; background_image=\u00a0\u00bbhttps:\/\/www.deskcamera.com\/wp-content\/uploads\/2020\/07\/industries-others.jpg\u00a0\u00bb background__hover_enabled=\u00a0\u00bbon|hover\u00a0\u00bb background_size__hover=\u00a0\u00bbcover\u00a0\u00bb][et_pb_text _builder_version=\u00a0\u00bb4.4.8&Prime; text_text_color=\u00a0\u00bb#ffffff\u00a0\u00bb header_3_text_color=\u00a0\u00bb#ffffff\u00a0\u00bb custom_padding=\u00a0\u00bb200px|30px|30px|30px|false|false\u00a0\u00bb link_option_url=\u00a0\u00bb\/fr\/industries\/other-industries\/\u00a0\u00bb background__hover_enabled=\u00a0\u00bbon|hover\u00a0\u00bb background_color__hover=\u00a0\u00bbrgba(0,141,191,0.8)\u00a0\u00bb background_enable_color__hover=\u00a0\u00bbon\u00a0\u00bb]<\/p>\n<h3>Autres Secteurs<\/h3>\n<p>DeskCamera est utilisable dans n&rsquo;importe quelle activit\u00e9 qui utilise un PC comme point de service ou d&rsquo;information<\/p>\n<p>[\/et_pb_text][\/et_pb_column][\/et_pb_row][\/et_pb_section]<\/p>\n","protected":false},"excerpt":{"rendered":"<p>[et_pb_section fb_built=\u00a0\u00bb1&Prime; _builder_version=\u00a0\u00bb4.4.8&Prime; custom_padding=\u00a0\u00bb0px||||false|false\u00a0\u00bb][et_pb_row _builder_version=\u00a0\u00bb4.4.8&Prime; custom_padding=\u00a0\u00bb||||true|false\u00a0\u00bb][et_pb_column type=\u00a0\u00bb4_4&Prime; _builder_version=\u00a0\u00bb4.4.8&Prime;][et_pb_text _builder_version=\u00a0\u00bb4.4.8&Prime; header_font=\u00a0\u00bbOpen Sans|300|||||||\u00a0\u00bb header_text_align=\u00a0\u00bbcenter\u00a0\u00bb header_text_color=\u00a0\u00bb#404040&Prime; header_font_size=\u00a0\u00bb36px\u00a0\u00bb] S\u00e9lectionnez un secteur dans la liste pour en savoir plus [\/et_pb_text][\/et_pb_column][\/et_pb_row][et_pb_row column_structure=\u00a0\u00bb1_2,1_2&Prime; use_custom_gutter=\u00a0\u00bbon\u00a0\u00bb gutter_width=\u00a0\u00bb2&Prime; _builder_version=\u00a0\u00bb4.4.8&Prime; custom_margin=\u00a0\u00bb||||false|false\u00a0\u00bb custom_padding=\u00a0\u00bb0px|0px|0px|0px|false|false\u00a0\u00bb background__hover_enabled=\u00a0\u00bboff|desktop\u00a0\u00bb][et_pb_column type=\u00a0\u00bb1_2&Prime; _builder_version=\u00a0\u00bb4.4.8&Prime; background_image=\u00a0\u00bbhttps:\/\/www.deskcamera.com\/wp-content\/uploads\/2020\/07\/industries-retail.jpg\u00a0\u00bb custom_padding=\u00a0\u00bb|0px||0px|false|false\u00a0\u00bb background__hover_enabled=\u00a0\u00bbon|hover\u00a0\u00bb background_color__hover=\u00a0\u00bb\u00a0\u00bb background_enable_color__hover=\u00a0\u00bboff\u00a0\u00bb background_blend__hover=\u00a0\u00bbnormal\u00a0\u00bb background_image__hover=\u00a0\u00bbhttps:\/\/www.deskcamera.com\/wp-content\/uploads\/2020\/07\/industries-retail.jpg\u00a0\u00bb background_enable_image__hover=\u00a0\u00bbon\u00a0\u00bb title_text__hover=\u00a0\u00bbindustries-retail\u00a0\u00bb transform_styles__hover_enabled=\u00a0\u00bbon|desktop\u00a0\u00bb transform_scale__hover_enabled=\u00a0\u00bbon|desktop\u00a0\u00bb transform_translate__hover_enabled=\u00a0\u00bbon|desktop\u00a0\u00bb transform_rotate__hover_enabled=\u00a0\u00bbon|desktop\u00a0\u00bb transform_skew__hover_enabled=\u00a0\u00bbon|desktop\u00a0\u00bb transform_origin__hover_enabled=\u00a0\u00bbon|desktop\u00a0\u00bb background_size__hover=\u00a0\u00bbcover\u00a0\u00bb parallax__hover=\u00a0\u00bboff\u00a0\u00bb][et_pb_text _builder_version=\u00a0\u00bb4.4.8&Prime; text_text_color=\u00a0\u00bb#ffffff\u00a0\u00bb header_3_text_color=\u00a0\u00bb#ffffff\u00a0\u00bb custom_padding=\u00a0\u00bb200px|30px|30px|30px|false|false\u00a0\u00bb [&hellip;]<\/p>\n","protected":false},"author":2,"featured_media":0,"parent":0,"menu_order":0,"comment_status":"closed","ping_status":"closed","template":"","meta":{"_et_pb_use_builder":"on","_et_pb_old_content":"","_et_gb_content_width":""},"_links":{"self":[{"href":"https:\/\/www.deskcamera.com\/fr\/wp-json\/wp\/v2\/pages\/3734"}],"collection":[{"href":"https:\/\/www.deskcamera.com\/fr\/wp-json\/wp\/v2\/pages"}],"about":[{"href":"https:\/\/www.deskcamera.com\/fr\/wp-json\/wp\/v2\/types\/page"}],"author":[{"embeddable":true,"href":"https:\/\/www.deskcamera.com\/fr\/wp-json\/wp\/v2\/users\/2"}],"replies":[{"embeddable":true,"href":"https:\/\/www.deskcamera.com\/fr\/wp-json\/wp\/v2\/comments?post=3734"}],"version-history":[{"count":0,"href":"https:\/\/www.deskcamera.com\/fr\/wp-json\/wp\/v2\/pages\/3734\/revisions"}],"wp:attachment":[{"href":"https:\/\/www.deskcamera.com\/fr\/wp-json\/wp\/v2\/media?parent=3734"}],"curies":[{"name":"wp","href":"https:\/\/api.w.org\/{rel}","templated":true}]}}