{"id":3816,"date":"2020-07-20T10:21:55","date_gmt":"2020-07-20T10:21:55","guid":{"rendered":"https:\/\/www.deskcamera.com\/terms-of-service\/"},"modified":"2025-06-11T12:56:01","modified_gmt":"2025-06-11T12:56:01","slug":"terms-of-service","status":"publish","type":"page","link":"https:\/\/www.deskcamera.com\/fr\/terms-of-service\/","title":{"rendered":"Terms of Service"},"content":{"rendered":"<p>[et_pb_section fb_built=\u00a0\u00bb1&Prime; _builder_version=\u00a0\u00bb4.4.8&Prime; custom_padding=\u00a0\u00bb0px||||false|false\u00a0\u00bb][et_pb_row _builder_version=\u00a0\u00bb4.4.8&Prime;][et_pb_column type=\u00a0\u00bb4_4&Prime; _builder_version=\u00a0\u00bb4.4.8&Prime;][et_pb_text _builder_version=\u00a0\u00bb4.9.4&Prime; hover_enabled=\u00a0\u00bb0&Prime; sticky_enabled=\u00a0\u00bb0&Prime;]<\/p>\n<h2 style=\"text-align: center;\"><strong>Conditions d&rsquo;utilisation<\/strong><\/h2>\n<p><strong><\/strong><\/p>\n<p><strong><\/strong><\/p>\n<p><strong>1. Acceptation des conditions<\/strong><br \/>Le pr\u00e9sent contrat d\u00e9crit les conditions d&rsquo;utilisation du site Web de DeskCamera (le \u00ab\u00a0Contrat\u00a0\u00bb). En utilisant ce site, vous reconnaissez avoir lu et accept\u00e9 int\u00e9gralement le pr\u00e9sent Contrat, et vous acceptez d&rsquo;\u00eatre li\u00e9 par ses conditions. Ces conditions s&rsquo;appliquent \u00e0 tous les utilisateurs du site.<\/p>\n<p><strong>2. Politique de confidentialit\u00e9<\/strong><br \/>En tant que fournisseur de service en ligne, nous demandons certaines informations lors de l&rsquo;inscription sur ce site. Toutes les informations fournies par les utilisateurs sont collect\u00e9es, utilis\u00e9es, conserv\u00e9es, partag\u00e9es et supprim\u00e9es conform\u00e9ment \u00e0 notre <a href=\"https:\/\/www.deskcamera.com\/privacy-notice\/\">Politique de confidentialit\u00e9<\/a>.<\/p>\n<p><strong>3. Licence<\/strong><br \/>Les utilisateurs sont autoris\u00e9s \u00e0 utiliser ce site uniquement \u00e0 des fins d&rsquo;information sur le logiciel DeskCamera, ainsi que pour passer des commandes et acheter des licences pour ledit logiciel.<\/p>\n<p>En passant une commande, l&rsquo;utilisateur accepte le contrat de licence utilisateur final (EULA) du logiciel DeskCamera, disponible ici : <a href=\"https:\/\/www.deskcamera.com\/eula\/\">https:\/\/www.deskcamera.com\/eula\/<\/a><\/p>\n<p><strong>4. Suspension et r\u00e9siliation<\/strong><br \/>Vous acceptez que DeskCamera, \u00e0 sa seule discr\u00e9tion, pour quelque raison que ce soit ou sans raison, et sans p\u00e9nalit\u00e9, puisse suspendre ou mettre fin \u00e0 votre utilisation du site \u00e0 tout moment.<\/p>\n<p><strong>5. Politique d&rsquo;annulation et de remboursement<\/strong><br \/>Si vous avez des difficult\u00e9s \u00e0 faire fonctionner DeskCamera, vous devez d&rsquo;abord nous permettre de tenter de r\u00e9soudre le probl\u00e8me. Si celui-ci ne peut \u00eatre r\u00e9solu et qu&rsquo;il ne s&rsquo;agit pas d&rsquo;un probl\u00e8me d&rsquo;incompatibilit\u00e9 avec un produit tiers, nous vous rembourserons int\u00e9gralement dans un d\u00e9lai de 14 jours suivant l&rsquo;achat initial. Aucun remboursement ne sera effectu\u00e9 apr\u00e8s 14 jours. Avant qu\u2019un remboursement ne soit accord\u00e9, vous devez soumettre un ticket \u00e0 notre service support.<\/p>\n<p><strong>6. Utilisations interdites<\/strong><br \/>La copie, le partage ou la distribution non autoris\u00e9e du contenu du site est strictement interdite. Cela constitue une violation des droits d&rsquo;auteur et entra\u00eenera des poursuites judiciaires.<\/p>\n<p>En plus des interdictions \u00e9num\u00e9r\u00e9es, il est interdit d&rsquo;utiliser le site ou son contenu :<\/p>\n<ol>\n<li>\u00e0 des fins ill\u00e9gales ;<\/li>\n<li>pour solliciter d&rsquo;autres personnes \u00e0 accomplir ou participer \u00e0 des actes ill\u00e9gaux ;<\/li>\n<li>pour enfreindre toute r\u00e9glementation, loi ou ordonnance locale, nationale ou internationale ;<\/li>\n<li>pour porter atteinte \u00e0 nos droits de propri\u00e9t\u00e9 intellectuelle ou \u00e0 ceux de tiers ;<\/li>\n<li>pour harceler, abuser, insulter, nuire, diffamer, calomnier, intimider ou discriminer sur la base du sexe, de l\u2019orientation sexuelle, de la religion, de l\u2019ethnie, de la race, de l\u2019\u00e2ge, de l\u2019origine nationale ou du handicap ;<\/li>\n<li>pour soumettre des informations fausses ou trompeuses ;<\/li>\n<li>pour t\u00e9l\u00e9charger ou transmettre des virus ou tout autre type de code malveillant susceptible d&rsquo;affecter le bon fonctionnement du service, d&rsquo;autres sites ou d&rsquo;Internet ;<\/li>\n<li>pour collecter ou suivre les informations personnelles d\u2019autrui ;<\/li>\n<li>pour spammer, hame\u00e7onner (phishing), usurper une identit\u00e9, indexer ou extraire des donn\u00e9es ;<\/li>\n<li>\u00e0 des fins obsc\u00e8nes ou immorales ;<\/li>\n<li>pour contourner ou compromettre les fonctionnalit\u00e9s de s\u00e9curit\u00e9 du service ou de tout autre site.<\/li>\n<\/ol>\n<p>Nous nous r\u00e9servons le droit de mettre fin \u00e0 votre utilisation du service ou de tout site connexe en cas de violation des utilisations interdites.<\/p>\n<p><strong>7. Exclusion de garanties et limitation de responsabilit\u00e9<\/strong><br \/>Nous ne garantissons pas que l&rsquo;utilisation de notre site sera ininterrompue, rapide, s\u00e9curis\u00e9e ou sans erreur.<\/p>\n<p>Nous ne garantissons pas que les r\u00e9sultats obtenus par l&rsquo;utilisation du site seront exacts ou fiables.<\/p>\n<p>Vous acceptez express\u00e9ment que votre utilisation du site, ou votre incapacit\u00e9 \u00e0 l&rsquo;utiliser, se fait \u00e0 vos propres risques. Le site ainsi que tous les produits et services fournis via celui-ci sont (sauf indication contraire expresse) propos\u00e9s \u00ab tels quels \u00bb et \u00ab selon disponibilit\u00e9 \u00bb, sans aucune garantie, explicite ou implicite, y compris les garanties implicites de qualit\u00e9 marchande, d&rsquo;ad\u00e9quation \u00e0 un usage particulier, de durabilit\u00e9, de titre et d&rsquo;absence de contrefa\u00e7on.<\/p>\n<p>En aucun cas, DeskCamera, ses directeurs, employ\u00e9s, partenaires, agents, sous-traitants, prestataires ou conc\u00e9dants de licence ne seront tenus responsables de toute blessure, perte, r\u00e9clamation ou dommage, qu&rsquo;il soit direct, indirect, accessoire, punitif, sp\u00e9cial ou cons\u00e9cutif, y compris, mais sans s&rsquo;y limiter, la perte de profits, de revenus, d&rsquo;\u00e9conomies, de donn\u00e9es ou de tout dommage similaire, que ce soit sur la base d\u2019un contrat, d\u2019un d\u00e9lit (y compris la n\u00e9gligence), d\u2019une responsabilit\u00e9 stricte ou autre, m\u00eame si nous avons \u00e9t\u00e9 inform\u00e9s de la possibilit\u00e9 de tels dommages.<\/p>\n<p>Certaines juridictions ne permettent pas l&rsquo;exclusion ou la limitation de responsabilit\u00e9 pour les dommages indirects ou accessoires ; dans ce cas, notre responsabilit\u00e9 sera limit\u00e9e dans toute la mesure permise par la loi.<\/p>\n<p><strong>8. Modifications des conditions d&rsquo;utilisation<\/strong><br \/>Vous pouvez consulter la version la plus r\u00e9cente des conditions d&rsquo;utilisation \u00e0 tout moment ici : <a href=\"https:\/\/www.deskcamera.com\/terms-of-service\/\">https:\/\/www.deskcamera.com\/terms-of-service\/<\/a><\/p>\n<p>Nous nous r\u00e9servons le droit de mettre \u00e0 jour, modifier ou remplacer toute partie de ces conditions en publiant les mises \u00e0 jour sur notre site. Il est de votre responsabilit\u00e9 de consulter r\u00e9guli\u00e8rement notre site. Le fait de continuer \u00e0 utiliser ou acc\u00e9der au site ou au service apr\u00e8s la publication de toute modification constitue une acceptation de ces modifications.<\/p>\n<p><strong>9. Juridiction et r\u00e9solution des litiges<\/strong><br \/>Le pr\u00e9sent Contrat est r\u00e9gi et interpr\u00e9t\u00e9 conform\u00e9ment aux lois de l&rsquo;Estonie. Tout litige r\u00e9sultant du pr\u00e9sent Contrat ou y \u00e9tant li\u00e9 sera r\u00e9solu devant les tribunaux d&rsquo;Estonie, sauf disposition l\u00e9gale contraire.<\/p>\n<p><strong>10. Coordonn\u00e9es<\/strong><br \/>Pour toute question concernant les conditions d&rsquo;utilisation, veuillez nous contacter \u00e0 l&rsquo;adresse suivante : <a href=\"mailto:legal@deskcamera.com\">legal@deskcamera.com<\/a><\/p>\n<p>[\/et_pb_text][et_pb_text _builder_version=\u00a0\u00bb4.9.4&Prime;]<\/p>\n<h2>Conditions d&rsquo;utilisation<\/h2>\n<p><strong>1. Acceptation des conditions<\/strong><br \/>Le pr\u00e9sent contrat d\u00e9crit les conditions d&rsquo;utilisation du site Web de DeskCamera (le \u00ab\u00a0Contrat\u00a0\u00bb). En utilisant ce site, vous reconnaissez avoir lu et accept\u00e9 int\u00e9gralement le pr\u00e9sent Contrat, et vous acceptez d&rsquo;\u00eatre li\u00e9 par ses conditions. Ces conditions s&rsquo;appliquent \u00e0 tous les utilisateurs du site.<\/p>\n<p><strong>2. Politique de confidentialit\u00e9<\/strong><br \/>En tant que fournisseur de service en ligne, nous demandons certaines informations lors de l&rsquo;inscription sur ce site. Toutes les informations fournies par les utilisateurs sont collect\u00e9es, utilis\u00e9es, conserv\u00e9es, partag\u00e9es et supprim\u00e9es conform\u00e9ment \u00e0 notre <a href=\"https:\/\/www.deskcamera.com\/privacy-notice\/\">Politique de confidentialit\u00e9<\/a>.<\/p>\n<p><strong>3. Licence<\/strong><br \/>Les utilisateurs sont autoris\u00e9s \u00e0 utiliser ce site uniquement \u00e0 des fins d&rsquo;information sur le logiciel DeskCamera, ainsi que pour passer des commandes et acheter des licences pour ledit logiciel.<\/p>\n<p>En passant une commande, l&rsquo;utilisateur accepte le contrat de licence utilisateur final (EULA) du logiciel DeskCamera, disponible ici : <a href=\"https:\/\/www.deskcamera.com\/eula\/\">https:\/\/www.deskcamera.com\/eula\/<\/a><\/p>\n<p><strong>4. Suspension et r\u00e9siliation<\/strong><br \/>Vous acceptez que DeskCamera, \u00e0 sa seule discr\u00e9tion, pour quelque raison que ce soit ou sans raison, et sans p\u00e9nalit\u00e9, puisse suspendre ou mettre fin \u00e0 votre utilisation du site \u00e0 tout moment.<\/p>\n<p><strong>5. Politique d&rsquo;annulation et de remboursement<\/strong><br \/>Si vous avez des difficult\u00e9s \u00e0 faire fonctionner DeskCamera, vous devez d&rsquo;abord nous permettre de tenter de r\u00e9soudre le probl\u00e8me. Si celui-ci ne peut \u00eatre r\u00e9solu et qu&rsquo;il ne s&rsquo;agit pas d&rsquo;un probl\u00e8me d&rsquo;incompatibilit\u00e9 avec un produit tiers, nous vous rembourserons int\u00e9gralement dans un d\u00e9lai de 14 jours suivant l&rsquo;achat initial. Aucun remboursement ne sera effectu\u00e9 apr\u00e8s 14 jours. Avant qu\u2019un remboursement ne soit accord\u00e9, vous devez soumettre un ticket \u00e0 notre service support.<\/p>\n<p><strong>6. Utilisations interdites<\/strong><br \/>La copie, le partage ou la distribution non autoris\u00e9e du contenu du site est strictement interdite. Cela constitue une violation des droits d&rsquo;auteur et entra\u00eenera des poursuites judiciaires.<\/p>\n<p>En plus des interdictions \u00e9num\u00e9r\u00e9es, il est interdit d&rsquo;utiliser le site ou son contenu :<\/p>\n<ol>\n<li>\n<p>\u00e0 des fins ill\u00e9gales ;<\/p>\n<\/li>\n<li>\n<p>pour solliciter d&rsquo;autres personnes \u00e0 accomplir ou participer \u00e0 des actes ill\u00e9gaux ;<\/p>\n<\/li>\n<li>\n<p>pour enfreindre toute r\u00e9glementation, loi ou ordonnance locale, nationale ou internationale ;<\/p>\n<\/li>\n<li>\n<p>pour porter atteinte \u00e0 nos droits de propri\u00e9t\u00e9 intellectuelle ou \u00e0 ceux de tiers ;<\/p>\n<\/li>\n<li>\n<p>pour harceler, abuser, insulter, nuire, diffamer, calomnier, intimider ou discriminer sur la base du sexe, de l\u2019orientation sexuelle, de la religion, de l\u2019ethnie, de la race, de l\u2019\u00e2ge, de l\u2019origine nationale ou du handicap ;<\/p>\n<\/li>\n<li>\n<p>pour soumettre des informations fausses ou trompeuses ;<\/p>\n<\/li>\n<li>\n<p>pour t\u00e9l\u00e9charger ou transmettre des virus ou tout autre type de code malveillant susceptible d&rsquo;affecter le bon fonctionnement du service, d&rsquo;autres sites ou d&rsquo;Internet ;<\/p>\n<\/li>\n<li>\n<p>pour collecter ou suivre les informations personnelles d\u2019autrui ;<\/p>\n<\/li>\n<li>\n<p>pour spammer, hame\u00e7onner (phishing), usurper une identit\u00e9, indexer ou extraire des donn\u00e9es ;<\/p>\n<\/li>\n<li>\n<p>\u00e0 des fins obsc\u00e8nes ou immorales ;<\/p>\n<\/li>\n<li>\n<p>pour contourner ou compromettre les fonctionnalit\u00e9s de s\u00e9curit\u00e9 du service ou de tout autre site.<\/p>\n<\/li>\n<\/ol>\n<p>Nous nous r\u00e9servons le droit de mettre fin \u00e0 votre utilisation du service ou de tout site connexe en cas de violation des utilisations interdites.<\/p>\n<p><strong>7. Exclusion de garanties et limitation de responsabilit\u00e9<\/strong><br \/>Nous ne garantissons pas que l&rsquo;utilisation de notre site sera ininterrompue, rapide, s\u00e9curis\u00e9e ou sans erreur.<\/p>\n<p>Nous ne garantissons pas que les r\u00e9sultats obtenus par l&rsquo;utilisation du site seront exacts ou fiables.<\/p>\n<p>Vous acceptez express\u00e9ment que votre utilisation du site, ou votre incapacit\u00e9 \u00e0 l&rsquo;utiliser, se fait \u00e0 vos propres risques. Le site ainsi que tous les produits et services fournis via celui-ci sont (sauf indication contraire expresse) propos\u00e9s \u00ab tels quels \u00bb et \u00ab selon disponibilit\u00e9 \u00bb, sans aucune garantie, explicite ou implicite, y compris les garanties implicites de qualit\u00e9 marchande, d&rsquo;ad\u00e9quation \u00e0 un usage particulier, de durabilit\u00e9, de titre et d&rsquo;absence de contrefa\u00e7on.<\/p>\n<p>En aucun cas, DeskCamera, ses directeurs, employ\u00e9s, partenaires, agents, sous-traitants, prestataires ou conc\u00e9dants de licence ne seront tenus responsables de toute blessure, perte, r\u00e9clamation ou dommage, qu&rsquo;il soit direct, indirect, accessoire, punitif, sp\u00e9cial ou cons\u00e9cutif, y compris, mais sans s&rsquo;y limiter, la perte de profits, de revenus, d&rsquo;\u00e9conomies, de donn\u00e9es ou de tout dommage similaire, que ce soit sur la base d\u2019un contrat, d\u2019un d\u00e9lit (y compris la n\u00e9gligence), d\u2019une responsabilit\u00e9 stricte ou autre, m\u00eame si nous avons \u00e9t\u00e9 inform\u00e9s de la possibilit\u00e9 de tels dommages.<\/p>\n<p>Certaines juridictions ne permettent pas l&rsquo;exclusion ou la limitation de responsabilit\u00e9 pour les dommages indirects ou accessoires ; dans ce cas, notre responsabilit\u00e9 sera limit\u00e9e dans toute la mesure permise par la loi.<\/p>\n<p><strong>8. Modifications des conditions d&rsquo;utilisation<\/strong><br \/>Vous pouvez consulter la version la plus r\u00e9cente des conditions d&rsquo;utilisation \u00e0 tout moment ici : <a href=\"https:\/\/www.deskcamera.com\/terms-of-service\/\">https:\/\/www.deskcamera.com\/terms-of-service\/<\/a><\/p>\n<p>Nous nous r\u00e9servons le droit de mettre \u00e0 jour, modifier ou remplacer toute partie de ces conditions en publiant les mises \u00e0 jour sur notre site. Il est de votre responsabilit\u00e9 de consulter r\u00e9guli\u00e8rement notre site. Le fait de continuer \u00e0 utiliser ou acc\u00e9der au site ou au service apr\u00e8s la publication de toute modification constitue une acceptation de ces modifications.<\/p>\n<p><strong>9. Juridiction et r\u00e9solution des litiges<\/strong><br \/>Le pr\u00e9sent Contrat est r\u00e9gi et interpr\u00e9t\u00e9 conform\u00e9ment aux lois de l&rsquo;Estonie. Tout litige r\u00e9sultant du pr\u00e9sent Contrat ou y \u00e9tant li\u00e9 sera r\u00e9solu devant les tribunaux d&rsquo;Estonie, sauf disposition l\u00e9gale contraire.<\/p>\n<p><strong>10. Coordonn\u00e9es<\/strong><br \/>Pour toute question concernant les conditions d&rsquo;utilisation, veuillez nous contacter \u00e0 l&rsquo;adresse suivante : <a href=\"mailto:legal@deskcamera.com\">legal@deskcamera.com<\/a><\/p>\n<p>[\/et_pb_text][\/et_pb_column][\/et_pb_row][\/et_pb_section]<\/p>\n","protected":false},"excerpt":{"rendered":"<p>[et_pb_section fb_built=\u00a0\u00bb1&Prime; _builder_version=\u00a0\u00bb4.4.8&Prime; custom_padding=\u00a0\u00bb0px||||false|false\u00a0\u00bb][et_pb_row _builder_version=\u00a0\u00bb4.4.8&Prime;][et_pb_column type=\u00a0\u00bb4_4&Prime; _builder_version=\u00a0\u00bb4.4.8&Prime;][et_pb_text _builder_version=\u00a0\u00bb4.9.4&Prime; hover_enabled=\u00a0\u00bb0&Prime; sticky_enabled=\u00a0\u00bb0&Prime;] Conditions d&rsquo;utilisation 1. Acceptation des conditionsLe pr\u00e9sent contrat d\u00e9crit les conditions d&rsquo;utilisation du site Web de DeskCamera (le \u00ab\u00a0Contrat\u00a0\u00bb). En utilisant ce site, vous reconnaissez avoir lu et accept\u00e9 int\u00e9gralement le pr\u00e9sent Contrat, et vous acceptez d&rsquo;\u00eatre li\u00e9 par ses conditions. Ces conditions s&rsquo;appliquent \u00e0 [&hellip;]<\/p>\n","protected":false},"author":2,"featured_media":0,"parent":0,"menu_order":0,"comment_status":"closed","ping_status":"closed","template":"","meta":{"_et_pb_use_builder":"on","_et_pb_old_content":"","_et_gb_content_width":""},"_links":{"self":[{"href":"https:\/\/www.deskcamera.com\/fr\/wp-json\/wp\/v2\/pages\/3816"}],"collection":[{"href":"https:\/\/www.deskcamera.com\/fr\/wp-json\/wp\/v2\/pages"}],"about":[{"href":"https:\/\/www.deskcamera.com\/fr\/wp-json\/wp\/v2\/types\/page"}],"author":[{"embeddable":true,"href":"https:\/\/www.deskcamera.com\/fr\/wp-json\/wp\/v2\/users\/2"}],"replies":[{"embeddable":true,"href":"https:\/\/www.deskcamera.com\/fr\/wp-json\/wp\/v2\/comments?post=3816"}],"version-history":[{"count":0,"href":"https:\/\/www.deskcamera.com\/fr\/wp-json\/wp\/v2\/pages\/3816\/revisions"}],"wp:attachment":[{"href":"https:\/\/www.deskcamera.com\/fr\/wp-json\/wp\/v2\/media?parent=3816"}],"curies":[{"name":"wp","href":"https:\/\/api.w.org\/{rel}","templated":true}]}}