{"id":5691,"date":"2020-11-19T07:38:56","date_gmt":"2020-11-19T07:38:56","guid":{"rendered":"https:\/\/www.deskcamera.com\/purchase\/perpetual-license\/"},"modified":"2021-05-24T16:01:21","modified_gmt":"2021-05-24T16:01:21","slug":"perpetual-license","status":"publish","type":"page","link":"https:\/\/www.deskcamera.com\/fr\/purchase\/perpetual-license\/","title":{"rendered":"Perpetual License"},"content":{"rendered":"<p>[et_pb_section fb_built=\u00a0\u00bb1&Prime; _builder_version=\u00a0\u00bb4.4.8&Prime; custom_padding=\u00a0\u00bb0px||0px||false|false\u00a0\u00bb][et_pb_row _builder_version=\u00a0\u00bb4.4.8&Prime; custom_padding=\u00a0\u00bb0px||||false|false\u00a0\u00bb][et_pb_column type=\u00a0\u00bb4_4&Prime; _builder_version=\u00a0\u00bb4.4.8&Prime;][et_pb_text _builder_version=\u00a0\u00bb4.7.7&Prime; header_font=\u00a0\u00bbOpen Sans||||||||\u00a0\u00bb header_font_size=\u00a0\u00bb36px\u00a0\u00bb]<\/p>\n<h1 style=\"text-align: center;\">Licence 1 PC, valable \u00e0 vie<\/h1>\n<p>[\/et_pb_text][\/et_pb_column][\/et_pb_row][\/et_pb_section][et_pb_section fb_built=\u00a0\u00bb1&Prime; _builder_version=\u00a0\u00bb4.4.8&Prime; background_color=\u00a0\u00bb#f2f2f2&Prime; custom_padding=\u00a0\u00bb0px||0px||false|false\u00a0\u00bb][et_pb_row _builder_version=\u00a0\u00bb4.4.8&Prime; width=\u00a0\u00bb75%\u00a0\u00bb width_tablet=\u00a0\u00bb80%\u00a0\u00bb width_phone=\u00a0\u00bb\u00a0\u00bb width_last_edited=\u00a0\u00bbon|desktop\u00a0\u00bb custom_margin=\u00a0\u00bb|auto||auto|false|false\u00a0\u00bb][et_pb_column type=\u00a0\u00bb4_4&Prime; _builder_version=\u00a0\u00bb4.4.8&Prime;][et_pb_text _builder_version=\u00a0\u00bb4.7.7&Prime;]<\/p>\n<p>Une licence incluant les mises \u00e0 jour et le support client \u00e0 vie. Cette licence reste li\u00e9e au PC physique sur lequel l&rsquo;activation est r\u00e9alis\u00e9e. L&rsquo;utilisateur peut utiliser cette licence \u00e0 nouveau dans le cadre d&rsquo;une r\u00e9installation de DeskCamera ou de Windows sur le m\u00eame PC, mais doit acqu\u00e9rir une nouvelle licence ou bien demander un transfert de licence pour tout autre PC.<\/p>\n<p>[\/et_pb_text][\/et_pb_column][\/et_pb_row][\/et_pb_section][et_pb_section fb_built=\u00a0\u00bb1&Prime; _builder_version=\u00a0\u00bb4.4.8&Prime;][et_pb_row _builder_version=\u00a0\u00bb4.9.4&Prime; hover_enabled=\u00a0\u00bb0&Prime; sticky_enabled=\u00a0\u00bb0&Prime;][et_pb_column type=\u00a0\u00bb4_4&Prime; _builder_version=\u00a0\u00bb4.4.8&Prime;][et_pb_text _builder_version=\u00a0\u00bb4.9.4&Prime; hover_enabled=\u00a0\u00bb0&Prime; sticky_enabled=\u00a0\u00bb0&Prime;]<div class=\"all-perpetual-license-wrapper\"><div class=\"perp-lic-single-lic single-license\">\n    <div class=\"prep-lic-content\">\n        <div class=\"license-header\">\n            <h3>Single License<\/h3>\n        <\/div>\n        \n        <img class=\"prod-img\" src=\"https:\/\/www.deskcamera.com\/wp-content\/uploads\/2020\/08\/wc-single-license.svg\" data-id=\"5674\">\n        <div class=\"lic-counter-wrapper\">\n            <label for=\"lic-counter-5674\">Quantity:<\/label>\n            <div class=\"lic-counter\">\n                <span class=\"lic-count-down\"\n                      id=\"lic-count-down-5674\"><img src=\"data:image\/svg+xml;base64,PHN2ZyB3aWR0aD0iMjUiIGhlaWdodD0iMjIiIHZpZXdCb3g9IjAgMCAyNSAyMiIgZmlsbD0ibm9uZSIgeG1sbnM9Imh0dHA6Ly93d3cudzMub3JnLzIwMDAvc3ZnIj4KPHBhdGggZmlsbC1ydWxlPSJldmVub2RkIiBjbGlwLXJ1bGU9ImV2ZW5vZGQiIGQ9Ik03LjkgNy4xTDYuNSA4LjVMMTIuNSAxNC41TDE4LjUgOC41TDE3LjEgNy4xTDEyLjUgMTEuN0w3LjkgNy4xWiIgZmlsbD0iYmxhY2siLz4KPG1hc2sgaWQ9Im1hc2swIiBtYXNrLXR5cGU9ImFscGhhIiBtYXNrVW5pdHM9InVzZXJTcGFjZU9uVXNlIiB4PSI2IiB5PSI3IiB3aWR0aD0iMTMiIGhlaWdodD0iOCI+CjxwYXRoIGZpbGwtcnVsZT0iZXZlbm9kZCIgY2xpcC1ydWxlPSJldmVub2RkIiBkPSJNNy45IDcuMUw2LjUgOC41TDEyLjUgMTQuNUwxOC41IDguNUwxNy4xIDcuMUwxMi41IDExLjdMNy45IDcuMVoiIGZpbGw9IndoaXRlIi8+CjwvbWFzaz4KPGcgbWFzaz0idXJsKCNtYXNrMCkiPgo8cmVjdCB4PSIwLjUiIHk9IjIxLjUiIHdpZHRoPSIyMSIgaGVpZ2h0PSIyNCIgdHJhbnNmb3JtPSJyb3RhdGUoLTkwIDAuNSAyMS41KSIgZmlsbD0iI0Q4RDhEOCIvPgo8L2c+Cjwvc3ZnPgo=\" width=\"24\" height=\"21\" \/><\/span>\n                <input class=\"lic-counter-input\" id=\"lic-counter-5674\" type=\"number\" min=\"1\"\n                       max=\"1000\" value=\"1\"\/>\n                <span class=\"lic-count-up\"\n                      id=\"lic-count-up-5674\"><img src=\"data:image\/svg+xml;base64,PHN2ZyB3aWR0aD0iMjUiIGhlaWdodD0iMjIiIHZpZXdCb3g9IjAgMCAyNSAyMiIgZmlsbD0ibm9uZSIgeG1sbnM9Imh0dHA6Ly93d3cudzMub3JnLzIwMDAvc3ZnIj4KPHBhdGggZmlsbC1ydWxlPSJldmVub2RkIiBjbGlwLXJ1bGU9ImV2ZW5vZGQiIGQ9Ik0xNy4xIDE0LjlMMTguNSAxMy41TDEyLjUgNy41TDYuNSAxMy41TDcuOSAxNC45TDEyLjUgMTAuM0wxNy4xIDE0LjlaIiBmaWxsPSJibGFjayIvPgo8bWFzayBpZD0ibWFzazAiIG1hc2stdHlwZT0iYWxwaGEiIG1hc2tVbml0cz0idXNlclNwYWNlT25Vc2UiIHg9IjYiIHk9IjciIHdpZHRoPSIxMyIgaGVpZ2h0PSI4Ij4KPHBhdGggZmlsbC1ydWxlPSJldmVub2RkIiBjbGlwLXJ1bGU9ImV2ZW5vZGQiIGQ9Ik0xNy4xIDE0LjlMMTguNSAxMy41TDEyLjUgNy41TDYuNSAxMy41TDcuOSAxNC45TDEyLjUgMTAuM0wxNy4xIDE0LjlaIiBmaWxsPSJ3aGl0ZSIvPgo8L21hc2s+CjxnIG1hc2s9InVybCgjbWFzazApIj4KPHJlY3QgeD0iMjQuNSIgeT0iMC41IiB3aWR0aD0iMjEiIGhlaWdodD0iMjQiIHRyYW5zZm9ybT0icm90YXRlKDkwIDI0LjUgMC41KSIgZmlsbD0iI0Q4RDhEOCIvPgo8L2c+Cjwvc3ZnPgo=\" width=\"24\" height=\"21\" \/><\/span>\n            <\/div>\n        <\/div>\n    <\/div>\n    <div class=\"perp-lic-footer\">\n        <div class=\"footer-price\" data-currency=\"&#36;\">\n            <div class=\"bc-selected\">\n            <span class=\"price\"\n                  data-price=\"68\">&#36;68 <\/span>\n                <span class=\"price-descript\">one time<\/span>\n            <\/div>\n        <\/div>\n\n        <div class=\"footer-atc\">\n            <a href=\"?add-to-cart=5674\" id=\"add-to-cart-link-5674\" rel=\"nofollow\" data-product_id=\"5674\" data-product_sku=\"\" data-quantity=\"1\" class=\"button dc-add-to-cart\">Ajouter au panier<\/a>\n        <\/div>\n    <\/div>\n        <script type=\"text\/javascript\">\n        let dc_prod_counter_5674= document.getElementById('lic-counter-5674');\n        if (dc_prod_counter_5674) {\n            let dc_prod_cnt_up_5674= document.getElementById('lic-count-up-5674');\n            let dc_prod_cnt_down_5674= document.getElementById('lic-count-down-5674');\n            let dc_atc_link_5674= document.getElementById('add-to-cart-link-5674');\n\n            dc_prod_cnt_up_5674.addEventListener('click', function () {\n                dc_prod_counter_5674.value++;\n                if (dc_prod_counter_5674.value >1000) dc_prod_counter_5674.value =1000;\n                dc_atc_link_5674.dataset.quantity = dc_prod_counter_5674.value;\n            });\n\n            dc_prod_cnt_down_5674.addEventListener('click', function () {\n                dc_prod_counter_5674.value--;\n                if (dc_prod_counter_5674.value < 1) dc_prod_counter_5674.value = 1;\n                dc_atc_link_5674.dataset.quantity = dc_prod_counter_5674.value;\n            });\n\n            dc_prod_counter_5674.addEventListener('input', function () {\n                \/\/console.log(dc_prod_counter_5674.value);\n                if (dc_prod_counter_5674.value >1000) dc_prod_counter_5674.value =1000;\n                if (dc_prod_counter_5674.value < 1) dc_prod_counter_5674.value = 1;\n                dc_atc_link_5674.dataset.quantity = dc_prod_counter_5674.value;\n            });\n        }\n    <\/script>\n<\/div>\n\n\n<div class=\"perp-lic-single-lic single-license\">\n    <div class=\"prep-lic-content\">\n        <div class=\"license-header\">\n            <h3>5 Licenses pack<\/h3>\n        <\/div>\n        \n        <img class=\"prod-img\" src=\"https:\/\/www.deskcamera.com\/wp-content\/uploads\/2020\/08\/wc-single-license.svg\" data-id=\"5646\">\n        <div class=\"lic-counter-wrapper\">\n            <label for=\"lic-counter-5646\">Quantity:<\/label>\n            <div class=\"lic-counter\">\n                <span class=\"lic-count-down\"\n                      id=\"lic-count-down-5646\"><img src=\"data:image\/svg+xml;base64,PHN2ZyB3aWR0aD0iMjUiIGhlaWdodD0iMjIiIHZpZXdCb3g9IjAgMCAyNSAyMiIgZmlsbD0ibm9uZSIgeG1sbnM9Imh0dHA6Ly93d3cudzMub3JnLzIwMDAvc3ZnIj4KPHBhdGggZmlsbC1ydWxlPSJldmVub2RkIiBjbGlwLXJ1bGU9ImV2ZW5vZGQiIGQ9Ik03LjkgNy4xTDYuNSA4LjVMMTIuNSAxNC41TDE4LjUgOC41TDE3LjEgNy4xTDEyLjUgMTEuN0w3LjkgNy4xWiIgZmlsbD0iYmxhY2siLz4KPG1hc2sgaWQ9Im1hc2swIiBtYXNrLXR5cGU9ImFscGhhIiBtYXNrVW5pdHM9InVzZXJTcGFjZU9uVXNlIiB4PSI2IiB5PSI3IiB3aWR0aD0iMTMiIGhlaWdodD0iOCI+CjxwYXRoIGZpbGwtcnVsZT0iZXZlbm9kZCIgY2xpcC1ydWxlPSJldmVub2RkIiBkPSJNNy45IDcuMUw2LjUgOC41TDEyLjUgMTQuNUwxOC41IDguNUwxNy4xIDcuMUwxMi41IDExLjdMNy45IDcuMVoiIGZpbGw9IndoaXRlIi8+CjwvbWFzaz4KPGcgbWFzaz0idXJsKCNtYXNrMCkiPgo8cmVjdCB4PSIwLjUiIHk9IjIxLjUiIHdpZHRoPSIyMSIgaGVpZ2h0PSIyNCIgdHJhbnNmb3JtPSJyb3RhdGUoLTkwIDAuNSAyMS41KSIgZmlsbD0iI0Q4RDhEOCIvPgo8L2c+Cjwvc3ZnPgo=\" width=\"24\" height=\"21\" \/><\/span>\n                <input class=\"lic-counter-input\" id=\"lic-counter-5646\" type=\"number\" min=\"1\"\n                       max=\"1000\" value=\"1\"\/>\n                <span class=\"lic-count-up\"\n                      id=\"lic-count-up-5646\"><img src=\"data:image\/svg+xml;base64,PHN2ZyB3aWR0aD0iMjUiIGhlaWdodD0iMjIiIHZpZXdCb3g9IjAgMCAyNSAyMiIgZmlsbD0ibm9uZSIgeG1sbnM9Imh0dHA6Ly93d3cudzMub3JnLzIwMDAvc3ZnIj4KPHBhdGggZmlsbC1ydWxlPSJldmVub2RkIiBjbGlwLXJ1bGU9ImV2ZW5vZGQiIGQ9Ik0xNy4xIDE0LjlMMTguNSAxMy41TDEyLjUgNy41TDYuNSAxMy41TDcuOSAxNC45TDEyLjUgMTAuM0wxNy4xIDE0LjlaIiBmaWxsPSJibGFjayIvPgo8bWFzayBpZD0ibWFzazAiIG1hc2stdHlwZT0iYWxwaGEiIG1hc2tVbml0cz0idXNlclNwYWNlT25Vc2UiIHg9IjYiIHk9IjciIHdpZHRoPSIxMyIgaGVpZ2h0PSI4Ij4KPHBhdGggZmlsbC1ydWxlPSJldmVub2RkIiBjbGlwLXJ1bGU9ImV2ZW5vZGQiIGQ9Ik0xNy4xIDE0LjlMMTguNSAxMy41TDEyLjUgNy41TDYuNSAxMy41TDcuOSAxNC45TDEyLjUgMTAuM0wxNy4xIDE0LjlaIiBmaWxsPSJ3aGl0ZSIvPgo8L21hc2s+CjxnIG1hc2s9InVybCgjbWFzazApIj4KPHJlY3QgeD0iMjQuNSIgeT0iMC41IiB3aWR0aD0iMjEiIGhlaWdodD0iMjQiIHRyYW5zZm9ybT0icm90YXRlKDkwIDI0LjUgMC41KSIgZmlsbD0iI0Q4RDhEOCIvPgo8L2c+Cjwvc3ZnPgo=\" width=\"24\" height=\"21\" \/><\/span>\n            <\/div>\n        <\/div>\n    <\/div>\n    <div class=\"perp-lic-footer\">\n        <div class=\"footer-price\" data-currency=\"&#36;\">\n            <div class=\"bc-selected\">\n            <span class=\"price\"\n                  data-price=\"300\">&#36;300 <\/span>\n                <span class=\"price-descript\">one time<\/span>\n            <\/div>\n        <\/div>\n\n        <div class=\"footer-atc\">\n            <a href=\"?add-to-cart=5646\" id=\"add-to-cart-link-5646\" rel=\"nofollow\" data-product_id=\"5646\" data-product_sku=\"\" data-quantity=\"1\" class=\"button dc-add-to-cart\">Ajouter au panier<\/a>\n        <\/div>\n    <\/div>\n        <script type=\"text\/javascript\">\n        let dc_prod_counter_5646= document.getElementById('lic-counter-5646');\n        if (dc_prod_counter_5646) {\n            let dc_prod_cnt_up_5646= document.getElementById('lic-count-up-5646');\n            let dc_prod_cnt_down_5646= document.getElementById('lic-count-down-5646');\n            let dc_atc_link_5646= document.getElementById('add-to-cart-link-5646');\n\n            dc_prod_cnt_up_5646.addEventListener('click', function () {\n                dc_prod_counter_5646.value++;\n                if (dc_prod_counter_5646.value >1000) dc_prod_counter_5646.value =1000;\n                dc_atc_link_5646.dataset.quantity = dc_prod_counter_5646.value;\n            });\n\n            dc_prod_cnt_down_5646.addEventListener('click', function () {\n                dc_prod_counter_5646.value--;\n                if (dc_prod_counter_5646.value < 1) dc_prod_counter_5646.value = 1;\n                dc_atc_link_5646.dataset.quantity = dc_prod_counter_5646.value;\n            });\n\n            dc_prod_counter_5646.addEventListener('input', function () {\n                \/\/console.log(dc_prod_counter_5646.value);\n                if (dc_prod_counter_5646.value >1000) dc_prod_counter_5646.value =1000;\n                if (dc_prod_counter_5646.value < 1) dc_prod_counter_5646.value = 1;\n                dc_atc_link_5646.dataset.quantity = dc_prod_counter_5646.value;\n            });\n        }\n    <\/script>\n<\/div>\n\n\n<div class=\"perp-lic-single-lic single-license\">\n    <div class=\"prep-lic-content\">\n        <div class=\"license-header\">\n            <h3>10 Licenses pack<\/h3>\n        <\/div>\n        \n        <img class=\"prod-img\" src=\"https:\/\/www.deskcamera.com\/wp-content\/uploads\/2020\/08\/wc-single-license.svg\" data-id=\"5640\">\n        <div class=\"lic-counter-wrapper\">\n            <label for=\"lic-counter-5640\">Quantity:<\/label>\n            <div class=\"lic-counter\">\n                <span class=\"lic-count-down\"\n                      id=\"lic-count-down-5640\"><img src=\"data:image\/svg+xml;base64,PHN2ZyB3aWR0aD0iMjUiIGhlaWdodD0iMjIiIHZpZXdCb3g9IjAgMCAyNSAyMiIgZmlsbD0ibm9uZSIgeG1sbnM9Imh0dHA6Ly93d3cudzMub3JnLzIwMDAvc3ZnIj4KPHBhdGggZmlsbC1ydWxlPSJldmVub2RkIiBjbGlwLXJ1bGU9ImV2ZW5vZGQiIGQ9Ik03LjkgNy4xTDYuNSA4LjVMMTIuNSAxNC41TDE4LjUgOC41TDE3LjEgNy4xTDEyLjUgMTEuN0w3LjkgNy4xWiIgZmlsbD0iYmxhY2siLz4KPG1hc2sgaWQ9Im1hc2swIiBtYXNrLXR5cGU9ImFscGhhIiBtYXNrVW5pdHM9InVzZXJTcGFjZU9uVXNlIiB4PSI2IiB5PSI3IiB3aWR0aD0iMTMiIGhlaWdodD0iOCI+CjxwYXRoIGZpbGwtcnVsZT0iZXZlbm9kZCIgY2xpcC1ydWxlPSJldmVub2RkIiBkPSJNNy45IDcuMUw2LjUgOC41TDEyLjUgMTQuNUwxOC41IDguNUwxNy4xIDcuMUwxMi41IDExLjdMNy45IDcuMVoiIGZpbGw9IndoaXRlIi8+CjwvbWFzaz4KPGcgbWFzaz0idXJsKCNtYXNrMCkiPgo8cmVjdCB4PSIwLjUiIHk9IjIxLjUiIHdpZHRoPSIyMSIgaGVpZ2h0PSIyNCIgdHJhbnNmb3JtPSJyb3RhdGUoLTkwIDAuNSAyMS41KSIgZmlsbD0iI0Q4RDhEOCIvPgo8L2c+Cjwvc3ZnPgo=\" width=\"24\" height=\"21\" \/><\/span>\n                <input class=\"lic-counter-input\" id=\"lic-counter-5640\" type=\"number\" min=\"1\"\n                       max=\"1000\" value=\"1\"\/>\n                <span class=\"lic-count-up\"\n                      id=\"lic-count-up-5640\"><img src=\"data:image\/svg+xml;base64,PHN2ZyB3aWR0aD0iMjUiIGhlaWdodD0iMjIiIHZpZXdCb3g9IjAgMCAyNSAyMiIgZmlsbD0ibm9uZSIgeG1sbnM9Imh0dHA6Ly93d3cudzMub3JnLzIwMDAvc3ZnIj4KPHBhdGggZmlsbC1ydWxlPSJldmVub2RkIiBjbGlwLXJ1bGU9ImV2ZW5vZGQiIGQ9Ik0xNy4xIDE0LjlMMTguNSAxMy41TDEyLjUgNy41TDYuNSAxMy41TDcuOSAxNC45TDEyLjUgMTAuM0wxNy4xIDE0LjlaIiBmaWxsPSJibGFjayIvPgo8bWFzayBpZD0ibWFzazAiIG1hc2stdHlwZT0iYWxwaGEiIG1hc2tVbml0cz0idXNlclNwYWNlT25Vc2UiIHg9IjYiIHk9IjciIHdpZHRoPSIxMyIgaGVpZ2h0PSI4Ij4KPHBhdGggZmlsbC1ydWxlPSJldmVub2RkIiBjbGlwLXJ1bGU9ImV2ZW5vZGQiIGQ9Ik0xNy4xIDE0LjlMMTguNSAxMy41TDEyLjUgNy41TDYuNSAxMy41TDcuOSAxNC45TDEyLjUgMTAuM0wxNy4xIDE0LjlaIiBmaWxsPSJ3aGl0ZSIvPgo8L21hc2s+CjxnIG1hc2s9InVybCgjbWFzazApIj4KPHJlY3QgeD0iMjQuNSIgeT0iMC41IiB3aWR0aD0iMjEiIGhlaWdodD0iMjQiIHRyYW5zZm9ybT0icm90YXRlKDkwIDI0LjUgMC41KSIgZmlsbD0iI0Q4RDhEOCIvPgo8L2c+Cjwvc3ZnPgo=\" width=\"24\" height=\"21\" \/><\/span>\n            <\/div>\n        <\/div>\n    <\/div>\n    <div class=\"perp-lic-footer\">\n        <div class=\"footer-price\" data-currency=\"&#36;\">\n            <div class=\"bc-selected\">\n            <span class=\"price\"\n                  data-price=\"530\">&#36;530 <\/span>\n                <span class=\"price-descript\">one time<\/span>\n            <\/div>\n        <\/div>\n\n        <div class=\"footer-atc\">\n            <a href=\"?add-to-cart=5640\" id=\"add-to-cart-link-5640\" rel=\"nofollow\" data-product_id=\"5640\" data-product_sku=\"\" data-quantity=\"1\" class=\"button dc-add-to-cart\">Ajouter au panier<\/a>\n        <\/div>\n    <\/div>\n        <script type=\"text\/javascript\">\n        let dc_prod_counter_5640= document.getElementById('lic-counter-5640');\n        if (dc_prod_counter_5640) {\n            let dc_prod_cnt_up_5640= document.getElementById('lic-count-up-5640');\n            let dc_prod_cnt_down_5640= document.getElementById('lic-count-down-5640');\n            let dc_atc_link_5640= document.getElementById('add-to-cart-link-5640');\n\n            dc_prod_cnt_up_5640.addEventListener('click', function () {\n                dc_prod_counter_5640.value++;\n                if (dc_prod_counter_5640.value >1000) dc_prod_counter_5640.value =1000;\n                dc_atc_link_5640.dataset.quantity = dc_prod_counter_5640.value;\n            });\n\n            dc_prod_cnt_down_5640.addEventListener('click', function () {\n                dc_prod_counter_5640.value--;\n                if (dc_prod_counter_5640.value < 1) dc_prod_counter_5640.value = 1;\n                dc_atc_link_5640.dataset.quantity = dc_prod_counter_5640.value;\n            });\n\n            dc_prod_counter_5640.addEventListener('input', function () {\n                \/\/console.log(dc_prod_counter_5640.value);\n                if (dc_prod_counter_5640.value >1000) dc_prod_counter_5640.value =1000;\n                if (dc_prod_counter_5640.value < 1) dc_prod_counter_5640.value = 1;\n                dc_atc_link_5640.dataset.quantity = dc_prod_counter_5640.value;\n            });\n        }\n    <\/script>\n<\/div>\n\n\n<\/div>[\/et_pb_text][\/et_pb_column][\/et_pb_row][\/et_pb_section]<\/p>\n","protected":false},"excerpt":{"rendered":"<p>[et_pb_section fb_built=\u00a0\u00bb1&Prime; _builder_version=\u00a0\u00bb4.4.8&Prime; custom_padding=\u00a0\u00bb0px||0px||false|false\u00a0\u00bb][et_pb_row _builder_version=\u00a0\u00bb4.4.8&Prime; custom_padding=\u00a0\u00bb0px||||false|false\u00a0\u00bb][et_pb_column type=\u00a0\u00bb4_4&Prime; _builder_version=\u00a0\u00bb4.4.8&Prime;][et_pb_text _builder_version=\u00a0\u00bb4.7.7&Prime; header_font=\u00a0\u00bbOpen Sans||||||||\u00a0\u00bb header_font_size=\u00a0\u00bb36px\u00a0\u00bb] Licence 1 PC, valable \u00e0 vie [\/et_pb_text][\/et_pb_column][\/et_pb_row][\/et_pb_section][et_pb_section fb_built=\u00a0\u00bb1&Prime; _builder_version=\u00a0\u00bb4.4.8&Prime; background_color=\u00a0\u00bb#f2f2f2&Prime; custom_padding=\u00a0\u00bb0px||0px||false|false\u00a0\u00bb][et_pb_row _builder_version=\u00a0\u00bb4.4.8&Prime; width=\u00a0\u00bb75%\u00a0\u00bb width_tablet=\u00a0\u00bb80%\u00a0\u00bb width_phone=\u00a0\u00bb\u00a0\u00bb width_last_edited=\u00a0\u00bbon|desktop\u00a0\u00bb custom_margin=\u00a0\u00bb|auto||auto|false|false\u00a0\u00bb][et_pb_column type=\u00a0\u00bb4_4&Prime; _builder_version=\u00a0\u00bb4.4.8&Prime;][et_pb_text _builder_version=\u00a0\u00bb4.7.7&Prime;] Une licence incluant les mises \u00e0 jour et le support client \u00e0 vie. Cette licence reste li\u00e9e au PC physique sur lequel l&rsquo;activation [&hellip;]<\/p>\n","protected":false},"author":2,"featured_media":0,"parent":5426,"menu_order":0,"comment_status":"closed","ping_status":"closed","template":"","meta":{"_et_pb_use_builder":"on","_et_pb_old_content":"","_et_gb_content_width":""},"_links":{"self":[{"href":"https:\/\/www.deskcamera.com\/fr\/wp-json\/wp\/v2\/pages\/5691"}],"collection":[{"href":"https:\/\/www.deskcamera.com\/fr\/wp-json\/wp\/v2\/pages"}],"about":[{"href":"https:\/\/www.deskcamera.com\/fr\/wp-json\/wp\/v2\/types\/page"}],"author":[{"embeddable":true,"href":"https:\/\/www.deskcamera.com\/fr\/wp-json\/wp\/v2\/users\/2"}],"replies":[{"embeddable":true,"href":"https:\/\/www.deskcamera.com\/fr\/wp-json\/wp\/v2\/comments?post=5691"}],"version-history":[{"count":0,"href":"https:\/\/www.deskcamera.com\/fr\/wp-json\/wp\/v2\/pages\/5691\/revisions"}],"up":[{"embeddable":true,"href":"https:\/\/www.deskcamera.com\/fr\/wp-json\/wp\/v2\/pages\/5426"}],"wp:attachment":[{"href":"https:\/\/www.deskcamera.com\/fr\/wp-json\/wp\/v2\/media?parent=5691"}],"curies":[{"name":"wp","href":"https:\/\/api.w.org\/{rel}","templated":true}]}}