{"id":5701,"date":"2020-11-20T16:18:05","date_gmt":"2020-11-20T16:18:05","guid":{"rendered":"https:\/\/www.deskcamera.com\/purchase\/subscription-floating-license\/"},"modified":"2021-05-24T16:06:54","modified_gmt":"2021-05-24T16:06:54","slug":"subscription-floating-license","status":"publish","type":"page","link":"https:\/\/www.deskcamera.com\/fr\/purchase\/subscription-floating-license\/","title":{"rendered":"Subscription floating license"},"content":{"rendered":"<p>[et_pb_section fb_built=\u00a0\u00bb1&Prime; _builder_version=\u00a0\u00bb4.4.8&Prime; custom_padding=\u00a0\u00bb0px||0px||false|false\u00a0\u00bb][et_pb_row _builder_version=\u00a0\u00bb4.4.8&Prime; custom_padding=\u00a0\u00bb0px||||false|false\u00a0\u00bb][et_pb_column type=\u00a0\u00bb4_4&Prime; _builder_version=\u00a0\u00bb4.4.8&Prime;][et_pb_text _builder_version=\u00a0\u00bb4.7.7&Prime; header_font=\u00a0\u00bbOpen Sans||||||||\u00a0\u00bb header_font_size=\u00a0\u00bb36px\u00a0\u00bb]<\/p>\n<h1 style=\"text-align: center;\">Abonnement licence flottante<\/h1>\n<p>[\/et_pb_text][\/et_pb_column][\/et_pb_row][\/et_pb_section][et_pb_section fb_built=\u00a0\u00bb1&Prime; _builder_version=\u00a0\u00bb4.4.8&Prime; background_color=\u00a0\u00bb#f2f2f2&Prime; custom_padding=\u00a0\u00bb0px||0px||false|false\u00a0\u00bb][et_pb_row _builder_version=\u00a0\u00bb4.4.8&Prime; width=\u00a0\u00bb75%\u00a0\u00bb width_tablet=\u00a0\u00bb80%\u00a0\u00bb width_phone=\u00a0\u00bb\u00a0\u00bb width_last_edited=\u00a0\u00bbon|desktop\u00a0\u00bb][et_pb_column type=\u00a0\u00bb4_4&Prime; _builder_version=\u00a0\u00bb4.4.8&Prime;][et_pb_text _builder_version=\u00a0\u00bb4.7.7&Prime;]<\/p>\n<p>Une licence \u00e0 abonnement incluant les mises \u00e0 jour et le support client. Cette licence peut \u00eatre utilis\u00e9 sur un nombre illimit\u00e9 de PC \u00e0 condition que le nombre d&rsquo;utilisation active simultan\u00e9e n&rsquo;exc\u00e8dent pas la capacit\u00e9 indiqu\u00e9e pour cette licence. Par exemple, si la licence a une capacit\u00e9 de 10, cela signifie que 10 PCs peuvent l&rsquo;utiliser dans le m\u00eame temps. Lorsqu&rsquo;un des PCs lib\u00e8re la licence en se d\u00e9connectant, un 11e PC peut l&rsquo;utiliser \u00e0 sa place.<\/p>\n<p>[\/et_pb_text][\/et_pb_column][\/et_pb_row][\/et_pb_section][et_pb_section fb_built=\u00a0\u00bb1&Prime; _builder_version=\u00a0\u00bb4.4.8&Prime;][et_pb_row _builder_version=\u00a0\u00bb4.4.8&Prime;][et_pb_column type=\u00a0\u00bb4_4&Prime; _builder_version=\u00a0\u00bb4.4.8&Prime;][et_pb_text _builder_version=\u00a0\u00bb4.9.4&Prime; hover_enabled=\u00a0\u00bb0&Prime; sticky_enabled=\u00a0\u00bb0&Prime;]<div class=\"all-subscription-wrapper\"><div class=\"subscr-lic-single-lic single-license\">\n    <div class=\"license-header\">\n        <h3>DeskCamera subscription<\/h3>\n    <\/div>\n\n    <div class=\"subscr-lic-content\">\n        <div class=\"subscr-lic-face\">\n                        <img class=\"prod-img\" src=\"https:\/\/www.deskcamera.com\/wp-content\/uploads\/2020\/10\/Subscription.svg\" data-id=\"5653\">\n        <\/div>\n        <div class=\"subscr-lic-select\">\n            <div class=\"lic-billing-cycle\">\n                <label for=\"lic-cycle-5653\">Billing cycle:<\/label><br>\n                <select name=\"dc-billing-cycle\" id=\"dc-billing-cycle-5653\" class=\"dc-billing-cycle\"><option  value=\"5662\">Monthly<\/option><option  value=\"5657\">Annually (25% off)<\/option><option  value=\"5659\">3 Years (50% off)<\/option><\/select>            <\/div>\n                        <div class=\"user-counter-wrapper\">\n                <label for=\"user-counter-5653\">Capacity (number of concurrent users):<\/label>\n                <div class=\"user-counter\">\n                    <span class=\"user-count-down\"\n                          id=\"user-count-down-5653\"><img src=\"data:image\/svg+xml;base64,PHN2ZyB3aWR0aD0iMjUiIGhlaWdodD0iMjIiIHZpZXdCb3g9IjAgMCAyNSAyMiIgZmlsbD0ibm9uZSIgeG1sbnM9Imh0dHA6Ly93d3cudzMub3JnLzIwMDAvc3ZnIj4KPHBhdGggZmlsbC1ydWxlPSJldmVub2RkIiBjbGlwLXJ1bGU9ImV2ZW5vZGQiIGQ9Ik03LjkgNy4xTDYuNSA4LjVMMTIuNSAxNC41TDE4LjUgOC41TDE3LjEgNy4xTDEyLjUgMTEuN0w3LjkgNy4xWiIgZmlsbD0iYmxhY2siLz4KPG1hc2sgaWQ9Im1hc2swIiBtYXNrLXR5cGU9ImFscGhhIiBtYXNrVW5pdHM9InVzZXJTcGFjZU9uVXNlIiB4PSI2IiB5PSI3IiB3aWR0aD0iMTMiIGhlaWdodD0iOCI+CjxwYXRoIGZpbGwtcnVsZT0iZXZlbm9kZCIgY2xpcC1ydWxlPSJldmVub2RkIiBkPSJNNy45IDcuMUw2LjUgOC41TDEyLjUgMTQuNUwxOC41IDguNUwxNy4xIDcuMUwxMi41IDExLjdMNy45IDcuMVoiIGZpbGw9IndoaXRlIi8+CjwvbWFzaz4KPGcgbWFzaz0idXJsKCNtYXNrMCkiPgo8cmVjdCB4PSIwLjUiIHk9IjIxLjUiIHdpZHRoPSIyMSIgaGVpZ2h0PSIyNCIgdHJhbnNmb3JtPSJyb3RhdGUoLTkwIDAuNSAyMS41KSIgZmlsbD0iI0Q4RDhEOCIvPgo8L2c+Cjwvc3ZnPgo=\" width=\"24\" height=\"21\" \/><\/span>\n                    <input class=\"user-counter-input\" id=\"user-counter-5653\" type=\"number\" min=\"1\"\n                           max=\"1000\" value=\"1\"\/>\n                    <span class=\"user-count-up\"\n                          id=\"user-count-up-5653\"><img src=\"data:image\/svg+xml;base64,PHN2ZyB3aWR0aD0iMjUiIGhlaWdodD0iMjIiIHZpZXdCb3g9IjAgMCAyNSAyMiIgZmlsbD0ibm9uZSIgeG1sbnM9Imh0dHA6Ly93d3cudzMub3JnLzIwMDAvc3ZnIj4KPHBhdGggZmlsbC1ydWxlPSJldmVub2RkIiBjbGlwLXJ1bGU9ImV2ZW5vZGQiIGQ9Ik0xNy4xIDE0LjlMMTguNSAxMy41TDEyLjUgNy41TDYuNSAxMy41TDcuOSAxNC45TDEyLjUgMTAuM0wxNy4xIDE0LjlaIiBmaWxsPSJibGFjayIvPgo8bWFzayBpZD0ibWFzazAiIG1hc2stdHlwZT0iYWxwaGEiIG1hc2tVbml0cz0idXNlclNwYWNlT25Vc2UiIHg9IjYiIHk9IjciIHdpZHRoPSIxMyIgaGVpZ2h0PSI4Ij4KPHBhdGggZmlsbC1ydWxlPSJldmVub2RkIiBjbGlwLXJ1bGU9ImV2ZW5vZGQiIGQ9Ik0xNy4xIDE0LjlMMTguNSAxMy41TDEyLjUgNy41TDYuNSAxMy41TDcuOSAxNC45TDEyLjUgMTAuM0wxNy4xIDE0LjlaIiBmaWxsPSJ3aGl0ZSIvPgo8L21hc2s+CjxnIG1hc2s9InVybCgjbWFzazApIj4KPHJlY3QgeD0iMjQuNSIgeT0iMC41IiB3aWR0aD0iMjEiIGhlaWdodD0iMjQiIHRyYW5zZm9ybT0icm90YXRlKDkwIDI0LjUgMC41KSIgZmlsbD0iI0Q4RDhEOCIvPgo8L2c+Cjwvc3ZnPgo=\" width=\"24\" height=\"21\" \/><\/span>\n\n                <\/div>\n            <\/div>\n        <\/div>\n    <\/div>\n    <div class=\"subscr-lic-footer\">\n        <div class=\"footer-price\" data-currency=\"&#36;\">\n                        <!--Array\n(\n    [0] => 5662\n    [1] => 5657\n    [2] => 5659\n)\n--><div class=\"bc-price bc-selected\" id=\"bc-price-5662\"><span class=\"price\" data-price=\"8\">&#36;8<\/span><span class=\"price-descript\"> \/ month<\/span><\/div><div class=\"bc-price\" id=\"bc-price-5657\"><span class=\"price\" data-price=\"72\">&#36;72<\/span><span class=\"price-descript\"> \/ year<\/span><\/div><div class=\"bc-price\" id=\"bc-price-5659\"><span class=\"price\" data-price=\"144\">&#36;144<\/span><span class=\"price-descript\"> \/ 3 year<\/span><\/div>        <\/div>\n\n        <div class=\"footer-atc\">\n            <a href=\"https:\/\/www.deskcamera.com\/fr\/product\/deskcamera-subscription\/\" id=\"add-to-cart-link-5653\" rel=\"nofollow\" data-product_id=\"5662\" data-product_sku=\"\" data-quantity=\"1\" class=\"button dc-add-to-cart\">Add to cart<\/a>        <\/div>\n    <\/div>\n<\/div>\n<script type=\"text\/javascript\">\n    let user_counter_5653= document.getElementById('user-counter-5653');\n    if (user_counter_5653) {\n\n        let user_count_up_5653= document.getElementById('user-count-up-5653');\n        let dc_user_count_down_5653= document.getElementById('user-count-down-5653');\n        let dc_atc_link_5653= document.getElementById('add-to-cart-link-5653');\n        let dc_billing_cycle_5653= document.getElementById('dc-billing-cycle-5653');\n\n        user_count_up_5653.addEventListener('click', function () {\n            user_counter_5653.value++;\n            if (user_counter_5653.value >1000) user_counter_5653.value =1000;\n            dc_atc_link_5653.dataset.quantity = user_counter_5653.value;\n        });\n\n        dc_user_count_down_5653.addEventListener('click', function () {\n            user_counter_5653.value--;\n            if (user_counter_5653.value < 1) user_counter_5653.value = 1;\n            dc_atc_link_5653.dataset.quantity = user_counter_5653.value;\n        });\n\n        dc_billing_cycle_5653.addEventListener('change', function () {\n            dc_atc_link_5653.dataset.product_id = dc_billing_cycle_5653.value;\n            jQuery('add-to-cart-link-5653').data('product_id', dc_billing_cycle_5653.value);\n            let bc_prices = document.querySelectorAll('.bc-price');\n            bc_prices.forEach(function (item, i, bc_prices) {\n                if (item.id === 'bc-price-' + dc_billing_cycle_5653.value) {\n                    item.classList.add('bc-selected');\n                } else {\n                    item.classList.remove('bc-selected');\n                }\n            });\n        });\n\n        user_counter_5653.addEventListener('input', function () {\n            if (user_counter_5653.value >1000) user_counter_5653.value =1000;\n            if (user_counter_5653.value < 1) user_counter_5653.value = 1;\n            dc_atc_link_5653.dataset.quantity = user_counter_5653.value;\n        });\n    } else {\n\n    }\n<\/script>\n<\/div>[\/et_pb_text][\/et_pb_column][\/et_pb_row][\/et_pb_section]<\/p>\n","protected":false},"excerpt":{"rendered":"<p>[et_pb_section fb_built=\u00a0\u00bb1&Prime; _builder_version=\u00a0\u00bb4.4.8&Prime; custom_padding=\u00a0\u00bb0px||0px||false|false\u00a0\u00bb][et_pb_row _builder_version=\u00a0\u00bb4.4.8&Prime; custom_padding=\u00a0\u00bb0px||||false|false\u00a0\u00bb][et_pb_column type=\u00a0\u00bb4_4&Prime; _builder_version=\u00a0\u00bb4.4.8&Prime;][et_pb_text _builder_version=\u00a0\u00bb4.7.7&Prime; header_font=\u00a0\u00bbOpen Sans||||||||\u00a0\u00bb header_font_size=\u00a0\u00bb36px\u00a0\u00bb] Abonnement licence flottante [\/et_pb_text][\/et_pb_column][\/et_pb_row][\/et_pb_section][et_pb_section fb_built=\u00a0\u00bb1&Prime; _builder_version=\u00a0\u00bb4.4.8&Prime; background_color=\u00a0\u00bb#f2f2f2&Prime; custom_padding=\u00a0\u00bb0px||0px||false|false\u00a0\u00bb][et_pb_row _builder_version=\u00a0\u00bb4.4.8&Prime; width=\u00a0\u00bb75%\u00a0\u00bb width_tablet=\u00a0\u00bb80%\u00a0\u00bb width_phone=\u00a0\u00bb\u00a0\u00bb width_last_edited=\u00a0\u00bbon|desktop\u00a0\u00bb][et_pb_column type=\u00a0\u00bb4_4&Prime; _builder_version=\u00a0\u00bb4.4.8&Prime;][et_pb_text _builder_version=\u00a0\u00bb4.7.7&Prime;] Une licence \u00e0 abonnement incluant les mises \u00e0 jour et le support client. Cette licence peut \u00eatre utilis\u00e9 sur un nombre illimit\u00e9 de PC \u00e0 condition que [&hellip;]<\/p>\n","protected":false},"author":2,"featured_media":0,"parent":5426,"menu_order":0,"comment_status":"closed","ping_status":"closed","template":"","meta":{"_et_pb_use_builder":"on","_et_pb_old_content":"","_et_gb_content_width":""},"_links":{"self":[{"href":"https:\/\/www.deskcamera.com\/fr\/wp-json\/wp\/v2\/pages\/5701"}],"collection":[{"href":"https:\/\/www.deskcamera.com\/fr\/wp-json\/wp\/v2\/pages"}],"about":[{"href":"https:\/\/www.deskcamera.com\/fr\/wp-json\/wp\/v2\/types\/page"}],"author":[{"embeddable":true,"href":"https:\/\/www.deskcamera.com\/fr\/wp-json\/wp\/v2\/users\/2"}],"replies":[{"embeddable":true,"href":"https:\/\/www.deskcamera.com\/fr\/wp-json\/wp\/v2\/comments?post=5701"}],"version-history":[{"count":0,"href":"https:\/\/www.deskcamera.com\/fr\/wp-json\/wp\/v2\/pages\/5701\/revisions"}],"up":[{"embeddable":true,"href":"https:\/\/www.deskcamera.com\/fr\/wp-json\/wp\/v2\/pages\/5426"}],"wp:attachment":[{"href":"https:\/\/www.deskcamera.com\/fr\/wp-json\/wp\/v2\/media?parent=5701"}],"curies":[{"name":"wp","href":"https:\/\/api.w.org\/{rel}","templated":true}]}}